{"id":449857,"date":"2025-02-26T17:27:54","date_gmt":"2025-02-26T16:27:54","guid":{"rendered":"https:\/\/www.pricetornado.com\/da\/produkt\/nedis-usb-extender-usb-2-0-1x-usb-a-han-1x-rj45-female-1x-usb-a-hun-1x-rj45-female-op-til-50-0-m-480-mbps-nikkelplateret-runde-pvc-sort-box-ccgb61extbk500\/"},"modified":"2026-05-01T02:40:18","modified_gmt":"2026-05-01T00:40:18","slug":"nedis-usb-extender-usb-2-0-1x-usb-a-han-1x-rj45-female-1x-usb-a-hun-1x-rj45-female-op-til-50-0-m-480-mbps-nikkelplateret-runde-pvc-sort-box-ccgb61extbk500","status":"publish","type":"product","link":"https:\/\/www.pricetornado.com\/da\/produkt\/nedis-usb-extender-usb-2-0-1x-usb-a-han-1x-rj45-female-1x-usb-a-hun-1x-rj45-female-op-til-50-0-m-480-mbps-nikkelplateret-runde-pvc-sort-box-ccgb61extbk500\/","title":{"rendered":"Nedis &#8211; USB Extender | USB 2.0 | 1x USB-A-han | 1x RJ45 Female | 1x USB-A hun | 1x RJ45 Female | Op til 50.0 m | 480 Mbps | Nikkelplateret | Runde | PVC | Sort | Box &#8211; CCGB61EXTBK500"},"content":{"rendered":"<p>K\u00f8b billig Nedis &#8211; USB Extender | USB 2.0 | 1x USB-A-han | 1x RJ45 Female | 1x USB-A hun | 1x RJ45 Female | Op til 50.0 m | 480 Mbps | Nikkelplateret | Runde | PVC | Sort | Box &#8211; CCGB61EXTBK500!<br \/>\nDenne Nedis USB-forl\u00e6ngeradapter giver dig mulighed for at slutte din USB-enhed til din computer i en afstand p\u00e5 op til 50 m ved hj\u00e6lp af et Cat5e- eller Cat 6-patchkabel. Denne adapter giver dig mulighed for at have dine USB-printere, webkameraer, scannere eller enhver anden USB-enhed n\u00f8jagtigt, hvor du vil have den uden at du beh\u00f8ver flytte din computer.<\/p>\n<p>Sammenlign priser p\u00e5 Nedis &#8211; USB Extender | USB 2.0 | 1x USB-A-han | 1x RJ45 Female | 1x USB-A hun | 1x RJ45 Female | Op til 50.0 m | 480 Mbps | Nikkelplateret | Runde | PVC | Sort | Box &#8211; CCGB61EXTBK500 og k\u00f8b online til den billigste pris, samt p\u00e5 tilbud!\u00a0\u00a0Tjek den bedste pris, produkt beskrivelse, video, test, anmeldelser osv.<\/p>\n<p><strong>Brand: <\/strong>Nedis<br \/>\n<strong>EAN: <\/strong>5412810443277<br \/>\n<strong>Producentens varenr.:<\/strong> 5412810443277<\/p>\n<p><strong>P.S.<\/strong><br \/>\nTilmeld dig til &#8220;Opret Gratis Prisfald Alarm&#8221;, og bliv underrettet med det samme om prisfald p\u00e5 Nedis &#8211; USB Extender | USB 2.0 | 1x USB-A-han | 1x RJ45 Female | 1x USB-A hun | 1x RJ45 Female | Op til 50.0 m | 480 Mbps | Nikkelplateret | Runde | PVC | Sort | Box &#8211; CCGB61EXTBK500, og f\u00e5 den billigste pris!<\/p>\n<p>&nbsp;<\/p>\n<p>&nbsp;<\/p>\n","protected":false},"excerpt":{"rendered":"<p>K\u00f8b billig Nedis &#8211; USB Extender | USB 2.0 | 1x USB-A-han | 1x RJ45 Female | 1x USB-A hun | 1x RJ45 Female | Op til 50.0 m | 480 Mbps | Nikkelplateret | Runde | PVC | Sort | Box &#8211; CCGB61EXTBK500! Denne Nedis USB-forl\u00e6ngeradapter giver dig mulighed for at slutte din USB-enhed [&hellip;]<\/p>\n","protected":false},"featured_media":999980000004498570,"template":"","meta":[],"store":[1272516],"product_brand":[1272517],"product_cat":[1275232],"product_tag":[1275233,1275178],"class_list":{"0":"post-449857","1":"product","2":"type-product","3":"status-publish","4":"has-post-thumbnail","6":"store-butik24","7":"product_brand-nedis","8":"product_cat-computer-og-netvaerk","9":"product_tag-computer-og-netvaerk","10":"product_tag-nedis","11":"pa_maerke-nedis","13":"first","14":"instock","15":"product-type-external"},"_links":{"self":[{"href":"https:\/\/www.pricetornado.com\/da\/wp-json\/wp\/v2\/product\/449857","targetHints":{"allow":["GET"]}}],"collection":[{"href":"https:\/\/www.pricetornado.com\/da\/wp-json\/wp\/v2\/product"}],"about":[{"href":"https:\/\/www.pricetornado.com\/da\/wp-json\/wp\/v2\/types\/product"}],"wp:featuredmedia":[{"embeddable":true,"href":"https:\/\/www.pricetornado.com\/da\/wp-json\/"}],"wp:attachment":[{"href":"https:\/\/www.pricetornado.com\/da\/wp-json\/wp\/v2\/media?parent=449857"}],"wp:term":[{"taxonomy":"store","embeddable":true,"href":"https:\/\/www.pricetornado.com\/da\/wp-json\/wp\/v2\/store?post=449857"},{"taxonomy":"product_brand","embeddable":true,"href":"https:\/\/www.pricetornado.com\/da\/wp-json\/wp\/v2\/product_brand?post=449857"},{"taxonomy":"product_cat","embeddable":true,"href":"https:\/\/www.pricetornado.com\/da\/wp-json\/wp\/v2\/product_cat?post=449857"},{"taxonomy":"product_tag","embeddable":true,"href":"https:\/\/www.pricetornado.com\/da\/wp-json\/wp\/v2\/product_tag?post=449857"}],"curies":[{"name":"wp","href":"https:\/\/api.w.org\/{rel}","templated":true}]}}