{"id":449834,"date":"2025-02-23T08:12:14","date_gmt":"2025-02-23T07:12:14","guid":{"rendered":"https:\/\/www.pricetornado.com\/da\/produkt\/nedis-displayport-adapter-displayport-han-hdmi-stik-8k30hz-nikkelplateret-lige-1-80-m-runde-tpe-pvc-sort-konvolut-ccgp37108bk18\/"},"modified":"2026-04-29T02:10:35","modified_gmt":"2026-04-29T00:10:35","slug":"nedis-displayport-adapter-displayport-han-hdmi-stik-8k30hz-nikkelplateret-lige-1-80-m-runde-tpe-pvc-sort-konvolut-ccgp37108bk18","status":"publish","type":"product","link":"https:\/\/www.pricetornado.com\/da\/produkt\/nedis-displayport-adapter-displayport-han-hdmi-stik-8k30hz-nikkelplateret-lige-1-80-m-runde-tpe-pvc-sort-konvolut-ccgp37108bk18\/","title":{"rendered":"Nedis &#8211; DisplayPort adapter | DisplayPort Han | HDMI\u2122 Stik | 8K@30Hz | Nikkelplateret | Lige | 1.80 m | Runde | TPE | PVC | Sort | Konvolut &#8211; CCGP37108BK18"},"content":{"rendered":"<p>K\u00f8b billig Nedis &#8211; DisplayPort adapter | DisplayPort Han | HDMI\u2122 Stik | 8K@30Hz | Nikkelplateret | Lige | 1.80 m | Runde | TPE | PVC | Sort | Konvolut &#8211; CCGP37108BK18!<br \/>\nDisplayPort til HDMI\u2122-adapterkablet fra Nedis er den perfekte l\u00f8sning til at tilslutte enhver HDMI\u2122-4K120Hz-sk\u00e6rm til en b\u00e6rbar pc, en station\u00e6r pc eller et videokort med DisplayPort\u2122 1.4-indgang eller enhver anden enhed, der ikke har den nye HDMI\u2122-4K120Hz-specifikation.Takket v\u00e6re DisplayPort 1.4-videokomprimeringsteknologi kan dette adapterkabel omforme DP1.4-videosignaler til HDMI\u2122-signaler, hvilket underst\u00f8tter sk\u00e6rmopl\u00f8sninger p\u00e5 op til 8K (7680 x 4320) ved 30 Hz med HDR.<\/p>\n<p>Sammenlign priser p\u00e5 Nedis &#8211; DisplayPort adapter | DisplayPort Han | HDMI\u2122 Stik | 8K@30Hz | Nikkelplateret | Lige | 1.80 m | Runde | TPE | PVC | Sort | Konvolut &#8211; CCGP37108BK18 og k\u00f8b online til den billigste pris, samt p\u00e5 tilbud!\u00a0\u00a0Tjek den bedste pris, produkt beskrivelse, video, test, anmeldelser osv.<\/p>\n<p><strong>Brand: <\/strong>Nedis<br \/>\n<strong>EAN: <\/strong>5412810400829<br \/>\n<strong>Producentens varenr.:<\/strong> 5412810400829<\/p>\n<p><strong>P.S.<\/strong><br \/>\nTilmeld dig til &#8220;Opret Gratis Prisfald Alarm&#8221;, og bliv underrettet med det samme om prisfald p\u00e5 Nedis &#8211; DisplayPort adapter | DisplayPort Han | HDMI\u2122 Stik | 8K@30Hz | Nikkelplateret | Lige | 1.80 m | Runde | TPE | PVC | Sort | Konvolut &#8211; CCGP37108BK18, og f\u00e5 den billigste pris!<\/p>\n<p>&nbsp;<\/p>\n<p>&nbsp;<\/p>\n","protected":false},"excerpt":{"rendered":"<p>K\u00f8b billig Nedis &#8211; DisplayPort adapter | DisplayPort Han | HDMI\u2122 Stik | 8K@30Hz | Nikkelplateret | Lige | 1.80 m | Runde | TPE | PVC | Sort | Konvolut &#8211; CCGP37108BK18! DisplayPort til HDMI\u2122-adapterkablet fra Nedis er den perfekte l\u00f8sning til at tilslutte enhver HDMI\u2122-4K120Hz-sk\u00e6rm til en b\u00e6rbar pc, en station\u00e6r pc eller [&hellip;]<\/p>\n","protected":false},"featured_media":0,"template":"","meta":[],"store":[1272516],"product_brand":[1272517],"product_cat":[1275232],"product_tag":[1275233,1275178],"class_list":{"0":"post-449834","1":"product","2":"type-product","3":"status-publish","5":"store-butik24","6":"product_brand-nedis","7":"product_cat-computer-og-netvaerk","8":"product_tag-computer-og-netvaerk","9":"product_tag-nedis","10":"pa_maerke-nedis","12":"first","13":"instock","14":"product-type-external"},"_links":{"self":[{"href":"https:\/\/www.pricetornado.com\/da\/wp-json\/wp\/v2\/product\/449834","targetHints":{"allow":["GET"]}}],"collection":[{"href":"https:\/\/www.pricetornado.com\/da\/wp-json\/wp\/v2\/product"}],"about":[{"href":"https:\/\/www.pricetornado.com\/da\/wp-json\/wp\/v2\/types\/product"}],"wp:attachment":[{"href":"https:\/\/www.pricetornado.com\/da\/wp-json\/wp\/v2\/media?parent=449834"}],"wp:term":[{"taxonomy":"store","embeddable":true,"href":"https:\/\/www.pricetornado.com\/da\/wp-json\/wp\/v2\/store?post=449834"},{"taxonomy":"product_brand","embeddable":true,"href":"https:\/\/www.pricetornado.com\/da\/wp-json\/wp\/v2\/product_brand?post=449834"},{"taxonomy":"product_cat","embeddable":true,"href":"https:\/\/www.pricetornado.com\/da\/wp-json\/wp\/v2\/product_cat?post=449834"},{"taxonomy":"product_tag","embeddable":true,"href":"https:\/\/www.pricetornado.com\/da\/wp-json\/wp\/v2\/product_tag?post=449834"}],"curies":[{"name":"wp","href":"https:\/\/api.w.org\/{rel}","templated":true}]}}