{"id":449830,"date":"2025-02-20T19:10:29","date_gmt":"2025-02-20T18:10:29","guid":{"rendered":"https:\/\/www.pricetornado.com\/da\/produkt\/nedis-cat6a-netvaerkskabel-rulle-solid-sf-utp-kobber-100-m-indendoers-runde-lszh-graa-traekboks-ccbg8538gy100s\/"},"modified":"2026-04-29T02:10:19","modified_gmt":"2026-04-29T00:10:19","slug":"nedis-cat6a-netvaerkskabel-rulle-solid-sf-utp-kobber-100-m-indendoers-runde-lszh-graa-traekboks-ccbg8538gy100s","status":"publish","type":"product","link":"https:\/\/www.pricetornado.com\/da\/produkt\/nedis-cat6a-netvaerkskabel-rulle-solid-sf-utp-kobber-100-m-indendoers-runde-lszh-graa-traekboks-ccbg8538gy100s\/","title":{"rendered":"Nedis &#8211; CAT6a netv\u00e6rkskabel rulle | Solid | SF\/UTP | Kobber | 100 m | Indend\u00f8rs | Runde | LSZH | Gr\u00e5 | Tr\u00e6kboks &#8211; CCBG8538GY100S"},"content":{"rendered":"<p>K\u00f8b billig Nedis &#8211; CAT6a netv\u00e6rkskabel rulle | Solid | SF\/UTP | Kobber | 100 m | Indend\u00f8rs | Runde | LSZH | Gr\u00e5 | Tr\u00e6kboks &#8211; CCBG8538GY100S!<br \/>\nDette CAT6a-kabel har sk\u00e6rmede parsnoninger, der g\u00f8r det mindre udsat for eksterne elektriske p\u00e5virkninger. Perfekt egnet til 10 Gbps-netv\u00e6rksmilj\u00f8er. De massive kerner g\u00f8r det perfekt til ikke-kablede netv\u00e6rk.<\/p>\n<p>Sammenlign priser p\u00e5 Nedis &#8211; CAT6a netv\u00e6rkskabel rulle | Solid | SF\/UTP | Kobber | 100 m | Indend\u00f8rs | Runde | LSZH | Gr\u00e5 | Tr\u00e6kboks &#8211; CCBG8538GY100S og k\u00f8b online til den billigste pris, samt p\u00e5 tilbud!\u00a0\u00a0Tjek den bedste pris, produkt beskrivelse, video, test, anmeldelser osv.<\/p>\n<p><strong>Brand: <\/strong>Nedis<br \/>\n<strong>EAN: <\/strong>5412810399697<br \/>\n<strong>Producentens varenr.:<\/strong> 5412810399697<\/p>\n<p><strong>P.S.<\/strong><br \/>\nTilmeld dig til &#8220;Opret Gratis Prisfald Alarm&#8221;, og bliv underrettet med det samme om prisfald p\u00e5 Nedis &#8211; CAT6a netv\u00e6rkskabel rulle | Solid | SF\/UTP | Kobber | 100 m | Indend\u00f8rs | Runde | LSZH | Gr\u00e5 | Tr\u00e6kboks &#8211; CCBG8538GY100S, og f\u00e5 den billigste pris!<\/p>\n<p>&nbsp;<\/p>\n<p>&nbsp;<\/p>\n","protected":false},"excerpt":{"rendered":"<p>K\u00f8b billig Nedis &#8211; CAT6a netv\u00e6rkskabel rulle | Solid | SF\/UTP | Kobber | 100 m | Indend\u00f8rs | Runde | LSZH | Gr\u00e5 | Tr\u00e6kboks &#8211; CCBG8538GY100S! Dette CAT6a-kabel har sk\u00e6rmede parsnoninger, der g\u00f8r det mindre udsat for eksterne elektriske p\u00e5virkninger. Perfekt egnet til 10 Gbps-netv\u00e6rksmilj\u00f8er. De massive kerner g\u00f8r det perfekt til ikke-kablede [&hellip;]<\/p>\n","protected":false},"featured_media":999980000004498300,"template":"","meta":[],"store":[1272516],"product_brand":[1272517],"product_cat":[1275232],"product_tag":[1275233,1275178],"class_list":{"0":"post-449830","1":"product","2":"type-product","3":"status-publish","4":"has-post-thumbnail","6":"store-butik24","7":"product_brand-nedis","8":"product_cat-computer-og-netvaerk","9":"product_tag-computer-og-netvaerk","10":"product_tag-nedis","11":"pa_maerke-nedis","13":"first","14":"instock","15":"product-type-external"},"_links":{"self":[{"href":"https:\/\/www.pricetornado.com\/da\/wp-json\/wp\/v2\/product\/449830","targetHints":{"allow":["GET"]}}],"collection":[{"href":"https:\/\/www.pricetornado.com\/da\/wp-json\/wp\/v2\/product"}],"about":[{"href":"https:\/\/www.pricetornado.com\/da\/wp-json\/wp\/v2\/types\/product"}],"wp:featuredmedia":[{"embeddable":true,"href":"https:\/\/www.pricetornado.com\/da\/wp-json\/"}],"wp:attachment":[{"href":"https:\/\/www.pricetornado.com\/da\/wp-json\/wp\/v2\/media?parent=449830"}],"wp:term":[{"taxonomy":"store","embeddable":true,"href":"https:\/\/www.pricetornado.com\/da\/wp-json\/wp\/v2\/store?post=449830"},{"taxonomy":"product_brand","embeddable":true,"href":"https:\/\/www.pricetornado.com\/da\/wp-json\/wp\/v2\/product_brand?post=449830"},{"taxonomy":"product_cat","embeddable":true,"href":"https:\/\/www.pricetornado.com\/da\/wp-json\/wp\/v2\/product_cat?post=449830"},{"taxonomy":"product_tag","embeddable":true,"href":"https:\/\/www.pricetornado.com\/da\/wp-json\/wp\/v2\/product_tag?post=449830"}],"curies":[{"name":"wp","href":"https:\/\/api.w.org\/{rel}","templated":true}]}}