{"id":449827,"date":"2025-02-22T23:42:53","date_gmt":"2025-02-22T22:42:53","guid":{"rendered":"https:\/\/www.pricetornado.com\/da\/produkt\/nedis-hdmi-extender-over-cat6-op-til-60-0-m-4k60hz-18-gbps-metal-antracit-vrep3480at\/"},"modified":"2026-04-29T02:09:16","modified_gmt":"2026-04-29T00:09:16","slug":"nedis-hdmi-extender-over-cat6-op-til-60-0-m-4k60hz-18-gbps-metal-antracit-vrep3480at","status":"publish","type":"product","link":"https:\/\/www.pricetornado.com\/da\/produkt\/nedis-hdmi-extender-over-cat6-op-til-60-0-m-4k60hz-18-gbps-metal-antracit-vrep3480at\/","title":{"rendered":"Nedis &#8211; HDMI \u2122 Extender | Over Cat6 | Op til 60.0 m | 4K@60Hz | 18 Gbps | Metal | Antracit &#8211; VREP3480AT"},"content":{"rendered":"<p>K\u00f8b billig Nedis &#8211; HDMI \u2122 Extender | Over Cat6 | Op til 60.0 m | 4K@60Hz | 18 Gbps | Metal | Antracit &#8211; VREP3480AT!<br \/>\nDenne Nedis HDMI via Ethernet-extender er designet til at distribuere HD-signaler med en opl\u00f8sning p\u00e5 4K over lange afstande p\u00e5 op til 60 meter. Det g\u00f8r den til en omkostningseffektiv l\u00f8sning til digitale skilte, pr\u00e6sentationer og demonstrationsopgaver. HDMI via IP-extenderen er ideel til distribution af videoindhold i store bygninger som f.eks. skoler, hoteller, hospitaler, butikker, indk\u00f8bscentre og forretningslokaler.B\u00e5de senderen og modtageren har to par infrar\u00f8de forbindelser, som g\u00f8r det muligt for fjernbetjeningen at styre i to retninger mellem senderen og modtageren.Senderen har en lokal sl\u00f8jfeudgang. Det betyder, at du kan overv\u00e5ge enhedens afspilningsstatus lokalt via en ekstra sk\u00e6rm. Modtageren har en sl\u00f8jfeudgang med RJ45. Via denne kan der tilsluttes op til otte modtagere i forl\u00e6ngelse af hinanden for at levere distribution over st\u00f8rre afstand.<\/p>\n<p>Sammenlign priser p\u00e5 Nedis &#8211; HDMI \u2122 Extender | Over Cat6 | Op til 60.0 m | 4K@60Hz | 18 Gbps | Metal | Antracit &#8211; VREP3480AT og k\u00f8b online til den billigste pris, samt p\u00e5 tilbud!\u00a0\u00a0Tjek den bedste pris, produkt beskrivelse, video, test, anmeldelser osv.<\/p>\n<p><strong>Brand: <\/strong>Nedis<br \/>\n<strong>EAN: <\/strong>5412810397822<br \/>\n<strong>Producentens varenr.:<\/strong> 5412810397822<\/p>\n<p><strong>P.S.<\/strong><br \/>\nTilmeld dig til &#8220;Opret Gratis Prisfald Alarm&#8221;, og bliv underrettet med det samme om prisfald p\u00e5 Nedis &#8211; HDMI \u2122 Extender | Over Cat6 | Op til 60.0 m | 4K@60Hz | 18 Gbps | Metal | Antracit &#8211; VREP3480AT, og f\u00e5 den billigste pris!<\/p>\n<p>&nbsp;<\/p>\n<p>&nbsp;<\/p>\n","protected":false},"excerpt":{"rendered":"<p>K\u00f8b billig Nedis &#8211; HDMI \u2122 Extender | Over Cat6 | Op til 60.0 m | 4K@60Hz | 18 Gbps | Metal | Antracit &#8211; VREP3480AT! Denne Nedis HDMI via Ethernet-extender er designet til at distribuere HD-signaler med en opl\u00f8sning p\u00e5 4K over lange afstande p\u00e5 op til 60 meter. Det g\u00f8r den til en [&hellip;]<\/p>\n","protected":false},"featured_media":0,"template":"","meta":[],"store":[1272516],"product_brand":[1272517],"product_cat":[1275230],"product_tag":[1275178,1275231],"class_list":{"0":"post-449827","1":"product","2":"type-product","3":"status-publish","5":"store-butik24","6":"product_brand-nedis","7":"product_cat-video","8":"product_tag-nedis","9":"product_tag-video","10":"pa_maerke-nedis","12":"first","13":"instock","14":"product-type-external"},"_links":{"self":[{"href":"https:\/\/www.pricetornado.com\/da\/wp-json\/wp\/v2\/product\/449827","targetHints":{"allow":["GET"]}}],"collection":[{"href":"https:\/\/www.pricetornado.com\/da\/wp-json\/wp\/v2\/product"}],"about":[{"href":"https:\/\/www.pricetornado.com\/da\/wp-json\/wp\/v2\/types\/product"}],"wp:attachment":[{"href":"https:\/\/www.pricetornado.com\/da\/wp-json\/wp\/v2\/media?parent=449827"}],"wp:term":[{"taxonomy":"store","embeddable":true,"href":"https:\/\/www.pricetornado.com\/da\/wp-json\/wp\/v2\/store?post=449827"},{"taxonomy":"product_brand","embeddable":true,"href":"https:\/\/www.pricetornado.com\/da\/wp-json\/wp\/v2\/product_brand?post=449827"},{"taxonomy":"product_cat","embeddable":true,"href":"https:\/\/www.pricetornado.com\/da\/wp-json\/wp\/v2\/product_cat?post=449827"},{"taxonomy":"product_tag","embeddable":true,"href":"https:\/\/www.pricetornado.com\/da\/wp-json\/wp\/v2\/product_tag?post=449827"}],"curies":[{"name":"wp","href":"https:\/\/api.w.org\/{rel}","templated":true}]}}