{"id":449800,"date":"2025-02-26T18:44:56","date_gmt":"2025-02-26T17:44:56","guid":{"rendered":"https:\/\/www.pricetornado.com\/da\/produkt\/nedis-cat6a-netvaerkskabel-s-ftp-rj45-han-rj45-han-5-00-m-snagless-runde-flettet-pvc-soelv-cover-window-box-cctb85321al50\/"},"modified":"2026-04-29T02:07:30","modified_gmt":"2026-04-29T00:07:30","slug":"nedis-cat6a-netvaerkskabel-s-ftp-rj45-han-rj45-han-5-00-m-snagless-runde-flettet-pvc-soelv-cover-window-box-cctb85321al50","status":"publish","type":"product","link":"https:\/\/www.pricetornado.com\/da\/produkt\/nedis-cat6a-netvaerkskabel-s-ftp-rj45-han-rj45-han-5-00-m-snagless-runde-flettet-pvc-soelv-cover-window-box-cctb85321al50\/","title":{"rendered":"Nedis &#8211; CAT6a netv\u00e6rkskabel | S\/FTP | RJ45 Han | RJ45 Han | 5.00 m | Snagless | Runde | Flettet \/ PVC | S\u00f8lv | Cover Window Box &#8211; CCTB85321AL50"},"content":{"rendered":"<p>K\u00f8b billig Nedis &#8211; CAT6a netv\u00e6rkskabel | S\/FTP | RJ45 Han | RJ45 Han | 5.00 m | Snagless | Runde | Flettet \/ PVC | S\u00f8lv | Cover Window Box &#8211; CCTB85321AL50!<br \/>\nDette Profigold CAT6a S\/FTP patchkabel er et kabel af h\u00f8j kvalitet, der tilbyder h\u00f8j hastighed til hyppig browsing\/streaming\/spil og i situationer med flere samtidige internetbrugere, b\u00e5de hjemme og p\u00e5 kontoret. Den transmitterer signaler i topkvalitet og med h\u00f8j hastighed og underst\u00f8tter dataoverf\u00f8rselshastigheder p\u00e5 op til 10 Gbps ved en maksimal b\u00e5ndbredde p\u00e5 500 MHz. Kablet er udstyret med et stik, der ikke kan h\u00e6nges fast, og de fuldt snoede kobberkerner er forbundet &apos;lige&apos;. Kappen er halogenfri (LSZH). Det flettede nylonkabel beskytter mod b\u00e5de ultraviolette lyseffekter og vridnings- eller tr\u00e6ksp\u00e6ndinger, hvilket resulterer i en levetid og maksimal holdbarhed.<\/p>\n<p>Sammenlign priser p\u00e5 Nedis &#8211; CAT6a netv\u00e6rkskabel | S\/FTP | RJ45 Han | RJ45 Han | 5.00 m | Snagless | Runde | Flettet \/ PVC | S\u00f8lv | Cover Window Box &#8211; CCTB85321AL50 og k\u00f8b online til den billigste pris, samt p\u00e5 tilbud!\u00a0\u00a0Tjek den bedste pris, produkt beskrivelse, video, test, anmeldelser osv.<\/p>\n<p><strong>Brand: <\/strong>Nedis<br \/>\n<strong>EAN: <\/strong>5412810333486<br \/>\n<strong>Producentens varenr.:<\/strong> 5412810333486<\/p>\n<p><strong>P.S.<\/strong><br \/>\nTilmeld dig til &#8220;Opret Gratis Prisfald Alarm&#8221;, og bliv underrettet med det samme om prisfald p\u00e5 Nedis &#8211; CAT6a netv\u00e6rkskabel | S\/FTP | RJ45 Han | RJ45 Han | 5.00 m | Snagless | Runde | Flettet \/ PVC | S\u00f8lv | Cover Window Box &#8211; CCTB85321AL50, og f\u00e5 den billigste pris!<\/p>\n<p>&nbsp;<\/p>\n<p>&nbsp;<\/p>\n","protected":false},"excerpt":{"rendered":"<p>K\u00f8b billig Nedis &#8211; CAT6a netv\u00e6rkskabel | S\/FTP | RJ45 Han | RJ45 Han | 5.00 m | Snagless | Runde | Flettet \/ PVC | S\u00f8lv | Cover Window Box &#8211; CCTB85321AL50! Dette Profigold CAT6a S\/FTP patchkabel er et kabel af h\u00f8j kvalitet, der tilbyder h\u00f8j hastighed til hyppig browsing\/streaming\/spil og i situationer med [&hellip;]<\/p>\n","protected":false},"featured_media":999980000004498000,"template":"","meta":[],"store":[1272516],"product_brand":[1272517],"product_cat":[1275232],"product_tag":[1275233,1275178],"class_list":{"0":"post-449800","1":"product","2":"type-product","3":"status-publish","4":"has-post-thumbnail","6":"store-butik24","7":"product_brand-nedis","8":"product_cat-computer-og-netvaerk","9":"product_tag-computer-og-netvaerk","10":"product_tag-nedis","11":"pa_maerke-nedis","13":"first","14":"instock","15":"product-type-external"},"_links":{"self":[{"href":"https:\/\/www.pricetornado.com\/da\/wp-json\/wp\/v2\/product\/449800","targetHints":{"allow":["GET"]}}],"collection":[{"href":"https:\/\/www.pricetornado.com\/da\/wp-json\/wp\/v2\/product"}],"about":[{"href":"https:\/\/www.pricetornado.com\/da\/wp-json\/wp\/v2\/types\/product"}],"wp:featuredmedia":[{"embeddable":true,"href":"https:\/\/www.pricetornado.com\/da\/wp-json\/"}],"wp:attachment":[{"href":"https:\/\/www.pricetornado.com\/da\/wp-json\/wp\/v2\/media?parent=449800"}],"wp:term":[{"taxonomy":"store","embeddable":true,"href":"https:\/\/www.pricetornado.com\/da\/wp-json\/wp\/v2\/store?post=449800"},{"taxonomy":"product_brand","embeddable":true,"href":"https:\/\/www.pricetornado.com\/da\/wp-json\/wp\/v2\/product_brand?post=449800"},{"taxonomy":"product_cat","embeddable":true,"href":"https:\/\/www.pricetornado.com\/da\/wp-json\/wp\/v2\/product_cat?post=449800"},{"taxonomy":"product_tag","embeddable":true,"href":"https:\/\/www.pricetornado.com\/da\/wp-json\/wp\/v2\/product_tag?post=449800"}],"curies":[{"name":"wp","href":"https:\/\/api.w.org\/{rel}","templated":true}]}}