{"id":449798,"date":"2025-02-24T12:58:23","date_gmt":"2025-02-24T11:58:23","guid":{"rendered":"https:\/\/www.pricetornado.com\/da\/produkt\/nedis-hdmi-kabel-hdmi-stik-dvi-d-24-1-pin-han-2560x1600-guldplateret-2-00-m-lige-flettet-soelv-cover-window-box-cctb34800al20\/"},"modified":"2026-04-29T02:07:22","modified_gmt":"2026-04-29T00:07:22","slug":"nedis-hdmi-kabel-hdmi-stik-dvi-d-24-1-pin-han-2560x1600-guldplateret-2-00-m-lige-flettet-soelv-cover-window-box-cctb34800al20","status":"publish","type":"product","link":"https:\/\/www.pricetornado.com\/da\/produkt\/nedis-hdmi-kabel-hdmi-stik-dvi-d-24-1-pin-han-2560x1600-guldplateret-2-00-m-lige-flettet-soelv-cover-window-box-cctb34800al20\/","title":{"rendered":"Nedis &#8211; HDMI\u2122 kabel | HDMI\u2122 Stik | DVI-D 24 + 1-pin han | 2560&#215;1600 | Guldplateret | 2.00 m | Lige | Flettet | S\u00f8lv | Cover Window Box &#8211; CCTB34800AL20"},"content":{"rendered":"<p>K\u00f8b billig Nedis &#8211; HDMI\u2122 kabel | HDMI\u2122 Stik | DVI-D 24 + 1-pin han | 2560&#215;1600 | Guldplateret | 2.00 m | Lige | Flettet | S\u00f8lv | Cover Window Box &#8211; CCTB34800AL20!<br \/>\nDette Profigold DVI-D til HDMI-adapterkabel\u2122 er et kabel af h\u00f8j kvalitet til tilslutning af sk\u00e6rme til underholdningsmedier s\u00e5som spil-pc, spilkonsol eller Blu-Ray-afspiller. DVI-stikket er DVI-D Dual Link (24+1-ben) tilsluttet.DVI-D til HDMI-adapterkablet\u2122 med h\u00f8j hastighed underst\u00f8tter en maksimal opl\u00f8sning p\u00e5 2560&#215;1600@60Hz og en b\u00e5ndbredde p\u00e5 op til 7,4 Gbps. Stikkene med 24k forgyldte kontakter har et f\u00f8rsteklasses design aluminiumslegeringsforbindelseshus, der giver en holdbar produktfinish. Det flettede nylonkabel beskytter mod ultraviolette lyseffekter, vridning og tr\u00e6ksp\u00e6nding, hvilket resulterer i en levetid og maksimal holdbarhed.Bem\u00e6rk, at et DVI-kabel ikke underst\u00f8tter lyd, og at der kr\u00e6ves et separat lydkabel for at overf\u00f8re lydsignalet.<\/p>\n<p>Sammenlign priser p\u00e5 Nedis &#8211; HDMI\u2122 kabel | HDMI\u2122 Stik | DVI-D 24 + 1-pin han | 2560&#215;1600 | Guldplateret | 2.00 m | Lige | Flettet | S\u00f8lv | Cover Window Box &#8211; CCTB34800AL20 og k\u00f8b online til den billigste pris, samt p\u00e5 tilbud!\u00a0\u00a0Tjek den bedste pris, produkt beskrivelse, video, test, anmeldelser osv.<\/p>\n<p><strong>Brand: <\/strong>Nedis<br \/>\n<strong>EAN: <\/strong>5412810333264<br \/>\n<strong>Producentens varenr.:<\/strong> 5412810333264<\/p>\n<p><strong>P.S.<\/strong><br \/>\nTilmeld dig til &#8220;Opret Gratis Prisfald Alarm&#8221;, og bliv underrettet med det samme om prisfald p\u00e5 Nedis &#8211; HDMI\u2122 kabel | HDMI\u2122 Stik | DVI-D 24 + 1-pin han | 2560&#215;1600 | Guldplateret | 2.00 m | Lige | Flettet | S\u00f8lv | Cover Window Box &#8211; CCTB34800AL20, og f\u00e5 den billigste pris!<\/p>\n<p>&nbsp;<\/p>\n<p>&nbsp;<\/p>\n","protected":false},"excerpt":{"rendered":"<p>K\u00f8b billig Nedis &#8211; HDMI\u2122 kabel | HDMI\u2122 Stik | DVI-D 24 + 1-pin han | 2560&#215;1600 | Guldplateret | 2.00 m | Lige | Flettet | S\u00f8lv | Cover Window Box &#8211; CCTB34800AL20! Dette Profigold DVI-D til HDMI-adapterkabel\u2122 er et kabel af h\u00f8j kvalitet til tilslutning af sk\u00e6rme til underholdningsmedier s\u00e5som spil-pc, spilkonsol eller [&hellip;]<\/p>\n","protected":false},"featured_media":0,"template":"","meta":[],"store":[1272516],"product_brand":[1272517],"product_cat":[1275230],"product_tag":[1275178,1275231],"class_list":{"0":"post-449798","1":"product","2":"type-product","3":"status-publish","5":"store-butik24","6":"product_brand-nedis","7":"product_cat-video","8":"product_tag-nedis","9":"product_tag-video","10":"pa_maerke-nedis","12":"first","13":"instock","14":"product-type-external"},"_links":{"self":[{"href":"https:\/\/www.pricetornado.com\/da\/wp-json\/wp\/v2\/product\/449798","targetHints":{"allow":["GET"]}}],"collection":[{"href":"https:\/\/www.pricetornado.com\/da\/wp-json\/wp\/v2\/product"}],"about":[{"href":"https:\/\/www.pricetornado.com\/da\/wp-json\/wp\/v2\/types\/product"}],"wp:attachment":[{"href":"https:\/\/www.pricetornado.com\/da\/wp-json\/wp\/v2\/media?parent=449798"}],"wp:term":[{"taxonomy":"store","embeddable":true,"href":"https:\/\/www.pricetornado.com\/da\/wp-json\/wp\/v2\/store?post=449798"},{"taxonomy":"product_brand","embeddable":true,"href":"https:\/\/www.pricetornado.com\/da\/wp-json\/wp\/v2\/product_brand?post=449798"},{"taxonomy":"product_cat","embeddable":true,"href":"https:\/\/www.pricetornado.com\/da\/wp-json\/wp\/v2\/product_cat?post=449798"},{"taxonomy":"product_tag","embeddable":true,"href":"https:\/\/www.pricetornado.com\/da\/wp-json\/wp\/v2\/product_tag?post=449798"}],"curies":[{"name":"wp","href":"https:\/\/api.w.org\/{rel}","templated":true}]}}