{"id":449796,"date":"2025-02-27T17:11:36","date_gmt":"2025-02-27T16:11:36","guid":{"rendered":"https:\/\/www.pricetornado.com\/da\/produkt\/nedis-hdmi-adapter-hdmi-han-hdmi-stik-hdmi-udgang-guldplateret-angled-right-aluminium-gun-metal-graa-1-stk-cover-window-box-cvtb34904gy\/"},"modified":"2026-05-06T01:55:29","modified_gmt":"2026-05-05T23:55:29","slug":"nedis-hdmi-adapter-hdmi-han-hdmi-stik-hdmi-udgang-guldplateret-angled-right-aluminium-gun-metal-graa-1-stk-cover-window-box-cvtb34904gy","status":"publish","type":"product","link":"https:\/\/www.pricetornado.com\/da\/produkt\/nedis-hdmi-adapter-hdmi-han-hdmi-stik-hdmi-udgang-guldplateret-angled-right-aluminium-gun-metal-graa-1-stk-cover-window-box-cvtb34904gy\/","title":{"rendered":"Nedis &#8211; HDMI\u2122 Adapter | HDMI\u2122 Han \/ HDMI\u2122 Stik | HDMI \u2122 -udgang | Guldplateret | Angled Right | Aluminium | Gun Metal Gr\u00e5 | 1 stk. | Cover Window Box &#8211; CVTB34904GY"},"content":{"rendered":"<p>K\u00f8b billig Nedis &#8211; HDMI\u2122 Adapter | HDMI\u2122 Han \/ HDMI\u2122 Stik | HDMI \u2122 -udgang | Guldplateret | Angled Right | Aluminium | Gun Metal Gr\u00e5 | 1 stk. | Cover Window Box &#8211; CVTB34904GY!<br \/>\nDenne HDMI\u2122 High-Speed-adapter med Ethernet har et h\u00f8jrevinklet stik, der g\u00f8r det muligt at tilslutte dit HDMI\u2122-kabel til enheder p\u00e5 steder med begr\u00e6nset plads samt at placere dit tv t\u00e6ttere p\u00e5 v\u00e6ggen.<\/p>\n<p>Sammenlign priser p\u00e5 Nedis &#8211; HDMI\u2122 Adapter | HDMI\u2122 Han \/ HDMI\u2122 Stik | HDMI \u2122 -udgang | Guldplateret | Angled Right | Aluminium | Gun Metal Gr\u00e5 | 1 stk. | Cover Window Box &#8211; CVTB34904GY og k\u00f8b online til den billigste pris, samt p\u00e5 tilbud!\u00a0\u00a0Tjek den bedste pris, produkt beskrivelse, video, test, anmeldelser osv.<\/p>\n<p><strong>Brand: <\/strong>Nedis<br \/>\n<strong>EAN: <\/strong>5412810333240<br \/>\n<strong>Producentens varenr.:<\/strong> 5412810333240<\/p>\n<p><strong>P.S.<\/strong><br \/>\nTilmeld dig til &#8220;Opret Gratis Prisfald Alarm&#8221;, og bliv underrettet med det samme om prisfald p\u00e5 Nedis &#8211; HDMI\u2122 Adapter | HDMI\u2122 Han \/ HDMI\u2122 Stik | HDMI \u2122 -udgang | Guldplateret | Angled Right | Aluminium | Gun Metal Gr\u00e5 | 1 stk. | Cover Window Box &#8211; CVTB34904GY, og f\u00e5 den billigste pris!<\/p>\n<p>&nbsp;<\/p>\n<p>&nbsp;<\/p>\n","protected":false},"excerpt":{"rendered":"<p>K\u00f8b billig Nedis &#8211; HDMI\u2122 Adapter | HDMI\u2122 Han \/ HDMI\u2122 Stik | HDMI \u2122 -udgang | Guldplateret | Angled Right | Aluminium | Gun Metal Gr\u00e5 | 1 stk. | Cover Window Box &#8211; CVTB34904GY! Denne HDMI\u2122 High-Speed-adapter med Ethernet har et h\u00f8jrevinklet stik, der g\u00f8r det muligt at tilslutte dit HDMI\u2122-kabel til enheder [&hellip;]<\/p>\n","protected":false},"featured_media":0,"template":"","meta":[],"store":[1272516],"product_brand":[1272517],"product_cat":[1275230],"product_tag":[1275178,1275231],"class_list":{"0":"post-449796","1":"product","2":"type-product","3":"status-publish","5":"store-butik24","6":"product_brand-nedis","7":"product_cat-video","8":"product_tag-nedis","9":"product_tag-video","10":"pa_maerke-nedis","12":"first","13":"instock","14":"product-type-external"},"_links":{"self":[{"href":"https:\/\/www.pricetornado.com\/da\/wp-json\/wp\/v2\/product\/449796","targetHints":{"allow":["GET"]}}],"collection":[{"href":"https:\/\/www.pricetornado.com\/da\/wp-json\/wp\/v2\/product"}],"about":[{"href":"https:\/\/www.pricetornado.com\/da\/wp-json\/wp\/v2\/types\/product"}],"wp:attachment":[{"href":"https:\/\/www.pricetornado.com\/da\/wp-json\/wp\/v2\/media?parent=449796"}],"wp:term":[{"taxonomy":"store","embeddable":true,"href":"https:\/\/www.pricetornado.com\/da\/wp-json\/wp\/v2\/store?post=449796"},{"taxonomy":"product_brand","embeddable":true,"href":"https:\/\/www.pricetornado.com\/da\/wp-json\/wp\/v2\/product_brand?post=449796"},{"taxonomy":"product_cat","embeddable":true,"href":"https:\/\/www.pricetornado.com\/da\/wp-json\/wp\/v2\/product_cat?post=449796"},{"taxonomy":"product_tag","embeddable":true,"href":"https:\/\/www.pricetornado.com\/da\/wp-json\/wp\/v2\/product_tag?post=449796"}],"curies":[{"name":"wp","href":"https:\/\/api.w.org\/{rel}","templated":true}]}}