{"id":449791,"date":"2025-02-27T07:25:40","date_gmt":"2025-02-27T06:25:40","guid":{"rendered":"https:\/\/www.pricetornado.com\/da\/produkt\/nedis-dmx-adapterkabel-xlr-3-pin-han-xlr-3-pin-hun-nikkelplateret-15-0-m-runde-pvc-moerkegraa-gaveaeske-cotg15012gy150\/"},"modified":"2026-05-01T02:30:16","modified_gmt":"2026-05-01T00:30:16","slug":"nedis-dmx-adapterkabel-xlr-3-pin-han-xlr-3-pin-hun-nikkelplateret-15-0-m-runde-pvc-moerkegraa-gaveaeske-cotg15012gy150","status":"publish","type":"product","link":"https:\/\/www.pricetornado.com\/da\/produkt\/nedis-dmx-adapterkabel-xlr-3-pin-han-xlr-3-pin-hun-nikkelplateret-15-0-m-runde-pvc-moerkegraa-gaveaeske-cotg15012gy150\/","title":{"rendered":"Nedis &#8211; DMX adapterkabel | XLR 3-Pin Han | XLR 3-Pin Hun | Nikkelplateret | 15.0 m | Runde | PVC | M\u00f8rkegr\u00e5 | Gave\u00e6ske &#8211; COTG15012GY150"},"content":{"rendered":"<p>K\u00f8b billig Nedis &#8211; DMX adapterkabel | XLR 3-Pin Han | XLR 3-Pin Hun | Nikkelplateret | 15.0 m | Runde | PVC | M\u00f8rkegr\u00e5 | Gave\u00e6ske &#8211; COTG15012GY150!<br \/>\nTilslut styreenheder til scenebelysningen med dette yderst fleksible digitale XLR-kabel fra Nedis. Med en h\u00f8jere modstand p\u00e5 110 ohm er det specifikt designet til overf\u00f8rsel af DMX eller AES-EUB.<\/p>\n<p>Sammenlign priser p\u00e5 Nedis &#8211; DMX adapterkabel | XLR 3-Pin Han | XLR 3-Pin Hun | Nikkelplateret | 15.0 m | Runde | PVC | M\u00f8rkegr\u00e5 | Gave\u00e6ske &#8211; COTG15012GY150 og k\u00f8b online til den billigste pris, samt p\u00e5 tilbud!\u00a0\u00a0Tjek den bedste pris, produkt beskrivelse, video, test, anmeldelser osv.<\/p>\n<p><strong>Brand: <\/strong>Nedis<br \/>\n<strong>EAN: <\/strong>5412810295999<br \/>\n<strong>Producentens varenr.:<\/strong> 5412810295999<\/p>\n<p><strong>P.S.<\/strong><br \/>\nTilmeld dig til &#8220;Opret Gratis Prisfald Alarm&#8221;, og bliv underrettet med det samme om prisfald p\u00e5 Nedis &#8211; DMX adapterkabel | XLR 3-Pin Han | XLR 3-Pin Hun | Nikkelplateret | 15.0 m | Runde | PVC | M\u00f8rkegr\u00e5 | Gave\u00e6ske &#8211; COTG15012GY150, og f\u00e5 den billigste pris!<\/p>\n<p>&nbsp;<\/p>\n<p>&nbsp;<\/p>\n","protected":false},"excerpt":{"rendered":"<p>K\u00f8b billig Nedis &#8211; DMX adapterkabel | XLR 3-Pin Han | XLR 3-Pin Hun | Nikkelplateret | 15.0 m | Runde | PVC | M\u00f8rkegr\u00e5 | Gave\u00e6ske &#8211; COTG15012GY150! Tilslut styreenheder til scenebelysningen med dette yderst fleksible digitale XLR-kabel fra Nedis. Med en h\u00f8jere modstand p\u00e5 110 ohm er det specifikt designet til overf\u00f8rsel af [&hellip;]<\/p>\n","protected":false},"featured_media":999980000004497910,"template":"","meta":[],"store":[1272516],"product_brand":[1272517],"product_cat":[1272472],"product_tag":[1272746,1275178],"class_list":{"0":"post-449791","1":"product","2":"type-product","3":"status-publish","4":"has-post-thumbnail","6":"store-butik24","7":"product_brand-nedis","8":"product_cat-lyd","9":"product_tag-lyd","10":"product_tag-nedis","11":"pa_maerke-nedis","13":"first","14":"instock","15":"product-type-external"},"_links":{"self":[{"href":"https:\/\/www.pricetornado.com\/da\/wp-json\/wp\/v2\/product\/449791","targetHints":{"allow":["GET"]}}],"collection":[{"href":"https:\/\/www.pricetornado.com\/da\/wp-json\/wp\/v2\/product"}],"about":[{"href":"https:\/\/www.pricetornado.com\/da\/wp-json\/wp\/v2\/types\/product"}],"wp:featuredmedia":[{"embeddable":true,"href":"https:\/\/www.pricetornado.com\/da\/wp-json\/"}],"wp:attachment":[{"href":"https:\/\/www.pricetornado.com\/da\/wp-json\/wp\/v2\/media?parent=449791"}],"wp:term":[{"taxonomy":"store","embeddable":true,"href":"https:\/\/www.pricetornado.com\/da\/wp-json\/wp\/v2\/store?post=449791"},{"taxonomy":"product_brand","embeddable":true,"href":"https:\/\/www.pricetornado.com\/da\/wp-json\/wp\/v2\/product_brand?post=449791"},{"taxonomy":"product_cat","embeddable":true,"href":"https:\/\/www.pricetornado.com\/da\/wp-json\/wp\/v2\/product_cat?post=449791"},{"taxonomy":"product_tag","embeddable":true,"href":"https:\/\/www.pricetornado.com\/da\/wp-json\/wp\/v2\/product_tag?post=449791"}],"curies":[{"name":"wp","href":"https:\/\/api.w.org\/{rel}","templated":true}]}}