{"id":449784,"date":"2025-02-24T14:11:49","date_gmt":"2025-02-24T13:11:49","guid":{"rendered":"https:\/\/www.pricetornado.com\/da\/produkt\/nedis-balanceret-audio-kabel-xlr-3-pin-han-xlr-3-pin-hun-nikkelplateret-5-00-m-runde-pvc-moerkegraa-kartonhylster-coth15010gy50\/"},"modified":"2026-04-29T02:06:24","modified_gmt":"2026-04-29T00:06:24","slug":"nedis-balanceret-audio-kabel-xlr-3-pin-han-xlr-3-pin-hun-nikkelplateret-5-00-m-runde-pvc-moerkegraa-kartonhylster-coth15010gy50","status":"publish","type":"product","link":"https:\/\/www.pricetornado.com\/da\/produkt\/nedis-balanceret-audio-kabel-xlr-3-pin-han-xlr-3-pin-hun-nikkelplateret-5-00-m-runde-pvc-moerkegraa-kartonhylster-coth15010gy50\/","title":{"rendered":"Nedis &#8211; Balanceret Audio kabel | XLR 3-Pin Han | XLR 3-Pin Hun | Nikkelplateret | 5.00 m | Runde | PVC | M\u00f8rkegr\u00e5 | Kartonhylster &#8211; COTH15010GY50"},"content":{"rendered":"<p>K\u00f8b billig Nedis &#8211; Balanceret Audio kabel | XLR 3-Pin Han | XLR 3-Pin Hun | Nikkelplateret | 5.00 m | Runde | PVC | M\u00f8rkegr\u00e5 | Kartonhylster &#8211; COTH15010GY50!<br \/>\nTilslut mikrofoner, forst\u00e6rkere og DJ-udstyr til hinanden med dette afbalancerede XLR-lydkabel fra Nedis. Dette lydkabel, der er specialudviklet til anvendelse i musikbranchen, leverer en fantastisk produktydelse time efter time.<\/p>\n<p>Sammenlign priser p\u00e5 Nedis &#8211; Balanceret Audio kabel | XLR 3-Pin Han | XLR 3-Pin Hun | Nikkelplateret | 5.00 m | Runde | PVC | M\u00f8rkegr\u00e5 | Kartonhylster &#8211; COTH15010GY50 og k\u00f8b online til den billigste pris, samt p\u00e5 tilbud!\u00a0\u00a0Tjek den bedste pris, produkt beskrivelse, video, test, anmeldelser osv.<\/p>\n<p><strong>Brand: <\/strong>Nedis<br \/>\n<strong>EAN: <\/strong>5412810295647<br \/>\n<strong>Producentens varenr.:<\/strong> 5412810295647<\/p>\n<p><strong>P.S.<\/strong><br \/>\nTilmeld dig til &#8220;Opret Gratis Prisfald Alarm&#8221;, og bliv underrettet med det samme om prisfald p\u00e5 Nedis &#8211; Balanceret Audio kabel | XLR 3-Pin Han | XLR 3-Pin Hun | Nikkelplateret | 5.00 m | Runde | PVC | M\u00f8rkegr\u00e5 | Kartonhylster &#8211; COTH15010GY50, og f\u00e5 den billigste pris!<\/p>\n<p>&nbsp;<\/p>\n<p>&nbsp;<\/p>\n","protected":false},"excerpt":{"rendered":"<p>K\u00f8b billig Nedis &#8211; Balanceret Audio kabel | XLR 3-Pin Han | XLR 3-Pin Hun | Nikkelplateret | 5.00 m | Runde | PVC | M\u00f8rkegr\u00e5 | Kartonhylster &#8211; COTH15010GY50! Tilslut mikrofoner, forst\u00e6rkere og DJ-udstyr til hinanden med dette afbalancerede XLR-lydkabel fra Nedis. Dette lydkabel, der er specialudviklet til anvendelse i musikbranchen, leverer en fantastisk [&hellip;]<\/p>\n","protected":false},"featured_media":999980000004497840,"template":"","meta":[],"store":[1272516],"product_brand":[1272517],"product_cat":[1272472],"product_tag":[1272746,1275178],"class_list":{"0":"post-449784","1":"product","2":"type-product","3":"status-publish","4":"has-post-thumbnail","6":"store-butik24","7":"product_brand-nedis","8":"product_cat-lyd","9":"product_tag-lyd","10":"product_tag-nedis","11":"pa_maerke-nedis","13":"first","14":"instock","15":"product-type-external"},"_links":{"self":[{"href":"https:\/\/www.pricetornado.com\/da\/wp-json\/wp\/v2\/product\/449784","targetHints":{"allow":["GET"]}}],"collection":[{"href":"https:\/\/www.pricetornado.com\/da\/wp-json\/wp\/v2\/product"}],"about":[{"href":"https:\/\/www.pricetornado.com\/da\/wp-json\/wp\/v2\/types\/product"}],"wp:featuredmedia":[{"embeddable":true,"href":"https:\/\/www.pricetornado.com\/da\/wp-json\/"}],"wp:attachment":[{"href":"https:\/\/www.pricetornado.com\/da\/wp-json\/wp\/v2\/media?parent=449784"}],"wp:term":[{"taxonomy":"store","embeddable":true,"href":"https:\/\/www.pricetornado.com\/da\/wp-json\/wp\/v2\/store?post=449784"},{"taxonomy":"product_brand","embeddable":true,"href":"https:\/\/www.pricetornado.com\/da\/wp-json\/wp\/v2\/product_brand?post=449784"},{"taxonomy":"product_cat","embeddable":true,"href":"https:\/\/www.pricetornado.com\/da\/wp-json\/wp\/v2\/product_cat?post=449784"},{"taxonomy":"product_tag","embeddable":true,"href":"https:\/\/www.pricetornado.com\/da\/wp-json\/wp\/v2\/product_tag?post=449784"}],"curies":[{"name":"wp","href":"https:\/\/api.w.org\/{rel}","templated":true}]}}