{"id":449783,"date":"2025-02-20T15:06:58","date_gmt":"2025-02-20T14:06:58","guid":{"rendered":"https:\/\/www.pricetornado.com\/da\/produkt\/nedis-balanceret-audio-kabel-xlr-3-pin-han-2x-xlr-3-pin-hunstik-nikkelplateret-1-50-m-runde-pvc-moerkegraa-kartonhylster-coth15025gy15\/"},"modified":"2026-04-29T02:06:20","modified_gmt":"2026-04-29T00:06:20","slug":"nedis-balanceret-audio-kabel-xlr-3-pin-han-2x-xlr-3-pin-hunstik-nikkelplateret-1-50-m-runde-pvc-moerkegraa-kartonhylster-coth15025gy15","status":"publish","type":"product","link":"https:\/\/www.pricetornado.com\/da\/produkt\/nedis-balanceret-audio-kabel-xlr-3-pin-han-2x-xlr-3-pin-hunstik-nikkelplateret-1-50-m-runde-pvc-moerkegraa-kartonhylster-coth15025gy15\/","title":{"rendered":"Nedis &#8211; Balanceret Audio kabel | XLR 3-Pin Han | 2x XLR 3-Pin Hunstik | Nikkelplateret | 1.50 m | Runde | PVC | M\u00f8rkegr\u00e5 | Kartonhylster &#8211; COTH15025GY15"},"content":{"rendered":"<p>K\u00f8b billig Nedis &#8211; Balanceret Audio kabel | XLR 3-Pin Han | 2x XLR 3-Pin Hunstik | Nikkelplateret | 1.50 m | Runde | PVC | M\u00f8rkegr\u00e5 | Kartonhylster &#8211; COTH15025GY15!<br \/>\nTilslut mikrofoner, forst\u00e6rkere og DJ-udstyr til hinanden med dette afbalancerede XLR-lydkabel fra Nedis. Dette lydkabel, der er specialudviklet til anvendelse i musikbranchen, leverer en fantastisk produktydelse time efter time.<\/p>\n<p>Sammenlign priser p\u00e5 Nedis &#8211; Balanceret Audio kabel | XLR 3-Pin Han | 2x XLR 3-Pin Hunstik | Nikkelplateret | 1.50 m | Runde | PVC | M\u00f8rkegr\u00e5 | Kartonhylster &#8211; COTH15025GY15 og k\u00f8b online til den billigste pris, samt p\u00e5 tilbud!\u00a0\u00a0Tjek den bedste pris, produkt beskrivelse, video, test, anmeldelser osv.<\/p>\n<p><strong>Brand: <\/strong>Nedis<br \/>\n<strong>EAN: <\/strong>5412810295593<br \/>\n<strong>Producentens varenr.:<\/strong> 5412810295593<\/p>\n<p><strong>P.S.<\/strong><br \/>\nTilmeld dig til &#8220;Opret Gratis Prisfald Alarm&#8221;, og bliv underrettet med det samme om prisfald p\u00e5 Nedis &#8211; Balanceret Audio kabel | XLR 3-Pin Han | 2x XLR 3-Pin Hunstik | Nikkelplateret | 1.50 m | Runde | PVC | M\u00f8rkegr\u00e5 | Kartonhylster &#8211; COTH15025GY15, og f\u00e5 den billigste pris!<\/p>\n<p>&nbsp;<\/p>\n<p>&nbsp;<\/p>\n","protected":false},"excerpt":{"rendered":"<p>K\u00f8b billig Nedis &#8211; Balanceret Audio kabel | XLR 3-Pin Han | 2x XLR 3-Pin Hunstik | Nikkelplateret | 1.50 m | Runde | PVC | M\u00f8rkegr\u00e5 | Kartonhylster &#8211; COTH15025GY15! Tilslut mikrofoner, forst\u00e6rkere og DJ-udstyr til hinanden med dette afbalancerede XLR-lydkabel fra Nedis. Dette lydkabel, der er specialudviklet til anvendelse i musikbranchen, leverer en [&hellip;]<\/p>\n","protected":false},"featured_media":999980000004497830,"template":"","meta":[],"store":[1272516],"product_brand":[1272517],"product_cat":[1272472],"product_tag":[1272746,1275178],"class_list":{"0":"post-449783","1":"product","2":"type-product","3":"status-publish","4":"has-post-thumbnail","6":"store-butik24","7":"product_brand-nedis","8":"product_cat-lyd","9":"product_tag-lyd","10":"product_tag-nedis","11":"pa_maerke-nedis","13":"first","14":"instock","15":"product-type-external"},"_links":{"self":[{"href":"https:\/\/www.pricetornado.com\/da\/wp-json\/wp\/v2\/product\/449783","targetHints":{"allow":["GET"]}}],"collection":[{"href":"https:\/\/www.pricetornado.com\/da\/wp-json\/wp\/v2\/product"}],"about":[{"href":"https:\/\/www.pricetornado.com\/da\/wp-json\/wp\/v2\/types\/product"}],"wp:featuredmedia":[{"embeddable":true,"href":"https:\/\/www.pricetornado.com\/da\/wp-json\/"}],"wp:attachment":[{"href":"https:\/\/www.pricetornado.com\/da\/wp-json\/wp\/v2\/media?parent=449783"}],"wp:term":[{"taxonomy":"store","embeddable":true,"href":"https:\/\/www.pricetornado.com\/da\/wp-json\/wp\/v2\/store?post=449783"},{"taxonomy":"product_brand","embeddable":true,"href":"https:\/\/www.pricetornado.com\/da\/wp-json\/wp\/v2\/product_brand?post=449783"},{"taxonomy":"product_cat","embeddable":true,"href":"https:\/\/www.pricetornado.com\/da\/wp-json\/wp\/v2\/product_cat?post=449783"},{"taxonomy":"product_tag","embeddable":true,"href":"https:\/\/www.pricetornado.com\/da\/wp-json\/wp\/v2\/product_tag?post=449783"}],"curies":[{"name":"wp","href":"https:\/\/api.w.org\/{rel}","templated":true}]}}