{"id":449782,"date":"2025-02-26T09:31:06","date_gmt":"2025-02-26T08:31:06","guid":{"rendered":"https:\/\/www.pricetornado.com\/da\/produkt\/nedis-hoejtaler-kabel-48-x-0-20-mm-kobber-10-0-m-runde-pvc-moerkegraa-gaveaeske-cotg16000gy100\/"},"modified":"2026-04-30T02:20:26","modified_gmt":"2026-04-30T00:20:26","slug":"nedis-hoejtaler-kabel-48-x-0-20-mm-kobber-10-0-m-runde-pvc-moerkegraa-gaveaeske-cotg16000gy100","status":"publish","type":"product","link":"https:\/\/www.pricetornado.com\/da\/produkt\/nedis-hoejtaler-kabel-48-x-0-20-mm-kobber-10-0-m-runde-pvc-moerkegraa-gaveaeske-cotg16000gy100\/","title":{"rendered":"Nedis &#8211; H\u00f8jtaler Kabel | 48 x 0.20 mm | Kobber | 10.0 m | Runde | PVC | M\u00f8rkegr\u00e5 | Gave\u00e6ske &#8211; COTG16000GY100"},"content":{"rendered":"<p>K\u00f8b billig Nedis &#8211; H\u00f8jtaler Kabel | 48 x 0.20 mm | Kobber | 10.0 m | Runde | PVC | M\u00f8rkegr\u00e5 | Gave\u00e6ske &#8211; COTG16000GY100!<br \/>\nTilslut h\u00f8jttalere, mixere og forst\u00e6rkere til hinanden med dette h\u00f8jttalerkabel fra Nedis. Dette lydkabel, der er specialudviklet til anvendelse i musikbranchen, leverer en fantastisk produktydelse time efter time.<\/p>\n<p>Sammenlign priser p\u00e5 Nedis &#8211; H\u00f8jtaler Kabel | 48 x 0.20 mm | Kobber | 10.0 m | Runde | PVC | M\u00f8rkegr\u00e5 | Gave\u00e6ske &#8211; COTG16000GY100 og k\u00f8b online til den billigste pris, samt p\u00e5 tilbud!\u00a0\u00a0Tjek den bedste pris, produkt beskrivelse, video, test, anmeldelser osv.<\/p>\n<p><strong>Brand: <\/strong>Nedis<br \/>\n<strong>EAN: <\/strong>5412810295517<br \/>\n<strong>Producentens varenr.:<\/strong> 5412810295517<\/p>\n<p><strong>P.S.<\/strong><br \/>\nTilmeld dig til &#8220;Opret Gratis Prisfald Alarm&#8221;, og bliv underrettet med det samme om prisfald p\u00e5 Nedis &#8211; H\u00f8jtaler Kabel | 48 x 0.20 mm | Kobber | 10.0 m | Runde | PVC | M\u00f8rkegr\u00e5 | Gave\u00e6ske &#8211; COTG16000GY100, og f\u00e5 den billigste pris!<\/p>\n<p>&nbsp;<\/p>\n<p>&nbsp;<\/p>\n","protected":false},"excerpt":{"rendered":"<p>K\u00f8b billig Nedis &#8211; H\u00f8jtaler Kabel | 48 x 0.20 mm | Kobber | 10.0 m | Runde | PVC | M\u00f8rkegr\u00e5 | Gave\u00e6ske &#8211; COTG16000GY100! Tilslut h\u00f8jttalere, mixere og forst\u00e6rkere til hinanden med dette h\u00f8jttalerkabel fra Nedis. Dette lydkabel, der er specialudviklet til anvendelse i musikbranchen, leverer en fantastisk produktydelse time efter time. Sammenlign [&hellip;]<\/p>\n","protected":false},"featured_media":999980000004497820,"template":"","meta":[],"store":[1272516],"product_brand":[1272517],"product_cat":[1272472],"product_tag":[1272746,1275178],"class_list":{"0":"post-449782","1":"product","2":"type-product","3":"status-publish","4":"has-post-thumbnail","6":"store-butik24","7":"product_brand-nedis","8":"product_cat-lyd","9":"product_tag-lyd","10":"product_tag-nedis","11":"pa_maerke-nedis","13":"first","14":"instock","15":"product-type-external"},"_links":{"self":[{"href":"https:\/\/www.pricetornado.com\/da\/wp-json\/wp\/v2\/product\/449782","targetHints":{"allow":["GET"]}}],"collection":[{"href":"https:\/\/www.pricetornado.com\/da\/wp-json\/wp\/v2\/product"}],"about":[{"href":"https:\/\/www.pricetornado.com\/da\/wp-json\/wp\/v2\/types\/product"}],"wp:featuredmedia":[{"embeddable":true,"href":"https:\/\/www.pricetornado.com\/da\/wp-json\/"}],"wp:attachment":[{"href":"https:\/\/www.pricetornado.com\/da\/wp-json\/wp\/v2\/media?parent=449782"}],"wp:term":[{"taxonomy":"store","embeddable":true,"href":"https:\/\/www.pricetornado.com\/da\/wp-json\/wp\/v2\/store?post=449782"},{"taxonomy":"product_brand","embeddable":true,"href":"https:\/\/www.pricetornado.com\/da\/wp-json\/wp\/v2\/product_brand?post=449782"},{"taxonomy":"product_cat","embeddable":true,"href":"https:\/\/www.pricetornado.com\/da\/wp-json\/wp\/v2\/product_cat?post=449782"},{"taxonomy":"product_tag","embeddable":true,"href":"https:\/\/www.pricetornado.com\/da\/wp-json\/wp\/v2\/product_tag?post=449782"}],"curies":[{"name":"wp","href":"https:\/\/api.w.org\/{rel}","templated":true}]}}