{"id":449776,"date":"2025-02-23T19:20:52","date_gmt":"2025-02-23T18:20:52","guid":{"rendered":"https:\/\/www.pricetornado.com\/da\/produkt\/nedis-stereo-audio-kabel-2x-6-35-mm-hanstik-2x-rca-hanstik-nikkelplateret-5-00-m-runde-moerkegraa-kartonhylster-coth23320gy50\/"},"modified":"2026-05-01T02:30:12","modified_gmt":"2026-05-01T00:30:12","slug":"nedis-stereo-audio-kabel-2x-6-35-mm-hanstik-2x-rca-hanstik-nikkelplateret-5-00-m-runde-moerkegraa-kartonhylster-coth23320gy50","status":"publish","type":"product","link":"https:\/\/www.pricetornado.com\/da\/produkt\/nedis-stereo-audio-kabel-2x-6-35-mm-hanstik-2x-rca-hanstik-nikkelplateret-5-00-m-runde-moerkegraa-kartonhylster-coth23320gy50\/","title":{"rendered":"Nedis &#8211; Stereo Audio kabel | 2x 6.35 mm Hanstik | 2x RCA Hanstik | Nikkelplateret | 5.00 m | Runde | M\u00f8rkegr\u00e5 | Kartonhylster &#8211; COTH23320GY50"},"content":{"rendered":"<p>K\u00f8b billig Nedis &#8211; Stereo Audio kabel | 2x 6.35 mm Hanstik | 2x RCA Hanstik | Nikkelplateret | 5.00 m | Runde | M\u00f8rkegr\u00e5 | Kartonhylster &#8211; COTH23320GY50!<br \/>\nTilslut musikinstrumenter, mikrofoner, forst\u00e6rkere og DJ-udstyr til hinanden med dette 6,35 mm til RCA-lydkabel fra Nedis. Dette lydkabel, der er specialudviklet til anvendelse i musikbranchen, leverer en fantastisk produktydelse time efter time.<\/p>\n<p>Sammenlign priser p\u00e5 Nedis &#8211; Stereo Audio kabel | 2x 6.35 mm Hanstik | 2x RCA Hanstik | Nikkelplateret | 5.00 m | Runde | M\u00f8rkegr\u00e5 | Kartonhylster &#8211; COTH23320GY50 og k\u00f8b online til den billigste pris, samt p\u00e5 tilbud!\u00a0\u00a0Tjek den bedste pris, produkt beskrivelse, video, test, anmeldelser osv.<\/p>\n<p><strong>Brand: <\/strong>Nedis<br \/>\n<strong>EAN: <\/strong>5412810295357<br \/>\n<strong>Producentens varenr.:<\/strong> 5412810295357<\/p>\n<p><strong>P.S.<\/strong><br \/>\nTilmeld dig til &#8220;Opret Gratis Prisfald Alarm&#8221;, og bliv underrettet med det samme om prisfald p\u00e5 Nedis &#8211; Stereo Audio kabel | 2x 6.35 mm Hanstik | 2x RCA Hanstik | Nikkelplateret | 5.00 m | Runde | M\u00f8rkegr\u00e5 | Kartonhylster &#8211; COTH23320GY50, og f\u00e5 den billigste pris!<\/p>\n<p>&nbsp;<\/p>\n<p>&nbsp;<\/p>\n","protected":false},"excerpt":{"rendered":"<p>K\u00f8b billig Nedis &#8211; Stereo Audio kabel | 2x 6.35 mm Hanstik | 2x RCA Hanstik | Nikkelplateret | 5.00 m | Runde | M\u00f8rkegr\u00e5 | Kartonhylster &#8211; COTH23320GY50! Tilslut musikinstrumenter, mikrofoner, forst\u00e6rkere og DJ-udstyr til hinanden med dette 6,35 mm til RCA-lydkabel fra Nedis. Dette lydkabel, der er specialudviklet til anvendelse i musikbranchen, leverer [&hellip;]<\/p>\n","protected":false},"featured_media":999980000004497760,"template":"","meta":[],"store":[1272516],"product_brand":[1272517],"product_cat":[1272472],"product_tag":[1272746,1275178],"class_list":{"0":"post-449776","1":"product","2":"type-product","3":"status-publish","4":"has-post-thumbnail","6":"store-butik24","7":"product_brand-nedis","8":"product_cat-lyd","9":"product_tag-lyd","10":"product_tag-nedis","11":"pa_maerke-nedis","13":"first","14":"instock","15":"product-type-external"},"_links":{"self":[{"href":"https:\/\/www.pricetornado.com\/da\/wp-json\/wp\/v2\/product\/449776","targetHints":{"allow":["GET"]}}],"collection":[{"href":"https:\/\/www.pricetornado.com\/da\/wp-json\/wp\/v2\/product"}],"about":[{"href":"https:\/\/www.pricetornado.com\/da\/wp-json\/wp\/v2\/types\/product"}],"wp:featuredmedia":[{"embeddable":true,"href":"https:\/\/www.pricetornado.com\/da\/wp-json\/"}],"wp:attachment":[{"href":"https:\/\/www.pricetornado.com\/da\/wp-json\/wp\/v2\/media?parent=449776"}],"wp:term":[{"taxonomy":"store","embeddable":true,"href":"https:\/\/www.pricetornado.com\/da\/wp-json\/wp\/v2\/store?post=449776"},{"taxonomy":"product_brand","embeddable":true,"href":"https:\/\/www.pricetornado.com\/da\/wp-json\/wp\/v2\/product_brand?post=449776"},{"taxonomy":"product_cat","embeddable":true,"href":"https:\/\/www.pricetornado.com\/da\/wp-json\/wp\/v2\/product_cat?post=449776"},{"taxonomy":"product_tag","embeddable":true,"href":"https:\/\/www.pricetornado.com\/da\/wp-json\/wp\/v2\/product_tag?post=449776"}],"curies":[{"name":"wp","href":"https:\/\/api.w.org\/{rel}","templated":true}]}}