{"id":449772,"date":"2025-02-25T00:04:52","date_gmt":"2025-02-24T23:04:52","guid":{"rendered":"https:\/\/www.pricetornado.com\/da\/produkt\/nedis-stereo-audio-kabel-6-35-mm-hanstik-3-5-mm-hanstik-nikkelplateret-3-00-m-runde-moerkegraa-kartonhylster-coth23205gy30\/"},"modified":"2026-04-29T02:05:31","modified_gmt":"2026-04-29T00:05:31","slug":"nedis-stereo-audio-kabel-6-35-mm-hanstik-3-5-mm-hanstik-nikkelplateret-3-00-m-runde-moerkegraa-kartonhylster-coth23205gy30","status":"publish","type":"product","link":"https:\/\/www.pricetornado.com\/da\/produkt\/nedis-stereo-audio-kabel-6-35-mm-hanstik-3-5-mm-hanstik-nikkelplateret-3-00-m-runde-moerkegraa-kartonhylster-coth23205gy30\/","title":{"rendered":"Nedis &#8211; Stereo Audio kabel | 6.35 mm Hanstik | 3.5 mm Hanstik | Nikkelplateret | 3.00 m | Runde | M\u00f8rkegr\u00e5 | Kartonhylster &#8211; COTH23205GY30"},"content":{"rendered":"<p>K\u00f8b billig Nedis &#8211; Stereo Audio kabel | 6.35 mm Hanstik | 3.5 mm Hanstik | Nikkelplateret | 3.00 m | Runde | M\u00f8rkegr\u00e5 | Kartonhylster &#8211; COTH23205GY30!<br \/>\nTilslut musikinstrumenter, mikrofoner, forst\u00e6rkere og DJ-udstyr til hinanden med dette 6,35 mm til 3,5 mm lydkabel fra Nedis. Dette lydkabel, der er specialudviklet til anvendelse i musikbranchen, leverer en fantastisk produktydelse time efter time.<\/p>\n<p>Sammenlign priser p\u00e5 Nedis &#8211; Stereo Audio kabel | 6.35 mm Hanstik | 3.5 mm Hanstik | Nikkelplateret | 3.00 m | Runde | M\u00f8rkegr\u00e5 | Kartonhylster &#8211; COTH23205GY30 og k\u00f8b online til den billigste pris, samt p\u00e5 tilbud!\u00a0\u00a0Tjek den bedste pris, produkt beskrivelse, video, test, anmeldelser osv.<\/p>\n<p><strong>Brand: <\/strong>Nedis<br \/>\n<strong>EAN: <\/strong>5412810295302<br \/>\n<strong>Producentens varenr.:<\/strong> 5412810295302<\/p>\n<p><strong>P.S.<\/strong><br \/>\nTilmeld dig til &#8220;Opret Gratis Prisfald Alarm&#8221;, og bliv underrettet med det samme om prisfald p\u00e5 Nedis &#8211; Stereo Audio kabel | 6.35 mm Hanstik | 3.5 mm Hanstik | Nikkelplateret | 3.00 m | Runde | M\u00f8rkegr\u00e5 | Kartonhylster &#8211; COTH23205GY30, og f\u00e5 den billigste pris!<\/p>\n<p>&nbsp;<\/p>\n<p>&nbsp;<\/p>\n","protected":false},"excerpt":{"rendered":"<p>K\u00f8b billig Nedis &#8211; Stereo Audio kabel | 6.35 mm Hanstik | 3.5 mm Hanstik | Nikkelplateret | 3.00 m | Runde | M\u00f8rkegr\u00e5 | Kartonhylster &#8211; COTH23205GY30! Tilslut musikinstrumenter, mikrofoner, forst\u00e6rkere og DJ-udstyr til hinanden med dette 6,35 mm til 3,5 mm lydkabel fra Nedis. Dette lydkabel, der er specialudviklet til anvendelse i musikbranchen, [&hellip;]<\/p>\n","protected":false},"featured_media":999980000004497720,"template":"","meta":[],"store":[1272516],"product_brand":[1272517],"product_cat":[1272472],"product_tag":[1272746,1275178],"class_list":{"0":"post-449772","1":"product","2":"type-product","3":"status-publish","4":"has-post-thumbnail","6":"store-butik24","7":"product_brand-nedis","8":"product_cat-lyd","9":"product_tag-lyd","10":"product_tag-nedis","11":"pa_maerke-nedis","13":"first","14":"instock","15":"product-type-external"},"_links":{"self":[{"href":"https:\/\/www.pricetornado.com\/da\/wp-json\/wp\/v2\/product\/449772","targetHints":{"allow":["GET"]}}],"collection":[{"href":"https:\/\/www.pricetornado.com\/da\/wp-json\/wp\/v2\/product"}],"about":[{"href":"https:\/\/www.pricetornado.com\/da\/wp-json\/wp\/v2\/types\/product"}],"wp:featuredmedia":[{"embeddable":true,"href":"https:\/\/www.pricetornado.com\/da\/wp-json\/"}],"wp:attachment":[{"href":"https:\/\/www.pricetornado.com\/da\/wp-json\/wp\/v2\/media?parent=449772"}],"wp:term":[{"taxonomy":"store","embeddable":true,"href":"https:\/\/www.pricetornado.com\/da\/wp-json\/wp\/v2\/store?post=449772"},{"taxonomy":"product_brand","embeddable":true,"href":"https:\/\/www.pricetornado.com\/da\/wp-json\/wp\/v2\/product_brand?post=449772"},{"taxonomy":"product_cat","embeddable":true,"href":"https:\/\/www.pricetornado.com\/da\/wp-json\/wp\/v2\/product_cat?post=449772"},{"taxonomy":"product_tag","embeddable":true,"href":"https:\/\/www.pricetornado.com\/da\/wp-json\/wp\/v2\/product_tag?post=449772"}],"curies":[{"name":"wp","href":"https:\/\/api.w.org\/{rel}","templated":true}]}}