{"id":449768,"date":"2025-02-22T14:59:44","date_gmt":"2025-02-22T13:59:44","guid":{"rendered":"https:\/\/www.pricetornado.com\/da\/produkt\/nedis-high-speed-hdmi-kabel-med-ethernet-hdmi-stik-hdmi-mini-stik-4k60hz-18-gbps-2-00-m-runde-pvc-antracit-window-box-cvbw34500at20\/"},"modified":"2026-04-29T02:04:52","modified_gmt":"2026-04-29T00:04:52","slug":"nedis-high-speed-hdmi-kabel-med-ethernet-hdmi-stik-hdmi-mini-stik-4k60hz-18-gbps-2-00-m-runde-pvc-antracit-window-box-cvbw34500at20","status":"publish","type":"product","link":"https:\/\/www.pricetornado.com\/da\/produkt\/nedis-high-speed-hdmi-kabel-med-ethernet-hdmi-stik-hdmi-mini-stik-4k60hz-18-gbps-2-00-m-runde-pvc-antracit-window-box-cvbw34500at20\/","title":{"rendered":"Nedis &#8211; High Speed HDMI \u2122 kabel med Ethernet | HDMI\u2122 Stik | HDMI\u2122 Mini-stik | 4K@60Hz | 18 Gbps | 2.00 m | Runde | PVC | Antracit | Window Box &#8211; CVBW34500AT20"},"content":{"rendered":"<p>K\u00f8b billig Nedis &#8211; High Speed HDMI \u2122 kabel med Ethernet | HDMI\u2122 Stik | HDMI\u2122 Mini-stik | 4K@60Hz | 18 Gbps | 2.00 m | Runde | PVC | Antracit | Window Box &#8211; CVBW34500AT20!<br \/>\nDette HDMI-kabel er ideelt til at tilslutte dit fotokamera til tv\u2019et og g\u00f8r det nemt at afspille billeder og videoer i h\u00f8j kvalitet. Kablet har et HDMI-stik i den ene ende og et HDMI mini-stik i den anden, hvilket sikrer kompatibilitet mellem standard og kompakte enheder.Med en b\u00e5ndbredde p\u00e5 op til 18 Gbps overf\u00f8rer kablet krystalklare billeder i 4K (60 Hz) samt lyd uden tab. Den indbyggede ethernet-funktion g\u00f8r det muligt at netv\u00e6rkstilslutte kompatible enheder direkte, s\u00e5 du undg\u00e5r overfl\u00f8dige kabler. Audio Return Channel (ARC) sikrer samtidig enkel lydstyring mellem tv og lydsystem.Kablet er rund, fremstillet i slidst\u00e6rkt antracitfarvet PVC for optimal fleksibilitet og lang holdbarhed i daglig brug. De guldbelagte stik forbedrer signaloverf\u00f8rslen og beskytter mod korrosion, hvilket forl\u00e6nger kabellets levetid.V\u00e6lg dette kabel for en p\u00e5lidelig og effektiv tilslutning mellem dit fotokamera og dit tv, med skarp billedkvalitet, stabil netv\u00e6rksfunktionalitet og slidst\u00e6rkt design.<\/p>\n<p>Sammenlign priser p\u00e5 Nedis &#8211; High Speed HDMI \u2122 kabel med Ethernet | HDMI\u2122 Stik | HDMI\u2122 Mini-stik | 4K@60Hz | 18 Gbps | 2.00 m | Runde | PVC | Antracit | Window Box &#8211; CVBW34500AT20 og k\u00f8b online til den billigste pris, samt p\u00e5 tilbud!\u00a0\u00a0Tjek den bedste pris, produkt beskrivelse, video, test, anmeldelser osv.<\/p>\n<p><strong>Brand: <\/strong>Nedis<br \/>\n<strong>EAN: <\/strong>5412810264803<br \/>\n<strong>Producentens varenr.:<\/strong> 5412810264803<\/p>\n<p><strong>P.S.<\/strong><br \/>\nTilmeld dig til &#8220;Opret Gratis Prisfald Alarm&#8221;, og bliv underrettet med det samme om prisfald p\u00e5 Nedis &#8211; High Speed HDMI \u2122 kabel med Ethernet | HDMI\u2122 Stik | HDMI\u2122 Mini-stik | 4K@60Hz | 18 Gbps | 2.00 m | Runde | PVC | Antracit | Window Box &#8211; CVBW34500AT20, og f\u00e5 den billigste pris!<\/p>\n<p>&nbsp;<\/p>\n<p>&nbsp;<\/p>\n","protected":false},"excerpt":{"rendered":"<p>K\u00f8b billig Nedis &#8211; High Speed HDMI \u2122 kabel med Ethernet | HDMI\u2122 Stik | HDMI\u2122 Mini-stik | 4K@60Hz | 18 Gbps | 2.00 m | Runde | PVC | Antracit | Window Box &#8211; CVBW34500AT20! Dette HDMI-kabel er ideelt til at tilslutte dit fotokamera til tv\u2019et og g\u00f8r det nemt at afspille billeder og [&hellip;]<\/p>\n","protected":false},"featured_media":0,"template":"","meta":[],"store":[1272516],"product_brand":[1272517],"product_cat":[1275230],"product_tag":[1275178,1275231],"class_list":{"0":"post-449768","1":"product","2":"type-product","3":"status-publish","5":"store-butik24","6":"product_brand-nedis","7":"product_cat-video","8":"product_tag-nedis","9":"product_tag-video","10":"pa_maerke-nedis","12":"first","13":"instock","14":"product-type-external"},"_links":{"self":[{"href":"https:\/\/www.pricetornado.com\/da\/wp-json\/wp\/v2\/product\/449768","targetHints":{"allow":["GET"]}}],"collection":[{"href":"https:\/\/www.pricetornado.com\/da\/wp-json\/wp\/v2\/product"}],"about":[{"href":"https:\/\/www.pricetornado.com\/da\/wp-json\/wp\/v2\/types\/product"}],"wp:attachment":[{"href":"https:\/\/www.pricetornado.com\/da\/wp-json\/wp\/v2\/media?parent=449768"}],"wp:term":[{"taxonomy":"store","embeddable":true,"href":"https:\/\/www.pricetornado.com\/da\/wp-json\/wp\/v2\/store?post=449768"},{"taxonomy":"product_brand","embeddable":true,"href":"https:\/\/www.pricetornado.com\/da\/wp-json\/wp\/v2\/product_brand?post=449768"},{"taxonomy":"product_cat","embeddable":true,"href":"https:\/\/www.pricetornado.com\/da\/wp-json\/wp\/v2\/product_cat?post=449768"},{"taxonomy":"product_tag","embeddable":true,"href":"https:\/\/www.pricetornado.com\/da\/wp-json\/wp\/v2\/product_tag?post=449768"}],"curies":[{"name":"wp","href":"https:\/\/api.w.org\/{rel}","templated":true}]}}