{"id":449764,"date":"2025-02-22T05:17:38","date_gmt":"2025-02-22T04:17:38","guid":{"rendered":"https:\/\/www.pricetornado.com\/da\/produkt\/nedis-kabel-management-kanal-1-stk-maksimal-tykkelse-paa-kabel-25-mm-aluminium-sort-cmdt5025bk110\/"},"modified":"2026-05-13T04:10:16","modified_gmt":"2026-05-13T02:10:16","slug":"nedis-kabel-management-kanal-1-stk-maksimal-tykkelse-paa-kabel-25-mm-aluminium-sort-cmdt5025bk110","status":"publish","type":"product","link":"https:\/\/www.pricetornado.com\/da\/produkt\/nedis-kabel-management-kanal-1-stk-maksimal-tykkelse-paa-kabel-25-mm-aluminium-sort-cmdt5025bk110\/","title":{"rendered":"Nedis &#8211; Kabel Management | Kanal | 1 stk. | Maksimal tykkelse p\u00e5 kabel: 25 mm | Aluminium | Sort &#8211; CMDT5025BK110"},"content":{"rendered":"<p>K\u00f8b billig Nedis &#8211; Kabel Management | Kanal | 1 stk. | Maksimal tykkelse p\u00e5 kabel: 25 mm | Aluminium | Sort &#8211; CMDT5025BK110!<br \/>\nDette Nedis-kabelstyringssystem er en hurtig og sikker l\u00f8sning til at holde kabler ude af syne. Installationskanalerne giver brugervenlig kabelf\u00f8ring til kabler, der ligger p\u00e5 gulvet, og g\u00f8r det nemt at organisere og skjule l\u00f8se kabler.Med installationskanalen kan du f\u00f8re kabler gennem dit hjem og g\u00f8re alle v\u00e6relser mere sikre ved, at der ikke ligger kabler, man kan snuble over. Eller monter blot clipsene p\u00e5 v\u00e6ggen.<\/p>\n<p>Sammenlign priser p\u00e5 Nedis &#8211; Kabel Management | Kanal | 1 stk. | Maksimal tykkelse p\u00e5 kabel: 25 mm | Aluminium | Sort &#8211; CMDT5025BK110 og k\u00f8b online til den billigste pris, samt p\u00e5 tilbud!\u00a0\u00a0Tjek den bedste pris, produkt beskrivelse, video, test, anmeldelser osv.<\/p>\n<p><strong>Brand: <\/strong>Nedis<br \/>\n<strong>EAN: <\/strong>5412810411825<br \/>\n<strong>Producentens varenr.:<\/strong> 5412810411825<\/p>\n<p><strong>P.S.<\/strong><br \/>\nTilmeld dig til &#8220;Opret Gratis Prisfald Alarm&#8221;, og bliv underrettet med det samme om prisfald p\u00e5 Nedis &#8211; Kabel Management | Kanal | 1 stk. | Maksimal tykkelse p\u00e5 kabel: 25 mm | Aluminium | Sort &#8211; CMDT5025BK110, og f\u00e5 den billigste pris!<\/p>\n<p>&nbsp;<\/p>\n<p>&nbsp;<\/p>\n","protected":false},"excerpt":{"rendered":"<p>K\u00f8b billig Nedis &#8211; Kabel Management | Kanal | 1 stk. | Maksimal tykkelse p\u00e5 kabel: 25 mm | Aluminium | Sort &#8211; CMDT5025BK110! Dette Nedis-kabelstyringssystem er en hurtig og sikker l\u00f8sning til at holde kabler ude af syne. Installationskanalerne giver brugervenlig kabelf\u00f8ring til kabler, der ligger p\u00e5 gulvet, og g\u00f8r det nemt at organisere [&hellip;]<\/p>\n","protected":false},"featured_media":999980000004497640,"template":"","meta":[],"store":[1272516],"product_brand":[1272517],"product_cat":[1275235],"product_tag":[1275236,1275178],"class_list":{"0":"post-449764","1":"product","2":"type-product","3":"status-publish","4":"has-post-thumbnail","6":"store-butik24","7":"product_brand-nedis","8":"product_cat-kablerstyring","9":"product_tag-kablerstyring","10":"product_tag-nedis","11":"pa_maerke-nedis","13":"first","14":"instock","15":"product-type-external"},"_links":{"self":[{"href":"https:\/\/www.pricetornado.com\/da\/wp-json\/wp\/v2\/product\/449764","targetHints":{"allow":["GET"]}}],"collection":[{"href":"https:\/\/www.pricetornado.com\/da\/wp-json\/wp\/v2\/product"}],"about":[{"href":"https:\/\/www.pricetornado.com\/da\/wp-json\/wp\/v2\/types\/product"}],"wp:featuredmedia":[{"embeddable":true,"href":"https:\/\/www.pricetornado.com\/da\/wp-json\/"}],"wp:attachment":[{"href":"https:\/\/www.pricetornado.com\/da\/wp-json\/wp\/v2\/media?parent=449764"}],"wp:term":[{"taxonomy":"store","embeddable":true,"href":"https:\/\/www.pricetornado.com\/da\/wp-json\/wp\/v2\/store?post=449764"},{"taxonomy":"product_brand","embeddable":true,"href":"https:\/\/www.pricetornado.com\/da\/wp-json\/wp\/v2\/product_brand?post=449764"},{"taxonomy":"product_cat","embeddable":true,"href":"https:\/\/www.pricetornado.com\/da\/wp-json\/wp\/v2\/product_cat?post=449764"},{"taxonomy":"product_tag","embeddable":true,"href":"https:\/\/www.pricetornado.com\/da\/wp-json\/wp\/v2\/product_tag?post=449764"}],"curies":[{"name":"wp","href":"https:\/\/api.w.org\/{rel}","templated":true}]}}