{"id":449755,"date":"2025-02-24T23:53:59","date_gmt":"2025-02-24T22:53:59","guid":{"rendered":"https:\/\/www.pricetornado.com\/da\/produkt\/nedis-digital-audio-converter-1-veje-indgang-til-lyd-video-dataforbindelser-dc-power-1x-hdmi-input-audio-video-dataforbindelser-output-1x-3-5-mm-1x-toslink-3x-hdmi\/"},"modified":"2026-04-29T02:00:53","modified_gmt":"2026-04-29T00:00:53","slug":"nedis-digital-audio-converter-1-veje-indgang-til-lyd-video-dataforbindelser-dc-power-1x-hdmi-input-audio-video-dataforbindelser-output-1x-3-5-mm-1x-toslink-3x-hdmi","status":"publish","type":"product","link":"https:\/\/www.pricetornado.com\/da\/produkt\/nedis-digital-audio-converter-1-veje-indgang-til-lyd-video-dataforbindelser-dc-power-1x-hdmi-input-audio-video-dataforbindelser-output-1x-3-5-mm-1x-toslink-3x-hdmi\/","title":{"rendered":"Nedis &#8211; Digital Audio Converter | 1-veje | Indgang til lyd- \/ video- \/ dataforbindelser: DC Power \/ 1x HDMI\u2122 Input | Audio \/ video \/ dataforbindelser output: 1x 3.5 mm \/ 1x TosLink \/ 3x HDMI\u2122 Output | Automatisk \/ Trykknap | Antracit &#8211; ACON3445AT"},"content":{"rendered":"<p>K\u00f8b billig Nedis &#8211; Digital Audio Converter | 1-veje | Indgang til lyd- \/ video- \/ dataforbindelser: DC Power \/ 1x HDMI\u2122 Input | Audio \/ video \/ dataforbindelser output: 1x 3.5 mm \/ 1x TosLink \/ 3x HDMI\u2122 Output | Automatisk \/ Trykknap | Antracit &#8211; ACON3445AT!<br \/>\nDenne Nedis-bro opdeler dit eARC-signal i ARC og eARC. Den underst\u00f8tter de nyeste lydformater med h\u00f8j bithastighed (192 kHz), herunder DTS Master, DTS:X, Dolby TrueHD, Dolby Atmos, til brugerens Home Entertainment-enheder. Desuden kan signalet deles mellem dit TV og din soundbar eller dit hi-fi-anl\u00e6g.Videostreamingtjenester er tilg\u00e6ngelige p\u00e5 dit Smart TV via TV-apps. Hvis dit TV ikke underst\u00f8tter lydformater med h\u00f8j bitrate, kan du transmittere streamingsignalet fra dit TV til ACON3435AT, som transmitterer lydsignalerne med h\u00f8j bitrate til din eARC-underst\u00f8ttede lydenhed. Som f.eks. en eARC-soundbar eller -modtager. I till\u00e6g til dette kan den transmittere lydsignaler med lavere bitrate via toslink eller 3,5 mm til din modtager.Bem\u00e6rk: Til dette produkt skal du bruge Ultra High Speed HDMI\u2122-kabler. Disse kabler underst\u00f8tter den h\u00f8je b\u00e5ndbredde, som eARC har brug for.<\/p>\n<p>Sammenlign priser p\u00e5 Nedis &#8211; Digital Audio Converter | 1-veje | Indgang til lyd- \/ video- \/ dataforbindelser: DC Power \/ 1x HDMI\u2122 Input | Audio \/ video \/ dataforbindelser output: 1x 3.5 mm \/ 1x TosLink \/ 3x HDMI\u2122 Output | Automatisk \/ Trykknap | Antracit &#8211; ACON3445AT og k\u00f8b online til den billigste pris, samt p\u00e5 tilbud!\u00a0\u00a0Tjek den bedste pris, produkt beskrivelse, video, test, anmeldelser osv.<\/p>\n<p><strong>Brand: <\/strong>Nedis<br \/>\n<strong>EAN: <\/strong>5412810404636<br \/>\n<strong>Producentens varenr.:<\/strong> 5412810404636<\/p>\n<p><strong>P.S.<\/strong><br \/>\nTilmeld dig til &#8220;Opret Gratis Prisfald Alarm&#8221;, og bliv underrettet med det samme om prisfald p\u00e5 Nedis &#8211; Digital Audio Converter | 1-veje | Indgang til lyd- \/ video- \/ dataforbindelser: DC Power \/ 1x HDMI\u2122 Input | Audio \/ video \/ dataforbindelser output: 1x 3.5 mm \/ 1x TosLink \/ 3x HDMI\u2122 Output | Automatisk \/ Trykknap | Antracit &#8211; ACON3445AT, og f\u00e5 den billigste pris!<\/p>\n<p>&nbsp;<\/p>\n<p>&nbsp;<\/p>\n","protected":false},"excerpt":{"rendered":"<p>K\u00f8b billig Nedis &#8211; Digital Audio Converter | 1-veje | Indgang til lyd- \/ video- \/ dataforbindelser: DC Power \/ 1x HDMI\u2122 Input | Audio \/ video \/ dataforbindelser output: 1x 3.5 mm \/ 1x TosLink \/ 3x HDMI\u2122 Output | Automatisk \/ Trykknap | Antracit &#8211; ACON3445AT! Denne Nedis-bro opdeler dit eARC-signal i ARC [&hellip;]<\/p>\n","protected":false},"featured_media":0,"template":"","meta":[],"store":[1272516],"product_brand":[1272517],"product_cat":[1272472],"product_tag":[1272746,1275178],"class_list":{"0":"post-449755","1":"product","2":"type-product","3":"status-publish","5":"store-butik24","6":"product_brand-nedis","7":"product_cat-lyd","8":"product_tag-lyd","9":"product_tag-nedis","10":"pa_maerke-nedis","12":"first","13":"instock","14":"product-type-external"},"_links":{"self":[{"href":"https:\/\/www.pricetornado.com\/da\/wp-json\/wp\/v2\/product\/449755","targetHints":{"allow":["GET"]}}],"collection":[{"href":"https:\/\/www.pricetornado.com\/da\/wp-json\/wp\/v2\/product"}],"about":[{"href":"https:\/\/www.pricetornado.com\/da\/wp-json\/wp\/v2\/types\/product"}],"wp:attachment":[{"href":"https:\/\/www.pricetornado.com\/da\/wp-json\/wp\/v2\/media?parent=449755"}],"wp:term":[{"taxonomy":"store","embeddable":true,"href":"https:\/\/www.pricetornado.com\/da\/wp-json\/wp\/v2\/store?post=449755"},{"taxonomy":"product_brand","embeddable":true,"href":"https:\/\/www.pricetornado.com\/da\/wp-json\/wp\/v2\/product_brand?post=449755"},{"taxonomy":"product_cat","embeddable":true,"href":"https:\/\/www.pricetornado.com\/da\/wp-json\/wp\/v2\/product_cat?post=449755"},{"taxonomy":"product_tag","embeddable":true,"href":"https:\/\/www.pricetornado.com\/da\/wp-json\/wp\/v2\/product_tag?post=449755"}],"curies":[{"name":"wp","href":"https:\/\/api.w.org\/{rel}","templated":true}]}}