{"id":449752,"date":"2025-02-20T13:25:46","date_gmt":"2025-02-20T12:25:46","guid":{"rendered":"https:\/\/www.pricetornado.com\/da\/produkt\/nedis-kabel-management-spiral-aerme-1-stk-maksimal-tykkelse-paa-kabel-32-mm-pe-sort-cmsw2832bk200\/"},"modified":"2026-04-29T02:00:43","modified_gmt":"2026-04-29T00:00:43","slug":"nedis-kabel-management-spiral-aerme-1-stk-maksimal-tykkelse-paa-kabel-32-mm-pe-sort-cmsw2832bk200","status":"publish","type":"product","link":"https:\/\/www.pricetornado.com\/da\/produkt\/nedis-kabel-management-spiral-aerme-1-stk-maksimal-tykkelse-paa-kabel-32-mm-pe-sort-cmsw2832bk200\/","title":{"rendered":"Nedis &#8211; Kabel Management | Spiral \u00e6rme | 1 stk. | Maksimal tykkelse p\u00e5 kabel: 32 mm | PE | Sort &#8211; CMSW2832BK200"},"content":{"rendered":"<p>K\u00f8b billig Nedis &#8211; Kabel Management | Spiral \u00e6rme | 1 stk. | Maksimal tykkelse p\u00e5 kabel: 32 mm | PE | Sort &#8211; CMSW2832BK200!<br \/>\nDenne selvlukkende kabelstr\u00f8mpe fra Nedis\u00ae fjerner alt kabelrod p\u00e5 f\u00e5 sekunder. Kablerne kan ogs\u00e5 flettes ind og ud fra slidsen langs str\u00f8mpen, s\u00e5 der ikke er behov for at sk\u00e6re huller for at stikke kablerne ud.<\/p>\n<p>Sammenlign priser p\u00e5 Nedis &#8211; Kabel Management | Spiral \u00e6rme | 1 stk. | Maksimal tykkelse p\u00e5 kabel: 32 mm | PE | Sort &#8211; CMSW2832BK200 og k\u00f8b online til den billigste pris, samt p\u00e5 tilbud!\u00a0\u00a0Tjek den bedste pris, produkt beskrivelse, video, test, anmeldelser osv.<\/p>\n<p><strong>Brand: <\/strong>Nedis<br \/>\n<strong>EAN: <\/strong>5412810406159<br \/>\n<strong>Producentens varenr.:<\/strong> 5412810406159<\/p>\n<p><strong>P.S.<\/strong><br \/>\nTilmeld dig til &#8220;Opret Gratis Prisfald Alarm&#8221;, og bliv underrettet med det samme om prisfald p\u00e5 Nedis &#8211; Kabel Management | Spiral \u00e6rme | 1 stk. | Maksimal tykkelse p\u00e5 kabel: 32 mm | PE | Sort &#8211; CMSW2832BK200, og f\u00e5 den billigste pris!<\/p>\n<p>&nbsp;<\/p>\n<p>&nbsp;<\/p>\n","protected":false},"excerpt":{"rendered":"<p>K\u00f8b billig Nedis &#8211; Kabel Management | Spiral \u00e6rme | 1 stk. | Maksimal tykkelse p\u00e5 kabel: 32 mm | PE | Sort &#8211; CMSW2832BK200! Denne selvlukkende kabelstr\u00f8mpe fra Nedis\u00ae fjerner alt kabelrod p\u00e5 f\u00e5 sekunder. Kablerne kan ogs\u00e5 flettes ind og ud fra slidsen langs str\u00f8mpen, s\u00e5 der ikke er behov for at sk\u00e6re [&hellip;]<\/p>\n","protected":false},"featured_media":999980000004497520,"template":"","meta":[],"store":[1272516],"product_brand":[1272517],"product_cat":[1275235],"product_tag":[1275236,1275178],"class_list":{"0":"post-449752","1":"product","2":"type-product","3":"status-publish","4":"has-post-thumbnail","6":"store-butik24","7":"product_brand-nedis","8":"product_cat-kablerstyring","9":"product_tag-kablerstyring","10":"product_tag-nedis","11":"pa_maerke-nedis","13":"first","14":"instock","15":"product-type-external"},"_links":{"self":[{"href":"https:\/\/www.pricetornado.com\/da\/wp-json\/wp\/v2\/product\/449752","targetHints":{"allow":["GET"]}}],"collection":[{"href":"https:\/\/www.pricetornado.com\/da\/wp-json\/wp\/v2\/product"}],"about":[{"href":"https:\/\/www.pricetornado.com\/da\/wp-json\/wp\/v2\/types\/product"}],"wp:featuredmedia":[{"embeddable":true,"href":"https:\/\/www.pricetornado.com\/da\/wp-json\/"}],"wp:attachment":[{"href":"https:\/\/www.pricetornado.com\/da\/wp-json\/wp\/v2\/media?parent=449752"}],"wp:term":[{"taxonomy":"store","embeddable":true,"href":"https:\/\/www.pricetornado.com\/da\/wp-json\/wp\/v2\/store?post=449752"},{"taxonomy":"product_brand","embeddable":true,"href":"https:\/\/www.pricetornado.com\/da\/wp-json\/wp\/v2\/product_brand?post=449752"},{"taxonomy":"product_cat","embeddable":true,"href":"https:\/\/www.pricetornado.com\/da\/wp-json\/wp\/v2\/product_cat?post=449752"},{"taxonomy":"product_tag","embeddable":true,"href":"https:\/\/www.pricetornado.com\/da\/wp-json\/wp\/v2\/product_tag?post=449752"}],"curies":[{"name":"wp","href":"https:\/\/api.w.org\/{rel}","templated":true}]}}