{"id":449734,"date":"2025-02-22T07:13:02","date_gmt":"2025-02-22T06:13:02","guid":{"rendered":"https:\/\/www.pricetornado.com\/da\/produkt\/nedis-optisk-lydkabel-toslink-male-toslink-male-5-00-m-runde-flettet-gun-metal-graa-cover-window-box-catb25000gy50\/"},"modified":"2026-05-01T02:20:32","modified_gmt":"2026-05-01T00:20:32","slug":"nedis-optisk-lydkabel-toslink-male-toslink-male-5-00-m-runde-flettet-gun-metal-graa-cover-window-box-catb25000gy50","status":"publish","type":"product","link":"https:\/\/www.pricetornado.com\/da\/produkt\/nedis-optisk-lydkabel-toslink-male-toslink-male-5-00-m-runde-flettet-gun-metal-graa-cover-window-box-catb25000gy50\/","title":{"rendered":"Nedis &#8211; Optisk lydkabel | TosLink Male | TosLink Male | 5.00 m | Runde | Flettet | Gun Metal Gr\u00e5 | Cover Window Box &#8211; CATB25000GY50"},"content":{"rendered":"<p>K\u00f8b billig Nedis &#8211; Optisk lydkabel | TosLink Male | TosLink Male | 5.00 m | Runde | Flettet | Gun Metal Gr\u00e5 | Cover Window Box &#8211; CATB25000GY50!<br \/>\nDette Profigold high end digitale optiske lydkabel garanterer fremragende krystalklar lydkvalitet og kan bruges til at forbinde dine HiFi- eller hjemmebiografkomponenter som et stereoanl\u00e6g eller Blu-ray-afspiller til en modtager. Stikkene p\u00e5 et fiberoptisk kabel bruges ogs\u00e5 ofte p\u00e5 mediebokse, tv-apparater og alt muligt andet udstyr. Dette optiske kabel underst\u00f8tter 192 kHz\/24bit dataoverf\u00f8rselshastighed for at gengive de nyeste High Definition surround sound-formater.Stikkene med 24k forgyldte kontakter har et f\u00f8rsteklasses designet aluminiumslegeringsstikhus, der giver en holdbar produktfinish. Det flettede nylonkabel beskytter mod ultraviolette lyseffekter, vridnings- og tr\u00e6ksp\u00e6nding, hvilket resulterer i en lang levetid og maksimal holdbarhed.Profigold-lydkablerne er de bedste inden for sit segment. Seriens prioritet p\u00e5 musikalske f\u00f8lelser og detaljeret design viser, at de er klar til fremtiden og matcher dit lydudstyr og forbinder det med fremtidig udvidelser. Ud over det smukke design giver dette kabel en rig og dynamisk lyd, dyb bas og spr\u00f8de toner, opn\u00e5et ved innovativ teknologi og eksklusiv produktudvikling.<\/p>\n<p>Sammenlign priser p\u00e5 Nedis &#8211; Optisk lydkabel | TosLink Male | TosLink Male | 5.00 m | Runde | Flettet | Gun Metal Gr\u00e5 | Cover Window Box &#8211; CATB25000GY50 og k\u00f8b online til den billigste pris, samt p\u00e5 tilbud!\u00a0\u00a0Tjek den bedste pris, produkt beskrivelse, video, test, anmeldelser osv.<\/p>\n<p><strong>Brand: <\/strong>Nedis<br \/>\n<strong>EAN: <\/strong>5412810401574<br \/>\n<strong>Producentens varenr.:<\/strong> 5412810401574<\/p>\n<p><strong>P.S.<\/strong><br \/>\nTilmeld dig til &#8220;Opret Gratis Prisfald Alarm&#8221;, og bliv underrettet med det samme om prisfald p\u00e5 Nedis &#8211; Optisk lydkabel | TosLink Male | TosLink Male | 5.00 m | Runde | Flettet | Gun Metal Gr\u00e5 | Cover Window Box &#8211; CATB25000GY50, og f\u00e5 den billigste pris!<\/p>\n<p>&nbsp;<\/p>\n<p>&nbsp;<\/p>\n","protected":false},"excerpt":{"rendered":"<p>K\u00f8b billig Nedis &#8211; Optisk lydkabel | TosLink Male | TosLink Male | 5.00 m | Runde | Flettet | Gun Metal Gr\u00e5 | Cover Window Box &#8211; CATB25000GY50! Dette Profigold high end digitale optiske lydkabel garanterer fremragende krystalklar lydkvalitet og kan bruges til at forbinde dine HiFi- eller hjemmebiografkomponenter som et stereoanl\u00e6g eller Blu-ray-afspiller [&hellip;]<\/p>\n","protected":false},"featured_media":999980000004497340,"template":"","meta":[],"store":[1272516],"product_brand":[1272517],"product_cat":[1272472],"product_tag":[1272746,1275178],"class_list":{"0":"post-449734","1":"product","2":"type-product","3":"status-publish","4":"has-post-thumbnail","6":"store-butik24","7":"product_brand-nedis","8":"product_cat-lyd","9":"product_tag-lyd","10":"product_tag-nedis","11":"pa_maerke-nedis","13":"first","14":"instock","15":"product-type-external"},"_links":{"self":[{"href":"https:\/\/www.pricetornado.com\/da\/wp-json\/wp\/v2\/product\/449734","targetHints":{"allow":["GET"]}}],"collection":[{"href":"https:\/\/www.pricetornado.com\/da\/wp-json\/wp\/v2\/product"}],"about":[{"href":"https:\/\/www.pricetornado.com\/da\/wp-json\/wp\/v2\/types\/product"}],"wp:featuredmedia":[{"embeddable":true,"href":"https:\/\/www.pricetornado.com\/da\/wp-json\/"}],"wp:attachment":[{"href":"https:\/\/www.pricetornado.com\/da\/wp-json\/wp\/v2\/media?parent=449734"}],"wp:term":[{"taxonomy":"store","embeddable":true,"href":"https:\/\/www.pricetornado.com\/da\/wp-json\/wp\/v2\/store?post=449734"},{"taxonomy":"product_brand","embeddable":true,"href":"https:\/\/www.pricetornado.com\/da\/wp-json\/wp\/v2\/product_brand?post=449734"},{"taxonomy":"product_cat","embeddable":true,"href":"https:\/\/www.pricetornado.com\/da\/wp-json\/wp\/v2\/product_cat?post=449734"},{"taxonomy":"product_tag","embeddable":true,"href":"https:\/\/www.pricetornado.com\/da\/wp-json\/wp\/v2\/product_tag?post=449734"}],"curies":[{"name":"wp","href":"https:\/\/api.w.org\/{rel}","templated":true}]}}