{"id":449732,"date":"2025-02-23T21:45:36","date_gmt":"2025-02-23T20:45:36","guid":{"rendered":"https:\/\/www.pricetornado.com\/da\/produkt\/nedis-hdmi-adapter-displayport-han-dvi-d-24-1-pin-han-hdmi-micro-stik-hdmi-mini-stik-mini-displayport-han-usb-c-han-hdmi-udgang-guldp\/"},"modified":"2026-04-29T01:56:21","modified_gmt":"2026-04-28T23:56:21","slug":"nedis-hdmi-adapter-displayport-han-dvi-d-24-1-pin-han-hdmi-micro-stik-hdmi-mini-stik-mini-displayport-han-usb-c-han-hdmi-udgang-guldp","status":"publish","type":"product","link":"https:\/\/www.pricetornado.com\/da\/produkt\/nedis-hdmi-adapter-displayport-han-dvi-d-24-1-pin-han-hdmi-micro-stik-hdmi-mini-stik-mini-displayport-han-usb-c-han-hdmi-udgang-guldp\/","title":{"rendered":"Nedis &#8211; HDMI\u2122 Adapter | DisplayPort Han \/ DVI-D 24 + 1-pin han \/ HDMI\u2122 Micro-stik \/ HDMI\u2122 Mini-stik \/ Mini DisplayPort han \/ USB-C\u2122 Han | HDMI \u2122 -udgang | Guldplateret | Lige | PVC | Sort | 1 stk. | Box &#8211; CCGB34999BK"},"content":{"rendered":"<p>K\u00f8b billig Nedis &#8211; HDMI\u2122 Adapter | DisplayPort Han \/ DVI-D 24 + 1-pin han \/ HDMI\u2122 Micro-stik \/ HDMI\u2122 Mini-stik \/ Mini DisplayPort han \/ USB-C\u2122 Han | HDMI \u2122 -udgang | Guldplateret | Lige | PVC | Sort | 1 stk. | Box &#8211; CCGB34999BK!<br \/>\nEr din rigtige HDMI\u00ae-adapter blevet v\u00e6k, eller har du den bare ikke ved h\u00e5nden? Bare rolig, du kan gemme din pr\u00e6sentation med denne Nedis HDMI\u2122-adapterring. De mest almindelige adaptervalgmuligheder (mini DisplayPort, DisplayPort, USB-C, DVI, mini HDMI\u2122\/mikro) sammen, alle med guldbelagte stik og opl\u00f8sning p\u00e5 4K ved 60 Hz, giver maksimal p\u00e5lidelighed. Som helhed er ringen s\u00e5 kompakt, at du stadig kan komme rundt p\u00e5 trange steder med den rigtige adapter.Velegnet til skoler, hoteller, konferencelokaler og andre steder, hvor forskellige enheder skal sluttes til f.eks. en sk\u00e6rm eller projektor. En alsidig n\u00f8glering, som du altid kan tilslutte din enhed med, s\u00e5 du undg\u00e5r besv\u00e6r. Opbevar den i din computertaske, hvis du er p\u00e5 farten, eller i m\u00f8delokalet for at f\u00e5 fleksibilitet ved tilslutning.<\/p>\n<p>Sammenlign priser p\u00e5 Nedis &#8211; HDMI\u2122 Adapter | DisplayPort Han \/ DVI-D 24 + 1-pin han \/ HDMI\u2122 Micro-stik \/ HDMI\u2122 Mini-stik \/ Mini DisplayPort han \/ USB-C\u2122 Han | HDMI \u2122 -udgang | Guldplateret | Lige | PVC | Sort | 1 stk. | Box &#8211; CCGB34999BK og k\u00f8b online til den billigste pris, samt p\u00e5 tilbud!\u00a0\u00a0Tjek den bedste pris, produkt beskrivelse, video, test, anmeldelser osv.<\/p>\n<p><strong>Brand: <\/strong>Nedis<br \/>\n<strong>EAN: <\/strong>5412810336470<br \/>\n<strong>Producentens varenr.:<\/strong> 5412810336470<\/p>\n<p><strong>P.S.<\/strong><br \/>\nTilmeld dig til &#8220;Opret Gratis Prisfald Alarm&#8221;, og bliv underrettet med det samme om prisfald p\u00e5 Nedis &#8211; HDMI\u2122 Adapter | DisplayPort Han \/ DVI-D 24 + 1-pin han \/ HDMI\u2122 Micro-stik \/ HDMI\u2122 Mini-stik \/ Mini DisplayPort han \/ USB-C\u2122 Han | HDMI \u2122 -udgang | Guldplateret | Lige | PVC | Sort | 1 stk. | Box &#8211; CCGB34999BK, og f\u00e5 den billigste pris!<\/p>\n<p>&nbsp;<\/p>\n<p>&nbsp;<\/p>\n","protected":false},"excerpt":{"rendered":"<p>K\u00f8b billig Nedis &#8211; HDMI\u2122 Adapter | DisplayPort Han \/ DVI-D 24 + 1-pin han \/ HDMI\u2122 Micro-stik \/ HDMI\u2122 Mini-stik \/ Mini DisplayPort han \/ USB-C\u2122 Han | HDMI \u2122 -udgang | Guldplateret | Lige | PVC | Sort | 1 stk. | Box &#8211; CCGB34999BK! Er din rigtige HDMI\u00ae-adapter blevet v\u00e6k, eller har [&hellip;]<\/p>\n","protected":false},"featured_media":0,"template":"","meta":[],"store":[1272516],"product_brand":[1272517],"product_cat":[1275230],"product_tag":[1275178,1275231],"class_list":{"0":"post-449732","1":"product","2":"type-product","3":"status-publish","5":"store-butik24","6":"product_brand-nedis","7":"product_cat-video","8":"product_tag-nedis","9":"product_tag-video","10":"pa_maerke-nedis","12":"first","13":"instock","14":"product-type-external"},"_links":{"self":[{"href":"https:\/\/www.pricetornado.com\/da\/wp-json\/wp\/v2\/product\/449732","targetHints":{"allow":["GET"]}}],"collection":[{"href":"https:\/\/www.pricetornado.com\/da\/wp-json\/wp\/v2\/product"}],"about":[{"href":"https:\/\/www.pricetornado.com\/da\/wp-json\/wp\/v2\/types\/product"}],"wp:attachment":[{"href":"https:\/\/www.pricetornado.com\/da\/wp-json\/wp\/v2\/media?parent=449732"}],"wp:term":[{"taxonomy":"store","embeddable":true,"href":"https:\/\/www.pricetornado.com\/da\/wp-json\/wp\/v2\/store?post=449732"},{"taxonomy":"product_brand","embeddable":true,"href":"https:\/\/www.pricetornado.com\/da\/wp-json\/wp\/v2\/product_brand?post=449732"},{"taxonomy":"product_cat","embeddable":true,"href":"https:\/\/www.pricetornado.com\/da\/wp-json\/wp\/v2\/product_cat?post=449732"},{"taxonomy":"product_tag","embeddable":true,"href":"https:\/\/www.pricetornado.com\/da\/wp-json\/wp\/v2\/product_tag?post=449732"}],"curies":[{"name":"wp","href":"https:\/\/api.w.org\/{rel}","templated":true}]}}