{"id":449726,"date":"2025-02-20T23:47:54","date_gmt":"2025-02-20T22:47:54","guid":{"rendered":"https:\/\/www.pricetornado.com\/da\/produkt\/nedis-smartlife-3-i-1-klimaanlaeg-wi-fi-14000-btu-120-m%c2%b3-affugtning-android-ios-3-hastighedsindstilling-65-db-hvid-wifiacmb1wt14\/"},"modified":"2026-04-29T01:53:18","modified_gmt":"2026-04-28T23:53:18","slug":"nedis-smartlife-3-i-1-klimaanlaeg-wi-fi-14000-btu-120-m%c2%b3-affugtning-android-ios-3-hastighedsindstilling-65-db-hvid-wifiacmb1wt14","status":"publish","type":"product","link":"https:\/\/www.pricetornado.com\/da\/produkt\/nedis-smartlife-3-i-1-klimaanlaeg-wi-fi-14000-btu-120-m%c2%b3-affugtning-android-ios-3-hastighedsindstilling-65-db-hvid-wifiacmb1wt14\/","title":{"rendered":"Nedis &#8211; SmartLife 3-i-1 Klimaanl\u00e6g | Wi-Fi | 14000 BTU | 120 m\u00b3 | Affugtning | Android\u2122 \/ IOS | 3-hastighedsindstilling | 65 dB | Hvid &#8211; WIFIACMB1WT14"},"content":{"rendered":"<p>K\u00f8b billig Nedis &#8211; SmartLife 3-i-1 Klimaanl\u00e6g | Wi-Fi | 14000 BTU | 120 m\u00b3 | Affugtning | Android\u2122 \/ IOS | 3-hastighedsindstilling | 65 dB | Hvid &#8211; WIFIACMB1WT14!<br \/>\nEffektivt Nedis SmartLife 3-i-1 klimaanl\u00e6g med Wi-Fi \u2013 14.000 BTUOplev optimal komfort p\u00e5 varme sommerdage og -n\u00e6tter med Nedis SmartLife 3-i-1 klimaanl\u00e6g. Dette energibesparende og mobile klimaanl\u00e6g tilbyder effektiv k\u00f8ling, ventilation og affugtning i rum op til 120 m\u00b3. Med en kapacitet p\u00e5 14.000 BTU og en luftcirkulation p\u00e5 500 m\u00b3\/t sikres et behageligt indeklima i b\u00e5de kontor, stue og sovev\u00e6relse. Det affugter op til 40 liter pr. dag og hj\u00e6lper dig med at undg\u00e5 s\u00f8vnl\u00f8se n\u00e6tter eller ubehagelige arbejdsdage.Klimaanl\u00e6gget kobles nemt til dit Wi-Fi-netv\u00e6rk, s\u00e5 du kan fjernstyre det med Nedis SmartLife-appen til Android og iOS. Du kan indstille temperatur, v\u00e6lge mellem tre hastigheder, programmere timeren og aktivere dvaletilstand \u2013 direkte fra din telefon. Klimaanl\u00e6gget underst\u00f8tter ogs\u00e5 stemmekommandoer via Google Assistant og Amazon Alexa. Mangler du Wi-Fi, kan du altid styre enheden med det integrerede betjeningspanel eller den medf\u00f8lgende fjernbetjening.Det robuste, plastbaserede design med hjul g\u00f8r det let at flytte klimaanl\u00e6gget fra rum til rum. Med dimensioner p\u00e5 390 mm i dybden og 760 mm i h\u00f8jden samt kabeloprulning og praktisk dr\u00e6neslange er ops\u00e6tning og vedligeholdelse nem. Den medf\u00f8lgende luftslange p\u00e5 150 mm leder effektivt varmen ud, og et AC-vinduesforseglingss\u00e6t kan k\u00f8bes separat for endnu lettere installation i flere rum.Effektiv affugtning p\u00e5 op til 40 liter pr. dagFor bedst mulig ydeevne skal du sikre mindst 50 cm afstand mellem klimaanl\u00e6gget og v\u00e6gge eller andre genstande. Bem\u00e6rk, at ydeevnen kan p\u00e5virkes af rumst\u00f8rrelse, loftsh\u00f8jde, isolering og antal vinduer. De oplyste data er m\u00e5lt under foruds\u00e6tning af lav varmebelastning.Takket v\u00e6re det kompakte og elegante design er klimaanl\u00e6gget let at opbevare uden for s\u00e6sonen. Materialet af plast g\u00f8r enheden holdbar og let at vedligeholde. Med Nedis SmartLife klimaanl\u00e6g f\u00e5r du en smart og fleksibel l\u00f8sning, der sikrer et behageligt indeklima hele \u00e5ret.<\/p>\n<p>Sammenlign priser p\u00e5 Nedis &#8211; SmartLife 3-i-1 Klimaanl\u00e6g | Wi-Fi | 14000 BTU | 120 m\u00b3 | Affugtning | Android\u2122 \/ IOS | 3-hastighedsindstilling | 65 dB | Hvid &#8211; WIFIACMB1WT14 og k\u00f8b online til den billigste pris, samt p\u00e5 tilbud!\u00a0\u00a0Tjek den bedste pris, produkt beskrivelse, video, test, anmeldelser osv.<\/p>\n<p><strong>Brand: <\/strong>Nedis<br \/>\n<strong>EAN: <\/strong>5412810337125<br \/>\n<strong>Producentens varenr.:<\/strong> 5412810337125<\/p>\n<p><strong>P.S.<\/strong><br \/>\nTilmeld dig til &#8220;Opret Gratis Prisfald Alarm&#8221;, og bliv underrettet med det samme om prisfald p\u00e5 Nedis &#8211; SmartLife 3-i-1 Klimaanl\u00e6g | Wi-Fi | 14000 BTU | 120 m\u00b3 | Affugtning | Android\u2122 \/ IOS | 3-hastighedsindstilling | 65 dB | Hvid &#8211; WIFIACMB1WT14, og f\u00e5 den billigste pris!<\/p>\n<p>&nbsp;<\/p>\n<p>&nbsp;<\/p>\n","protected":false},"excerpt":{"rendered":"<p>K\u00f8b billig Nedis &#8211; SmartLife 3-i-1 Klimaanl\u00e6g | Wi-Fi | 14000 BTU | 120 m\u00b3 | Affugtning | Android\u2122 \/ IOS | 3-hastighedsindstilling | 65 dB | Hvid &#8211; WIFIACMB1WT14! Effektivt Nedis SmartLife 3-i-1 klimaanl\u00e6g med Wi-Fi \u2013 14.000 BTUOplev optimal komfort p\u00e5 varme sommerdage og -n\u00e6tter med Nedis SmartLife 3-i-1 klimaanl\u00e6g. Dette energibesparende og [&hellip;]<\/p>\n","protected":false},"featured_media":0,"template":"","meta":[],"store":[1272516],"product_brand":[1272517],"product_cat":[1272421],"product_tag":[1272687,1275178],"class_list":{"0":"post-449726","1":"product","2":"type-product","3":"status-publish","5":"store-butik24","6":"product_brand-nedis","7":"product_cat-klima","8":"product_tag-klima","9":"product_tag-nedis","10":"pa_maerke-nedis","12":"first","13":"instock","14":"product-type-external"},"_links":{"self":[{"href":"https:\/\/www.pricetornado.com\/da\/wp-json\/wp\/v2\/product\/449726","targetHints":{"allow":["GET"]}}],"collection":[{"href":"https:\/\/www.pricetornado.com\/da\/wp-json\/wp\/v2\/product"}],"about":[{"href":"https:\/\/www.pricetornado.com\/da\/wp-json\/wp\/v2\/types\/product"}],"wp:attachment":[{"href":"https:\/\/www.pricetornado.com\/da\/wp-json\/wp\/v2\/media?parent=449726"}],"wp:term":[{"taxonomy":"store","embeddable":true,"href":"https:\/\/www.pricetornado.com\/da\/wp-json\/wp\/v2\/store?post=449726"},{"taxonomy":"product_brand","embeddable":true,"href":"https:\/\/www.pricetornado.com\/da\/wp-json\/wp\/v2\/product_brand?post=449726"},{"taxonomy":"product_cat","embeddable":true,"href":"https:\/\/www.pricetornado.com\/da\/wp-json\/wp\/v2\/product_cat?post=449726"},{"taxonomy":"product_tag","embeddable":true,"href":"https:\/\/www.pricetornado.com\/da\/wp-json\/wp\/v2\/product_tag?post=449726"}],"curies":[{"name":"wp","href":"https:\/\/api.w.org\/{rel}","templated":true}]}}