{"id":449701,"date":"2025-02-26T20:15:51","date_gmt":"2025-02-26T19:15:51","guid":{"rendered":"https:\/\/www.pricetornado.com\/da\/produkt\/nedis-kat-6-kabel-rj45-han-rj45-han-s-ftp-15-0-m-runde-lszh-groen-label-ccgl85221gn150\/"},"modified":"2026-04-30T02:00:34","modified_gmt":"2026-04-30T00:00:34","slug":"nedis-kat-6-kabel-rj45-han-rj45-han-s-ftp-15-0-m-runde-lszh-groen-label-ccgl85221gn150","status":"publish","type":"product","link":"https:\/\/www.pricetornado.com\/da\/produkt\/nedis-kat-6-kabel-rj45-han-rj45-han-s-ftp-15-0-m-runde-lszh-groen-label-ccgl85221gn150\/","title":{"rendered":"Nedis &#8211; Kat 6 kabel | RJ45 Han | RJ45 Han | S\/FTP | 15.0 m | Runde | LSZH | Gr\u00f8n | Label &#8211; CCGL85221GN150"},"content":{"rendered":"<p>K\u00f8b billig Nedis &#8211; Kat 6 kabel | RJ45 Han | RJ45 Han | S\/FTP | 15.0 m | Runde | LSZH | Gr\u00f8n | Label &#8211; CCGL85221GN150!<br \/>\nKabel til tilslutning af en pc til dit hjemmenetv\u00e6rk.<\/p>\n<p>Sammenlign priser p\u00e5 Nedis &#8211; Kat 6 kabel | RJ45 Han | RJ45 Han | S\/FTP | 15.0 m | Runde | LSZH | Gr\u00f8n | Label &#8211; CCGL85221GN150 og k\u00f8b online til den billigste pris, samt p\u00e5 tilbud!\u00a0\u00a0Tjek den bedste pris, produkt beskrivelse, video, test, anmeldelser osv.<\/p>\n<p><strong>Brand: <\/strong>Nedis<br \/>\n<strong>EAN: <\/strong>5412810423453<br \/>\n<strong>Producentens varenr.:<\/strong> 5412810423453<\/p>\n<p><strong>P.S.<\/strong><br \/>\nTilmeld dig til &#8220;Opret Gratis Prisfald Alarm&#8221;, og bliv underrettet med det samme om prisfald p\u00e5 Nedis &#8211; Kat 6 kabel | RJ45 Han | RJ45 Han | S\/FTP | 15.0 m | Runde | LSZH | Gr\u00f8n | Label &#8211; CCGL85221GN150, og f\u00e5 den billigste pris!<\/p>\n<p>&nbsp;<\/p>\n<p>&nbsp;<\/p>\n","protected":false},"excerpt":{"rendered":"<p>K\u00f8b billig Nedis &#8211; Kat 6 kabel | RJ45 Han | RJ45 Han | S\/FTP | 15.0 m | Runde | LSZH | Gr\u00f8n | Label &#8211; CCGL85221GN150! Kabel til tilslutning af en pc til dit hjemmenetv\u00e6rk. Sammenlign priser p\u00e5 Nedis &#8211; Kat 6 kabel | RJ45 Han | RJ45 Han | S\/FTP | 15.0 [&hellip;]<\/p>\n","protected":false},"featured_media":999980000004497010,"template":"","meta":[],"store":[1272516],"product_brand":[1272517],"product_cat":[1275232],"product_tag":[1275233,1275178],"class_list":{"0":"post-449701","1":"product","2":"type-product","3":"status-publish","4":"has-post-thumbnail","6":"store-butik24","7":"product_brand-nedis","8":"product_cat-computer-og-netvaerk","9":"product_tag-computer-og-netvaerk","10":"product_tag-nedis","11":"pa_maerke-nedis","13":"first","14":"instock","15":"product-type-external"},"_links":{"self":[{"href":"https:\/\/www.pricetornado.com\/da\/wp-json\/wp\/v2\/product\/449701","targetHints":{"allow":["GET"]}}],"collection":[{"href":"https:\/\/www.pricetornado.com\/da\/wp-json\/wp\/v2\/product"}],"about":[{"href":"https:\/\/www.pricetornado.com\/da\/wp-json\/wp\/v2\/types\/product"}],"wp:featuredmedia":[{"embeddable":true,"href":"https:\/\/www.pricetornado.com\/da\/wp-json\/"}],"wp:attachment":[{"href":"https:\/\/www.pricetornado.com\/da\/wp-json\/wp\/v2\/media?parent=449701"}],"wp:term":[{"taxonomy":"store","embeddable":true,"href":"https:\/\/www.pricetornado.com\/da\/wp-json\/wp\/v2\/store?post=449701"},{"taxonomy":"product_brand","embeddable":true,"href":"https:\/\/www.pricetornado.com\/da\/wp-json\/wp\/v2\/product_brand?post=449701"},{"taxonomy":"product_cat","embeddable":true,"href":"https:\/\/www.pricetornado.com\/da\/wp-json\/wp\/v2\/product_cat?post=449701"},{"taxonomy":"product_tag","embeddable":true,"href":"https:\/\/www.pricetornado.com\/da\/wp-json\/wp\/v2\/product_tag?post=449701"}],"curies":[{"name":"wp","href":"https:\/\/api.w.org\/{rel}","templated":true}]}}