{"id":449696,"date":"2025-02-21T12:50:05","date_gmt":"2025-02-21T11:50:05","guid":{"rendered":"https:\/\/www.pricetornado.com\/da\/produkt\/nedis-cat6-netvaerkskabel-rulle-stranded-s-ftp-cca-305-m-indendoers-runde-pvc-graa-traekboks-ccbg8524gy305\/"},"modified":"2026-04-29T01:44:53","modified_gmt":"2026-04-28T23:44:53","slug":"nedis-cat6-netvaerkskabel-rulle-stranded-s-ftp-cca-305-m-indendoers-runde-pvc-graa-traekboks-ccbg8524gy305","status":"publish","type":"product","link":"https:\/\/www.pricetornado.com\/da\/produkt\/nedis-cat6-netvaerkskabel-rulle-stranded-s-ftp-cca-305-m-indendoers-runde-pvc-graa-traekboks-ccbg8524gy305\/","title":{"rendered":"Nedis &#8211; CAT6 netv\u00e6rkskabel rulle | Stranded | S\/FTP | CCA | 305 m | Indend\u00f8rs | Runde | PVC | Gr\u00e5 | Tr\u00e6kboks &#8211; CCBG8524GY305"},"content":{"rendered":"<p>K\u00f8b billig Nedis &#8211; CAT6 netv\u00e6rkskabel rulle | Stranded | S\/FTP | CCA | 305 m | Indend\u00f8rs | Runde | PVC | Gr\u00e5 | Tr\u00e6kboks &#8211; CCBG8524GY305!<br \/>\nDette CAT6-kabel har sk\u00e6rmede parsnoninger, der g\u00f8r det mindre udsat for eksterne elektriske p\u00e5virkninger. Helt velegnet til 10 \/ 100 \/ 1000 Mbps-netv\u00e6rksmilj\u00f8er. De flertr\u00e5dede ledere g\u00f8r den perfekt til brug sammen med patchkabler.<\/p>\n<p>Sammenlign priser p\u00e5 Nedis &#8211; CAT6 netv\u00e6rkskabel rulle | Stranded | S\/FTP | CCA | 305 m | Indend\u00f8rs | Runde | PVC | Gr\u00e5 | Tr\u00e6kboks &#8211; CCBG8524GY305 og k\u00f8b online til den billigste pris, samt p\u00e5 tilbud!\u00a0\u00a0Tjek den bedste pris, produkt beskrivelse, video, test, anmeldelser osv.<\/p>\n<p><strong>Brand: <\/strong>Nedis<br \/>\n<strong>EAN: <\/strong>5412810399567<br \/>\n<strong>Producentens varenr.:<\/strong> 5412810399567<\/p>\n<p><strong>P.S.<\/strong><br \/>\nTilmeld dig til &#8220;Opret Gratis Prisfald Alarm&#8221;, og bliv underrettet med det samme om prisfald p\u00e5 Nedis &#8211; CAT6 netv\u00e6rkskabel rulle | Stranded | S\/FTP | CCA | 305 m | Indend\u00f8rs | Runde | PVC | Gr\u00e5 | Tr\u00e6kboks &#8211; CCBG8524GY305, og f\u00e5 den billigste pris!<\/p>\n<p>&nbsp;<\/p>\n<p>&nbsp;<\/p>\n","protected":false},"excerpt":{"rendered":"<p>K\u00f8b billig Nedis &#8211; CAT6 netv\u00e6rkskabel rulle | Stranded | S\/FTP | CCA | 305 m | Indend\u00f8rs | Runde | PVC | Gr\u00e5 | Tr\u00e6kboks &#8211; CCBG8524GY305! Dette CAT6-kabel har sk\u00e6rmede parsnoninger, der g\u00f8r det mindre udsat for eksterne elektriske p\u00e5virkninger. Helt velegnet til 10 \/ 100 \/ 1000 Mbps-netv\u00e6rksmilj\u00f8er. De flertr\u00e5dede ledere g\u00f8r [&hellip;]<\/p>\n","protected":false},"featured_media":999980000004496960,"template":"","meta":[],"store":[1272516],"product_brand":[1272517],"product_cat":[1275232],"product_tag":[1275233,1275178],"class_list":{"0":"post-449696","1":"product","2":"type-product","3":"status-publish","4":"has-post-thumbnail","6":"store-butik24","7":"product_brand-nedis","8":"product_cat-computer-og-netvaerk","9":"product_tag-computer-og-netvaerk","10":"product_tag-nedis","11":"pa_maerke-nedis","13":"first","14":"instock","15":"product-type-external"},"_links":{"self":[{"href":"https:\/\/www.pricetornado.com\/da\/wp-json\/wp\/v2\/product\/449696","targetHints":{"allow":["GET"]}}],"collection":[{"href":"https:\/\/www.pricetornado.com\/da\/wp-json\/wp\/v2\/product"}],"about":[{"href":"https:\/\/www.pricetornado.com\/da\/wp-json\/wp\/v2\/types\/product"}],"wp:featuredmedia":[{"embeddable":true,"href":"https:\/\/www.pricetornado.com\/da\/wp-json\/"}],"wp:attachment":[{"href":"https:\/\/www.pricetornado.com\/da\/wp-json\/wp\/v2\/media?parent=449696"}],"wp:term":[{"taxonomy":"store","embeddable":true,"href":"https:\/\/www.pricetornado.com\/da\/wp-json\/wp\/v2\/store?post=449696"},{"taxonomy":"product_brand","embeddable":true,"href":"https:\/\/www.pricetornado.com\/da\/wp-json\/wp\/v2\/product_brand?post=449696"},{"taxonomy":"product_cat","embeddable":true,"href":"https:\/\/www.pricetornado.com\/da\/wp-json\/wp\/v2\/product_cat?post=449696"},{"taxonomy":"product_tag","embeddable":true,"href":"https:\/\/www.pricetornado.com\/da\/wp-json\/wp\/v2\/product_tag?post=449696"}],"curies":[{"name":"wp","href":"https:\/\/api.w.org\/{rel}","templated":true}]}}