{"id":449685,"date":"2025-02-27T05:53:18","date_gmt":"2025-02-27T04:53:18","guid":{"rendered":"https:\/\/www.pricetornado.com\/da\/produkt\/nedis-cat5e-netvaerkskabel-rulle-solid-u-utp-kobber-305-m-indendoers-runde-pvc-graa-traekboks-ccbgutp5gy305s\/"},"modified":"2026-05-01T02:00:00","modified_gmt":"2026-05-01T00:00:00","slug":"nedis-cat5e-netvaerkskabel-rulle-solid-u-utp-kobber-305-m-indendoers-runde-pvc-graa-traekboks-ccbgutp5gy305s","status":"publish","type":"product","link":"https:\/\/www.pricetornado.com\/da\/produkt\/nedis-cat5e-netvaerkskabel-rulle-solid-u-utp-kobber-305-m-indendoers-runde-pvc-graa-traekboks-ccbgutp5gy305s\/","title":{"rendered":"Nedis &#8211; CAT5e netv\u00e6rkskabel rulle | Solid | U\/UTP | Kobber | 305 m | Indend\u00f8rs | Runde | PVC | Gr\u00e5 | Tr\u00e6kboks &#8211; CCBGUTP5GY305S"},"content":{"rendered":"<p>K\u00f8b billig Nedis &#8211; CAT5e netv\u00e6rkskabel rulle | Solid | U\/UTP | Kobber | 305 m | Indend\u00f8rs | Runde | PVC | Gr\u00e5 | Tr\u00e6kboks &#8211; CCBGUTP5GY305S!<br \/>\nCAT5e kabel har ubeskyttet parsnoet kabel. Meget velegnet til 10\/100\/1000 Mbps netv\u00e6rksmilj\u00f8er. P\u00e5 grund af de isolerede kerner, er den velegnet til brug med netv\u00e6rk uden forl\u00e6ngerledning.<\/p>\n<p>Sammenlign priser p\u00e5 Nedis &#8211; CAT5e netv\u00e6rkskabel rulle | Solid | U\/UTP | Kobber | 305 m | Indend\u00f8rs | Runde | PVC | Gr\u00e5 | Tr\u00e6kboks &#8211; CCBGUTP5GY305S og k\u00f8b online til den billigste pris, samt p\u00e5 tilbud!\u00a0\u00a0Tjek den bedste pris, produkt beskrivelse, video, test, anmeldelser osv.<\/p>\n<p><strong>Brand: <\/strong>Nedis<br \/>\n<strong>EAN: <\/strong>5412810294367<br \/>\n<strong>Producentens varenr.:<\/strong> 5412810294367<\/p>\n<p><strong>P.S.<\/strong><br \/>\nTilmeld dig til &#8220;Opret Gratis Prisfald Alarm&#8221;, og bliv underrettet med det samme om prisfald p\u00e5 Nedis &#8211; CAT5e netv\u00e6rkskabel rulle | Solid | U\/UTP | Kobber | 305 m | Indend\u00f8rs | Runde | PVC | Gr\u00e5 | Tr\u00e6kboks &#8211; CCBGUTP5GY305S, og f\u00e5 den billigste pris!<\/p>\n<p>&nbsp;<\/p>\n<p>&nbsp;<\/p>\n","protected":false},"excerpt":{"rendered":"<p>K\u00f8b billig Nedis &#8211; CAT5e netv\u00e6rkskabel rulle | Solid | U\/UTP | Kobber | 305 m | Indend\u00f8rs | Runde | PVC | Gr\u00e5 | Tr\u00e6kboks &#8211; CCBGUTP5GY305S! CAT5e kabel har ubeskyttet parsnoet kabel. Meget velegnet til 10\/100\/1000 Mbps netv\u00e6rksmilj\u00f8er. P\u00e5 grund af de isolerede kerner, er den velegnet til brug med netv\u00e6rk uden forl\u00e6ngerledning. [&hellip;]<\/p>\n","protected":false},"featured_media":999980000004496850,"template":"","meta":[],"store":[1272516],"product_brand":[1272517],"product_cat":[1275232],"product_tag":[1275233,1275178],"class_list":{"0":"post-449685","1":"product","2":"type-product","3":"status-publish","4":"has-post-thumbnail","6":"store-butik24","7":"product_brand-nedis","8":"product_cat-computer-og-netvaerk","9":"product_tag-computer-og-netvaerk","10":"product_tag-nedis","11":"pa_maerke-nedis","13":"first","14":"instock","15":"product-type-external"},"_links":{"self":[{"href":"https:\/\/www.pricetornado.com\/da\/wp-json\/wp\/v2\/product\/449685","targetHints":{"allow":["GET"]}}],"collection":[{"href":"https:\/\/www.pricetornado.com\/da\/wp-json\/wp\/v2\/product"}],"about":[{"href":"https:\/\/www.pricetornado.com\/da\/wp-json\/wp\/v2\/types\/product"}],"wp:featuredmedia":[{"embeddable":true,"href":"https:\/\/www.pricetornado.com\/da\/wp-json\/"}],"wp:attachment":[{"href":"https:\/\/www.pricetornado.com\/da\/wp-json\/wp\/v2\/media?parent=449685"}],"wp:term":[{"taxonomy":"store","embeddable":true,"href":"https:\/\/www.pricetornado.com\/da\/wp-json\/wp\/v2\/store?post=449685"},{"taxonomy":"product_brand","embeddable":true,"href":"https:\/\/www.pricetornado.com\/da\/wp-json\/wp\/v2\/product_brand?post=449685"},{"taxonomy":"product_cat","embeddable":true,"href":"https:\/\/www.pricetornado.com\/da\/wp-json\/wp\/v2\/product_cat?post=449685"},{"taxonomy":"product_tag","embeddable":true,"href":"https:\/\/www.pricetornado.com\/da\/wp-json\/wp\/v2\/product_tag?post=449685"}],"curies":[{"name":"wp","href":"https:\/\/api.w.org\/{rel}","templated":true}]}}