{"id":449663,"date":"2025-02-27T16:47:01","date_gmt":"2025-02-27T15:47:01","guid":{"rendered":"https:\/\/www.pricetornado.com\/da\/produkt\/nedis-displayport-kabel-displayport-han-displayport-han-8k60hz-guldplateret-3-00-m-runde-pvc-antracit-box-ccbw37014at30\/"},"modified":"2026-05-13T02:59:58","modified_gmt":"2026-05-13T00:59:58","slug":"nedis-displayport-kabel-displayport-han-displayport-han-8k60hz-guldplateret-3-00-m-runde-pvc-antracit-box-ccbw37014at30","status":"publish","type":"product","link":"https:\/\/www.pricetornado.com\/da\/produkt\/nedis-displayport-kabel-displayport-han-displayport-han-8k60hz-guldplateret-3-00-m-runde-pvc-antracit-box-ccbw37014at30\/","title":{"rendered":"Nedis &#8211; Displayport kabel | DisplayPort Han | DisplayPort Han | 8K@60Hz | Guldplateret | 3.00 m | Runde | PVC | Antracit | Box &#8211; CCBW37014AT30"},"content":{"rendered":"<p>K\u00f8b billig Nedis &#8211; Displayport kabel | DisplayPort Han | DisplayPort Han | 8K@60Hz | Guldplateret | 3.00 m | Runde | PVC | Antracit | Box &#8211; CCBW37014AT30!<br \/>\nDette DisplayPort 1.4-kabel kan bruges til at tilslutte en computer med en DisplayPort-udgang til en sk\u00e6rm med en HDMI-indgang med en opl\u00f8sning p\u00e5 op til 8K. Kablet underst\u00f8tter 8K@60Hz (7680&#215;4320) og leverer knivskarp video i h\u00f8j opl\u00f8sning samt HD-lyd i h\u00f8j kvalitet.DisplayPort 1.4 \u00f8ger den maksimale datahastighed markant sammenlignet med tidligere versioner. Med en b\u00e5ndbredde p\u00e5 op til 32,4 Gbps er kablet velegnet til b\u00e5de film og spil.Den afsk\u00e6rmede konstruktion hj\u00e6lper med at beskytte mod forstyrrelser og bidrager til en mere p\u00e5lidelig signaloverf\u00f8rsel. De guldplaterede kontakter er designet til at underst\u00f8tte maksimal signalkvalitet og lang holdbarhed.Kablet har lige DisplayPort han-til-han-stik og en l\u00e6ngde p\u00e5 3,00 meter, som giver praktisk f\u00f8ring mellem enheder. Den runde kabelkonstruktion har en diameter p\u00e5 8,5 mm.Kabelkappen er fremstillet i PVC, som bidrager til fleksibilitet og holdbarhed. Stikkene er udf\u00f8rt i ABS med guldplaterede kontakter, og lederne er fremstillet af fortinnet kobber, hvilket bidrager til god signalintegritet og korrosionsbestandighed.DisplayPort 1.4-kabelEt praktisk valg til dig, der \u00f8nsker et DisplayPort-kabel med h\u00f8j opl\u00f8sning, stabil forbindelse og solide materialer.<\/p>\n<p>Sammenlign priser p\u00e5 Nedis &#8211; Displayport kabel | DisplayPort Han | DisplayPort Han | 8K@60Hz | Guldplateret | 3.00 m | Runde | PVC | Antracit | Box &#8211; CCBW37014AT30 og k\u00f8b online til den billigste pris, samt p\u00e5 tilbud!\u00a0\u00a0Tjek den bedste pris, produkt beskrivelse, video, test, anmeldelser osv.<\/p>\n<p><strong>Brand: <\/strong>Nedis<br \/>\n<strong>EAN: <\/strong>5412810313303<br \/>\n<strong>Producentens varenr.:<\/strong> 5412810313303<\/p>\n<p><strong>P.S.<\/strong><br \/>\nTilmeld dig til &#8220;Opret Gratis Prisfald Alarm&#8221;, og bliv underrettet med det samme om prisfald p\u00e5 Nedis &#8211; Displayport kabel | DisplayPort Han | DisplayPort Han | 8K@60Hz | Guldplateret | 3.00 m | Runde | PVC | Antracit | Box &#8211; CCBW37014AT30, og f\u00e5 den billigste pris!<\/p>\n<p>&nbsp;<\/p>\n<p>&nbsp;<\/p>\n","protected":false},"excerpt":{"rendered":"<p>K\u00f8b billig Nedis &#8211; Displayport kabel | DisplayPort Han | DisplayPort Han | 8K@60Hz | Guldplateret | 3.00 m | Runde | PVC | Antracit | Box &#8211; CCBW37014AT30! Dette DisplayPort 1.4-kabel kan bruges til at tilslutte en computer med en DisplayPort-udgang til en sk\u00e6rm med en HDMI-indgang med en opl\u00f8sning p\u00e5 op til 8K. [&hellip;]<\/p>\n","protected":false},"featured_media":999980000004496630,"template":"","meta":[],"store":[1272516],"product_brand":[1272517],"product_cat":[1275232],"product_tag":[1275233,1275178],"class_list":{"0":"post-449663","1":"product","2":"type-product","3":"status-publish","4":"has-post-thumbnail","6":"store-butik24","7":"product_brand-nedis","8":"product_cat-computer-og-netvaerk","9":"product_tag-computer-og-netvaerk","10":"product_tag-nedis","11":"pa_maerke-nedis","13":"first","14":"instock","15":"product-type-external"},"_links":{"self":[{"href":"https:\/\/www.pricetornado.com\/da\/wp-json\/wp\/v2\/product\/449663","targetHints":{"allow":["GET"]}}],"collection":[{"href":"https:\/\/www.pricetornado.com\/da\/wp-json\/wp\/v2\/product"}],"about":[{"href":"https:\/\/www.pricetornado.com\/da\/wp-json\/wp\/v2\/types\/product"}],"wp:featuredmedia":[{"embeddable":true,"href":"https:\/\/www.pricetornado.com\/da\/wp-json\/"}],"wp:attachment":[{"href":"https:\/\/www.pricetornado.com\/da\/wp-json\/wp\/v2\/media?parent=449663"}],"wp:term":[{"taxonomy":"store","embeddable":true,"href":"https:\/\/www.pricetornado.com\/da\/wp-json\/wp\/v2\/store?post=449663"},{"taxonomy":"product_brand","embeddable":true,"href":"https:\/\/www.pricetornado.com\/da\/wp-json\/wp\/v2\/product_brand?post=449663"},{"taxonomy":"product_cat","embeddable":true,"href":"https:\/\/www.pricetornado.com\/da\/wp-json\/wp\/v2\/product_cat?post=449663"},{"taxonomy":"product_tag","embeddable":true,"href":"https:\/\/www.pricetornado.com\/da\/wp-json\/wp\/v2\/product_tag?post=449663"}],"curies":[{"name":"wp","href":"https:\/\/api.w.org\/{rel}","templated":true}]}}