{"id":449656,"date":"2025-02-24T01:54:48","date_gmt":"2025-02-24T00:54:48","guid":{"rendered":"https:\/\/www.pricetornado.com\/da\/produkt\/nedis-high-speed-hdmi-kabel-med-ethernet-hdmi-stik-hdmi-stik-4k30hz-10-2-gbps-3-00-m-fladt-pvc-sort-konvolut-cvgp34100bk30\/"},"modified":"2026-04-29T01:35:44","modified_gmt":"2026-04-28T23:35:44","slug":"nedis-high-speed-hdmi-kabel-med-ethernet-hdmi-stik-hdmi-stik-4k30hz-10-2-gbps-3-00-m-fladt-pvc-sort-konvolut-cvgp34100bk30","status":"publish","type":"product","link":"https:\/\/www.pricetornado.com\/da\/produkt\/nedis-high-speed-hdmi-kabel-med-ethernet-hdmi-stik-hdmi-stik-4k30hz-10-2-gbps-3-00-m-fladt-pvc-sort-konvolut-cvgp34100bk30\/","title":{"rendered":"Nedis &#8211; High Speed HDMI \u2122 kabel med Ethernet | HDMI\u2122 Stik | HDMI\u2122 Stik | 4K@30Hz | 10.2 Gbps | 3.00 m | Fladt | PVC | Sort | Konvolut &#8211; CVGP34100BK30"},"content":{"rendered":"<p>K\u00f8b billig Nedis &#8211; High Speed HDMI \u2122 kabel med Ethernet | HDMI\u2122 Stik | HDMI\u2122 Stik | 4K@30Hz | 10.2 Gbps | 3.00 m | Fladt | PVC | Sort | Konvolut &#8211; CVGP34100BK30!<br \/>\nDette flade HDMI-kabel med h\u00f8j hastighed og integreret Ethernet er det ideelle valg til enhedsnetv\u00e6rk og moderne billedkvalitet. Det underst\u00f8tter videoopl\u00f8sninger p\u00e5 1080p og h\u00f8jere, herunder avancerede sk\u00e6rmteknologier som 4K ved 30Hz, 3D og Deep Color.Kablets kappe og stik er fremstillet af PVC og ABS for robusthed og fleksibilitet. Lederne best\u00e5r af kobberbelagt st\u00e5l (CCS), mens HDMI-stikkene har 24 karat guldbelagte kontakter, som giver p\u00e5lidelig signaloverf\u00f8rsel og effektiv beskyttelse mod korrosion. Dette sikrer lang holdbarhed og stabil forbindelse.Det slanke, flade design g\u00f8r det let at skjule kablet bag m\u00f8bler eller elektronikudstyr og at tr\u00e6kke det gennem smalle rum. Den integrerede Ethernet-funktion muligg\u00f8r hurtig netv\u00e6rksforbindelse mellem kompatible enheder, s\u00e5 du slipper for ekstra kabler. Dette HDMI-kabel er en praktisk og holdbar l\u00f8sning til b\u00e5de hjemmebiograf, spilkonsoller og andre multimedieenheder.Opgrader din lyd- og billedoplevelse med et kvalitets HDMI-kabel, der matcher nutidens krav til tilslutning og ydeevne.<\/p>\n<p>Sammenlign priser p\u00e5 Nedis &#8211; High Speed HDMI \u2122 kabel med Ethernet | HDMI\u2122 Stik | HDMI\u2122 Stik | 4K@30Hz | 10.2 Gbps | 3.00 m | Fladt | PVC | Sort | Konvolut &#8211; CVGP34100BK30 og k\u00f8b online til den billigste pris, samt p\u00e5 tilbud!\u00a0\u00a0Tjek den bedste pris, produkt beskrivelse, video, test, anmeldelser osv.<\/p>\n<p><strong>Brand: <\/strong>Nedis<br \/>\n<strong>EAN: <\/strong>5412810264728<br \/>\n<strong>Producentens varenr.:<\/strong> 5412810264728<\/p>\n<p><strong>P.S.<\/strong><br \/>\nTilmeld dig til &#8220;Opret Gratis Prisfald Alarm&#8221;, og bliv underrettet med det samme om prisfald p\u00e5 Nedis &#8211; High Speed HDMI \u2122 kabel med Ethernet | HDMI\u2122 Stik | HDMI\u2122 Stik | 4K@30Hz | 10.2 Gbps | 3.00 m | Fladt | PVC | Sort | Konvolut &#8211; CVGP34100BK30, og f\u00e5 den billigste pris!<\/p>\n<p>&nbsp;<\/p>\n<p>&nbsp;<\/p>\n","protected":false},"excerpt":{"rendered":"<p>K\u00f8b billig Nedis &#8211; High Speed HDMI \u2122 kabel med Ethernet | HDMI\u2122 Stik | HDMI\u2122 Stik | 4K@30Hz | 10.2 Gbps | 3.00 m | Fladt | PVC | Sort | Konvolut &#8211; CVGP34100BK30! Dette flade HDMI-kabel med h\u00f8j hastighed og integreret Ethernet er det ideelle valg til enhedsnetv\u00e6rk og moderne billedkvalitet. Det underst\u00f8tter [&hellip;]<\/p>\n","protected":false},"featured_media":0,"template":"","meta":[],"store":[1272516],"product_brand":[1272517],"product_cat":[1275230],"product_tag":[1275178,1275231],"class_list":{"0":"post-449656","1":"product","2":"type-product","3":"status-publish","5":"store-butik24","6":"product_brand-nedis","7":"product_cat-video","8":"product_tag-nedis","9":"product_tag-video","10":"pa_maerke-nedis","12":"first","13":"instock","14":"product-type-external"},"_links":{"self":[{"href":"https:\/\/www.pricetornado.com\/da\/wp-json\/wp\/v2\/product\/449656","targetHints":{"allow":["GET"]}}],"collection":[{"href":"https:\/\/www.pricetornado.com\/da\/wp-json\/wp\/v2\/product"}],"about":[{"href":"https:\/\/www.pricetornado.com\/da\/wp-json\/wp\/v2\/types\/product"}],"wp:attachment":[{"href":"https:\/\/www.pricetornado.com\/da\/wp-json\/wp\/v2\/media?parent=449656"}],"wp:term":[{"taxonomy":"store","embeddable":true,"href":"https:\/\/www.pricetornado.com\/da\/wp-json\/wp\/v2\/store?post=449656"},{"taxonomy":"product_brand","embeddable":true,"href":"https:\/\/www.pricetornado.com\/da\/wp-json\/wp\/v2\/product_brand?post=449656"},{"taxonomy":"product_cat","embeddable":true,"href":"https:\/\/www.pricetornado.com\/da\/wp-json\/wp\/v2\/product_cat?post=449656"},{"taxonomy":"product_tag","embeddable":true,"href":"https:\/\/www.pricetornado.com\/da\/wp-json\/wp\/v2\/product_tag?post=449656"}],"curies":[{"name":"wp","href":"https:\/\/api.w.org\/{rel}","templated":true}]}}