{"id":449654,"date":"2025-02-21T23:14:05","date_gmt":"2025-02-21T22:14:05","guid":{"rendered":"https:\/\/www.pricetornado.com\/da\/produkt\/nedis-high-speed-hdmi-kabel-med-ethernet-hdmi-stik-hdmi-stik-4k60hz-arc-18-gbps-5-00-m-runde-pvc-antracit-box-cvbw34000at50\/"},"modified":"2026-04-29T01:35:37","modified_gmt":"2026-04-28T23:35:37","slug":"nedis-high-speed-hdmi-kabel-med-ethernet-hdmi-stik-hdmi-stik-4k60hz-arc-18-gbps-5-00-m-runde-pvc-antracit-box-cvbw34000at50","status":"publish","type":"product","link":"https:\/\/www.pricetornado.com\/da\/produkt\/nedis-high-speed-hdmi-kabel-med-ethernet-hdmi-stik-hdmi-stik-4k60hz-arc-18-gbps-5-00-m-runde-pvc-antracit-box-cvbw34000at50\/","title":{"rendered":"Nedis &#8211; High Speed HDMI \u2122 kabel med Ethernet | HDMI\u2122 Stik | HDMI\u2122 Stik | 4K@60Hz | ARC | 18 Gbps | 5.00 m | Runde | PVC | Antracit | Box &#8211; CVBW34000AT50"},"content":{"rendered":"<p>K\u00f8b billig Nedis &#8211; High Speed HDMI \u2122 kabel med Ethernet | HDMI\u2122 Stik | HDMI\u2122 Stik | 4K@60Hz | ARC | 18 Gbps | 5.00 m | Runde | PVC | Antracit | Box &#8211; CVBW34000AT50!<br \/>\nDette HDMI-kabel g\u00f8r det nemt at tilslutte en Blu-ray-afspiller, medieafspiller eller spillekonsol til dit HDTV og nyde HD-videokvalitet helt op til 4K UHD ved 60 Hz. Med avancerede funktioner og robust konstruktion sikrer det en stabil og p\u00e5lidelig forbindelse til dine audiovisuelle enheder.Kablet har en l\u00e6ngde p\u00e5 5 meter og er udformet med et slidst\u00e6rkt PVC-omslag i antracit, hvilket giver b\u00e5de fleksibilitet og holdbarhed til forskellige installationer. Den runde konstruktion sikrer nem h\u00e5ndtering, mens guldbelagte HDMI-stik modvirker korrosion og sikrer optimal signaloverf\u00f8rsel uden tab.Dette HDMI-kabel er ideelt til hjemmebiografen eller andre audiovisuelle ops\u00e6tninger, hvor b\u00e5de kvalitet og p\u00e5lidelighed er afg\u00f8rende. Den solide konstruktion og avancerede funktioner sikrer, at du opn\u00e5r optimal billed- og lydkvalitet ved tilslutning af moderne underholdningsenheder.V\u00e6lg dette HDMI-kabel for en langtidsholdbar og stabil l\u00f8sning, der bevarer signalets kvalitet over l\u00e6ngere afstande.<\/p>\n<p>Sammenlign priser p\u00e5 Nedis &#8211; High Speed HDMI \u2122 kabel med Ethernet | HDMI\u2122 Stik | HDMI\u2122 Stik | 4K@60Hz | ARC | 18 Gbps | 5.00 m | Runde | PVC | Antracit | Box &#8211; CVBW34000AT50 og k\u00f8b online til den billigste pris, samt p\u00e5 tilbud!\u00a0\u00a0Tjek den bedste pris, produkt beskrivelse, video, test, anmeldelser osv.<\/p>\n<p><strong>Brand: <\/strong>Nedis<br \/>\n<strong>EAN: <\/strong>5412810264483<br \/>\n<strong>Producentens varenr.:<\/strong> 5412810264483<\/p>\n<p><strong>P.S.<\/strong><br \/>\nTilmeld dig til &#8220;Opret Gratis Prisfald Alarm&#8221;, og bliv underrettet med det samme om prisfald p\u00e5 Nedis &#8211; High Speed HDMI \u2122 kabel med Ethernet | HDMI\u2122 Stik | HDMI\u2122 Stik | 4K@60Hz | ARC | 18 Gbps | 5.00 m | Runde | PVC | Antracit | Box &#8211; CVBW34000AT50, og f\u00e5 den billigste pris!<\/p>\n<p>&nbsp;<\/p>\n<p>&nbsp;<\/p>\n","protected":false},"excerpt":{"rendered":"<p>K\u00f8b billig Nedis &#8211; High Speed HDMI \u2122 kabel med Ethernet | HDMI\u2122 Stik | HDMI\u2122 Stik | 4K@60Hz | ARC | 18 Gbps | 5.00 m | Runde | PVC | Antracit | Box &#8211; CVBW34000AT50! Dette HDMI-kabel g\u00f8r det nemt at tilslutte en Blu-ray-afspiller, medieafspiller eller spillekonsol til dit HDTV og nyde HD-videokvalitet [&hellip;]<\/p>\n","protected":false},"featured_media":0,"template":"","meta":[],"store":[1272516],"product_brand":[1272517],"product_cat":[1275230],"product_tag":[1275178,1275231],"class_list":{"0":"post-449654","1":"product","2":"type-product","3":"status-publish","5":"store-butik24","6":"product_brand-nedis","7":"product_cat-video","8":"product_tag-nedis","9":"product_tag-video","10":"pa_maerke-nedis","12":"first","13":"instock","14":"product-type-external"},"_links":{"self":[{"href":"https:\/\/www.pricetornado.com\/da\/wp-json\/wp\/v2\/product\/449654","targetHints":{"allow":["GET"]}}],"collection":[{"href":"https:\/\/www.pricetornado.com\/da\/wp-json\/wp\/v2\/product"}],"about":[{"href":"https:\/\/www.pricetornado.com\/da\/wp-json\/wp\/v2\/types\/product"}],"wp:attachment":[{"href":"https:\/\/www.pricetornado.com\/da\/wp-json\/wp\/v2\/media?parent=449654"}],"wp:term":[{"taxonomy":"store","embeddable":true,"href":"https:\/\/www.pricetornado.com\/da\/wp-json\/wp\/v2\/store?post=449654"},{"taxonomy":"product_brand","embeddable":true,"href":"https:\/\/www.pricetornado.com\/da\/wp-json\/wp\/v2\/product_brand?post=449654"},{"taxonomy":"product_cat","embeddable":true,"href":"https:\/\/www.pricetornado.com\/da\/wp-json\/wp\/v2\/product_cat?post=449654"},{"taxonomy":"product_tag","embeddable":true,"href":"https:\/\/www.pricetornado.com\/da\/wp-json\/wp\/v2\/product_tag?post=449654"}],"curies":[{"name":"wp","href":"https:\/\/api.w.org\/{rel}","templated":true}]}}