{"id":449650,"date":"2025-02-21T15:33:22","date_gmt":"2025-02-21T14:33:22","guid":{"rendered":"https:\/\/www.pricetornado.com\/da\/produkt\/nedis-high-speed-hdmi-kabel-med-ethernet-hdmi-stik-hdmi-stik-4k30hz-arc-10-2-gbps-15-0-m-runde-pvc-antracit-box-cvbw34000at150\/"},"modified":"2026-04-29T01:35:23","modified_gmt":"2026-04-28T23:35:23","slug":"nedis-high-speed-hdmi-kabel-med-ethernet-hdmi-stik-hdmi-stik-4k30hz-arc-10-2-gbps-15-0-m-runde-pvc-antracit-box-cvbw34000at150","status":"publish","type":"product","link":"https:\/\/www.pricetornado.com\/da\/produkt\/nedis-high-speed-hdmi-kabel-med-ethernet-hdmi-stik-hdmi-stik-4k30hz-arc-10-2-gbps-15-0-m-runde-pvc-antracit-box-cvbw34000at150\/","title":{"rendered":"Nedis &#8211; High Speed HDMI \u2122 kabel med Ethernet | HDMI\u2122 Stik | HDMI\u2122 Stik | 4K@30Hz | ARC | 10.2 Gbps | 15.0 m | Runde | PVC | Antracit | Box &#8211; CVBW34000AT150"},"content":{"rendered":"<p>K\u00f8b billig Nedis &#8211; High Speed HDMI \u2122 kabel med Ethernet | HDMI\u2122 Stik | HDMI\u2122 Stik | 4K@30Hz | ARC | 10.2 Gbps | 15.0 m | Runde | PVC | Antracit | Box &#8211; CVBW34000AT150!<br \/>\nDette HDMI-kabel er ideelt til tilslutning af Blu-ray-afspillere, medieafspillere eller spillekonsoller til dit HDTV, s\u00e5 du kan nyde HD-videokvalitet og avanceret billedskarphed derhjemme. Kablet underst\u00f8tter 4K-opl\u00f8sning ved 30Hz, hvilket sikrer flotte og detaljerede billeder.Det runde kabeldesign muligg\u00f8r en l\u00e6ngde p\u00e5 op til 15 meter uden signalforringelse, hvilket er s\u00e6rligt nyttigt til langt kabeltr\u00e6k. Kablet er udstyret med PVC-mantel og yderkappe for b\u00e5de holdbarhed og fleksibilitet. De indvendige kobberledere og guldplader p\u00e5 HDMI-stikkene optimerer ledningsevnen og beskytter mod korrosion for langvarig brug.HDMI Type A han-til-han-stik sikrer simpel tilslutning mellem f.eks. TV og afspillerDen runde struktur med n\u00f8jagtig ledningsf\u00f8ring sikrer minimal signalforringelse, ogs\u00e5 ved l\u00e6ngere kabler. Kablet opfylder g\u00e6ngse HDMI-standarder og leverer en p\u00e5lidelig og praktisk l\u00f8sning til dine AV-forbindelser.V\u00e6lg dette HDMI-kabel for en st\u00e6rk, vedvarende forbindelse og en forbedret hjemmeunderholdningsoplevelse med skarpere billedkvalitet og mere fyldig lyd.<\/p>\n<p>Sammenlign priser p\u00e5 Nedis &#8211; High Speed HDMI \u2122 kabel med Ethernet | HDMI\u2122 Stik | HDMI\u2122 Stik | 4K@30Hz | ARC | 10.2 Gbps | 15.0 m | Runde | PVC | Antracit | Box &#8211; CVBW34000AT150 og k\u00f8b online til den billigste pris, samt p\u00e5 tilbud!\u00a0\u00a0Tjek den bedste pris, produkt beskrivelse, video, test, anmeldelser osv.<\/p>\n<p><strong>Brand: <\/strong>Nedis<br \/>\n<strong>EAN: <\/strong>5412810264445<br \/>\n<strong>Producentens varenr.:<\/strong> 5412810264445<\/p>\n<p><strong>P.S.<\/strong><br \/>\nTilmeld dig til &#8220;Opret Gratis Prisfald Alarm&#8221;, og bliv underrettet med det samme om prisfald p\u00e5 Nedis &#8211; High Speed HDMI \u2122 kabel med Ethernet | HDMI\u2122 Stik | HDMI\u2122 Stik | 4K@30Hz | ARC | 10.2 Gbps | 15.0 m | Runde | PVC | Antracit | Box &#8211; CVBW34000AT150, og f\u00e5 den billigste pris!<\/p>\n<p>&nbsp;<\/p>\n<p>&nbsp;<\/p>\n","protected":false},"excerpt":{"rendered":"<p>K\u00f8b billig Nedis &#8211; High Speed HDMI \u2122 kabel med Ethernet | HDMI\u2122 Stik | HDMI\u2122 Stik | 4K@30Hz | ARC | 10.2 Gbps | 15.0 m | Runde | PVC | Antracit | Box &#8211; CVBW34000AT150! Dette HDMI-kabel er ideelt til tilslutning af Blu-ray-afspillere, medieafspillere eller spillekonsoller til dit HDTV, s\u00e5 du kan nyde [&hellip;]<\/p>\n","protected":false},"featured_media":0,"template":"","meta":[],"store":[1272516],"product_brand":[1272517],"product_cat":[1275230],"product_tag":[1275178,1275231],"class_list":{"0":"post-449650","1":"product","2":"type-product","3":"status-publish","5":"store-butik24","6":"product_brand-nedis","7":"product_cat-video","8":"product_tag-nedis","9":"product_tag-video","10":"pa_maerke-nedis","12":"first","13":"instock","14":"product-type-external"},"_links":{"self":[{"href":"https:\/\/www.pricetornado.com\/da\/wp-json\/wp\/v2\/product\/449650","targetHints":{"allow":["GET"]}}],"collection":[{"href":"https:\/\/www.pricetornado.com\/da\/wp-json\/wp\/v2\/product"}],"about":[{"href":"https:\/\/www.pricetornado.com\/da\/wp-json\/wp\/v2\/types\/product"}],"wp:attachment":[{"href":"https:\/\/www.pricetornado.com\/da\/wp-json\/wp\/v2\/media?parent=449650"}],"wp:term":[{"taxonomy":"store","embeddable":true,"href":"https:\/\/www.pricetornado.com\/da\/wp-json\/wp\/v2\/store?post=449650"},{"taxonomy":"product_brand","embeddable":true,"href":"https:\/\/www.pricetornado.com\/da\/wp-json\/wp\/v2\/product_brand?post=449650"},{"taxonomy":"product_cat","embeddable":true,"href":"https:\/\/www.pricetornado.com\/da\/wp-json\/wp\/v2\/product_cat?post=449650"},{"taxonomy":"product_tag","embeddable":true,"href":"https:\/\/www.pricetornado.com\/da\/wp-json\/wp\/v2\/product_tag?post=449650"}],"curies":[{"name":"wp","href":"https:\/\/api.w.org\/{rel}","templated":true}]}}