{"id":449647,"date":"2025-02-23T14:46:50","date_gmt":"2025-02-23T13:46:50","guid":{"rendered":"https:\/\/www.pricetornado.com\/da\/produkt\/nedis-hdmi-adapter-hdmi-stik-usb-micro-b-hun-vga-hun-3-5-mm-hunstik-guldplateret-lige-pvc-antracit-1-stk-box-ccbw34900at02\/"},"modified":"2026-04-29T01:35:12","modified_gmt":"2026-04-28T23:35:12","slug":"nedis-hdmi-adapter-hdmi-stik-usb-micro-b-hun-vga-hun-3-5-mm-hunstik-guldplateret-lige-pvc-antracit-1-stk-box-ccbw34900at02","status":"publish","type":"product","link":"https:\/\/www.pricetornado.com\/da\/produkt\/nedis-hdmi-adapter-hdmi-stik-usb-micro-b-hun-vga-hun-3-5-mm-hunstik-guldplateret-lige-pvc-antracit-1-stk-box-ccbw34900at02\/","title":{"rendered":"Nedis &#8211; HDMI\u2122 Adapter | HDMI\u2122 Stik | USB Micro-B Hun \/ VGA Hun \/ 3.5 mm Hunstik | Guldplateret | Lige | PVC | Antracit | 1 stk. | Box &#8211; CCBW34900AT02"},"content":{"rendered":"<p>K\u00f8b billig Nedis &#8211; HDMI\u2122 Adapter | HDMI\u2122 Stik | USB Micro-B Hun \/ VGA Hun \/ 3.5 mm Hunstik | Guldplateret | Lige | PVC | Antracit | 1 stk. | Box &#8211; CCBW34900AT02!<br \/>\nDenne HDMI til VGA-adapter g\u00f8r det muligt at forbinde en HDMI-udgang fra din b\u00e6rbare computer, ultrabook eller station\u00e6re pc til en VGA-sk\u00e6rm eller projektor. Dermed kan du spare udgiften til at opgradere til en HDMI-kompatibel monitor. Adapteren er ideel til pr\u00e6sentationer og arbejdsdokumenter og kan desuden udvide skrivebordet til en sekund\u00e6r sk\u00e6rm, s\u00e5 du f\u00e5r et st\u00f8rre arbejdsomr\u00e5de og \u00f8get produktivitet.Adapteren har et indbygget chipset, som konverterer HDMI (digitalt signal) til VGA (analogt signal), samtidig med at lydsignalet dirigeres til en 3,5 mm jackudgang. Det betyder, at du let kan overf\u00f8re b\u00e5de billede og lyd via \u00e9n praktisk enhed uden behov for separate adaptere. Hvis du vil overf\u00f8re lyd, tilsluttes et lydkabel til 3,5 mm-udgangen, forudsat at sk\u00e6rmen eller projektoren har tilsluttede h\u00f8jttalere.Det indbyggede konverteringschipset kr\u00e6ver str\u00f8m, som leveres via USB Micro-B-forbindelsen. Tilslut et USB Micro-B-kabel til en ledig USB-port p\u00e5 din pc eller brug en USB-oplader, hvis du ikke har flere ledige porte. Dette sikrer stabil drift af adapteren under alle forhold.Adapteren underst\u00f8tter opl\u00f8sninger op til 1080p (1920&#215;1080), hvilket sikrer skarpe og klare billeder p\u00e5 din VGA-sk\u00e6rm eller projektor.Takket v\u00e6re sin kompakte st\u00f8rrelse og nemme ops\u00e6tning er denne HDMI til VGA-adapter let at tage med p\u00e5 farten. F\u00e5 en fleksibel og effektiv l\u00f8sning med b\u00e5de lyd- og billedoverf\u00f8rsel i \u00e9n adapter \u2013 perfekt til b\u00e5de arbejds- og pr\u00e6sentationsmilj\u00f8er.<\/p>\n<p>Sammenlign priser p\u00e5 Nedis &#8211; HDMI\u2122 Adapter | HDMI\u2122 Stik | USB Micro-B Hun \/ VGA Hun \/ 3.5 mm Hunstik | Guldplateret | Lige | PVC | Antracit | 1 stk. | Box &#8211; CCBW34900AT02 og k\u00f8b online til den billigste pris, samt p\u00e5 tilbud!\u00a0\u00a0Tjek den bedste pris, produkt beskrivelse, video, test, anmeldelser osv.<\/p>\n<p><strong>Brand: <\/strong>Nedis<br \/>\n<strong>EAN: <\/strong>5412810264353<br \/>\n<strong>Producentens varenr.:<\/strong> 5412810264353<\/p>\n<p><strong>P.S.<\/strong><br \/>\nTilmeld dig til &#8220;Opret Gratis Prisfald Alarm&#8221;, og bliv underrettet med det samme om prisfald p\u00e5 Nedis &#8211; HDMI\u2122 Adapter | HDMI\u2122 Stik | USB Micro-B Hun \/ VGA Hun \/ 3.5 mm Hunstik | Guldplateret | Lige | PVC | Antracit | 1 stk. | Box &#8211; CCBW34900AT02, og f\u00e5 den billigste pris!<\/p>\n<p>&nbsp;<\/p>\n<p>&nbsp;<\/p>\n","protected":false},"excerpt":{"rendered":"<p>K\u00f8b billig Nedis &#8211; HDMI\u2122 Adapter | HDMI\u2122 Stik | USB Micro-B Hun \/ VGA Hun \/ 3.5 mm Hunstik | Guldplateret | Lige | PVC | Antracit | 1 stk. | Box &#8211; CCBW34900AT02! Denne HDMI til VGA-adapter g\u00f8r det muligt at forbinde en HDMI-udgang fra din b\u00e6rbare computer, ultrabook eller station\u00e6re pc til [&hellip;]<\/p>\n","protected":false},"featured_media":0,"template":"","meta":[],"store":[1272516],"product_brand":[1272517],"product_cat":[1275230],"product_tag":[1275178,1275231],"class_list":{"0":"post-449647","1":"product","2":"type-product","3":"status-publish","5":"store-butik24","6":"product_brand-nedis","7":"product_cat-video","8":"product_tag-nedis","9":"product_tag-video","10":"pa_maerke-nedis","12":"first","13":"instock","14":"product-type-external"},"_links":{"self":[{"href":"https:\/\/www.pricetornado.com\/da\/wp-json\/wp\/v2\/product\/449647","targetHints":{"allow":["GET"]}}],"collection":[{"href":"https:\/\/www.pricetornado.com\/da\/wp-json\/wp\/v2\/product"}],"about":[{"href":"https:\/\/www.pricetornado.com\/da\/wp-json\/wp\/v2\/types\/product"}],"wp:attachment":[{"href":"https:\/\/www.pricetornado.com\/da\/wp-json\/wp\/v2\/media?parent=449647"}],"wp:term":[{"taxonomy":"store","embeddable":true,"href":"https:\/\/www.pricetornado.com\/da\/wp-json\/wp\/v2\/store?post=449647"},{"taxonomy":"product_brand","embeddable":true,"href":"https:\/\/www.pricetornado.com\/da\/wp-json\/wp\/v2\/product_brand?post=449647"},{"taxonomy":"product_cat","embeddable":true,"href":"https:\/\/www.pricetornado.com\/da\/wp-json\/wp\/v2\/product_cat?post=449647"},{"taxonomy":"product_tag","embeddable":true,"href":"https:\/\/www.pricetornado.com\/da\/wp-json\/wp\/v2\/product_tag?post=449647"}],"curies":[{"name":"wp","href":"https:\/\/api.w.org\/{rel}","templated":true}]}}