{"id":449644,"date":"2025-02-26T19:40:23","date_gmt":"2025-02-26T18:40:23","guid":{"rendered":"https:\/\/www.pricetornado.com\/da\/produkt\/nedis-kat-6-kabel-rj45-han-rj45-han-f-utp-10-0-m-runde-lszh-pvc-antracit-window-box-ccbw85210at100\/"},"modified":"2026-05-01T01:50:52","modified_gmt":"2026-04-30T23:50:52","slug":"nedis-kat-6-kabel-rj45-han-rj45-han-f-utp-10-0-m-runde-lszh-pvc-antracit-window-box-ccbw85210at100","status":"publish","type":"product","link":"https:\/\/www.pricetornado.com\/da\/produkt\/nedis-kat-6-kabel-rj45-han-rj45-han-f-utp-10-0-m-runde-lszh-pvc-antracit-window-box-ccbw85210at100\/","title":{"rendered":"Nedis &#8211; Kat 6 kabel | RJ45 Han | RJ45 Han | F\/UTP | 10.0 m | Runde | LSZH \/ PVC | Antracit | Window Box &#8211; CCBW85210AT100"},"content":{"rendered":"<p>K\u00f8b billig Nedis &#8211; Kat 6 kabel | RJ45 Han | RJ45 Han | F\/UTP | 10.0 m | Runde | LSZH \/ PVC | Antracit | Window Box &#8211; CCBW85210AT100!<br \/>\nDette netv\u00e6rkskabel er ideelt til tilslutning af en pc eller andet udstyr til dit hjemmenetv\u00e6rk. Med en l\u00e6ngde p\u00e5 10 meter giver det stor fleksibilitet ved installationsmuligheder uden at g\u00e5 p\u00e5 kompromis med forbindelsens kvalitet eller sikkerhed.Kablet kombinerer en PVC-yderkappe med LSZH-bel\u00e6gning (Low Smoke Zero Halogen), hvilket reducerer r\u00f8g og udsendelse af giftige gasser i tilf\u00e6lde af brand. Det g\u00f8r det velegnet til lukkede rum og milj\u00f8er med sk\u00e6rpede brandsikkerhedskrav.Lederen er fremstillet af blank kobber (AWG 26), og begge ender er udstyret med RJ45 han-stik med guldbelagte kontakter, hvilket sikrer optimal ledningsevne og reducerer signaltab.Med dette Kat 6 kabel f\u00e5r du en p\u00e5lidelig og sikker l\u00f8sning til hjemmets netv\u00e6rksops\u00e6tning. De brandsikre materialer og kraftig sk\u00e6rmning sikrer b\u00e5de driftssikkerhed og tryghed, selv i milj\u00f8er med ekstra fokus p\u00e5 sikkerhed.G\u00f8r din netv\u00e6rksinstallation nemmere og mere effektiv med 10 meter h\u00f8jtydende Kat 6 netv\u00e6rkskabel.<\/p>\n<p>Sammenlign priser p\u00e5 Nedis &#8211; Kat 6 kabel | RJ45 Han | RJ45 Han | F\/UTP | 10.0 m | Runde | LSZH \/ PVC | Antracit | Window Box &#8211; CCBW85210AT100 og k\u00f8b online til den billigste pris, samt p\u00e5 tilbud!\u00a0\u00a0Tjek den bedste pris, produkt beskrivelse, video, test, anmeldelser osv.<\/p>\n<p><strong>Brand: <\/strong>Nedis<br \/>\n<strong>EAN: <\/strong>5412810264070<br \/>\n<strong>Producentens varenr.:<\/strong> 5412810264070<\/p>\n<p><strong>P.S.<\/strong><br \/>\nTilmeld dig til &#8220;Opret Gratis Prisfald Alarm&#8221;, og bliv underrettet med det samme om prisfald p\u00e5 Nedis &#8211; Kat 6 kabel | RJ45 Han | RJ45 Han | F\/UTP | 10.0 m | Runde | LSZH \/ PVC | Antracit | Window Box &#8211; CCBW85210AT100, og f\u00e5 den billigste pris!<\/p>\n<p>&nbsp;<\/p>\n<p>&nbsp;<\/p>\n","protected":false},"excerpt":{"rendered":"<p>K\u00f8b billig Nedis &#8211; Kat 6 kabel | RJ45 Han | RJ45 Han | F\/UTP | 10.0 m | Runde | LSZH \/ PVC | Antracit | Window Box &#8211; CCBW85210AT100! Dette netv\u00e6rkskabel er ideelt til tilslutning af en pc eller andet udstyr til dit hjemmenetv\u00e6rk. Med en l\u00e6ngde p\u00e5 10 meter giver det stor [&hellip;]<\/p>\n","protected":false},"featured_media":999980000004496440,"template":"","meta":[],"store":[1272516],"product_brand":[1272517],"product_cat":[1275232],"product_tag":[1275233,1275178],"class_list":{"0":"post-449644","1":"product","2":"type-product","3":"status-publish","4":"has-post-thumbnail","6":"store-butik24","7":"product_brand-nedis","8":"product_cat-computer-og-netvaerk","9":"product_tag-computer-og-netvaerk","10":"product_tag-nedis","11":"pa_maerke-nedis","13":"first","14":"instock","15":"product-type-external"},"_links":{"self":[{"href":"https:\/\/www.pricetornado.com\/da\/wp-json\/wp\/v2\/product\/449644","targetHints":{"allow":["GET"]}}],"collection":[{"href":"https:\/\/www.pricetornado.com\/da\/wp-json\/wp\/v2\/product"}],"about":[{"href":"https:\/\/www.pricetornado.com\/da\/wp-json\/wp\/v2\/types\/product"}],"wp:featuredmedia":[{"embeddable":true,"href":"https:\/\/www.pricetornado.com\/da\/wp-json\/"}],"wp:attachment":[{"href":"https:\/\/www.pricetornado.com\/da\/wp-json\/wp\/v2\/media?parent=449644"}],"wp:term":[{"taxonomy":"store","embeddable":true,"href":"https:\/\/www.pricetornado.com\/da\/wp-json\/wp\/v2\/store?post=449644"},{"taxonomy":"product_brand","embeddable":true,"href":"https:\/\/www.pricetornado.com\/da\/wp-json\/wp\/v2\/product_brand?post=449644"},{"taxonomy":"product_cat","embeddable":true,"href":"https:\/\/www.pricetornado.com\/da\/wp-json\/wp\/v2\/product_cat?post=449644"},{"taxonomy":"product_tag","embeddable":true,"href":"https:\/\/www.pricetornado.com\/da\/wp-json\/wp\/v2\/product_tag?post=449644"}],"curies":[{"name":"wp","href":"https:\/\/api.w.org\/{rel}","templated":true}]}}