{"id":449642,"date":"2025-02-25T22:13:38","date_gmt":"2025-02-25T21:13:38","guid":{"rendered":"https:\/\/www.pricetornado.com\/da\/produkt\/nedis-displayport-kabel-displayport-han-hdmi-udgang-4k30hz-guldplateret-0-20-m-runde-pvc-antracit-box-ccbw37150at02\/"},"modified":"2026-04-29T01:34:55","modified_gmt":"2026-04-28T23:34:55","slug":"nedis-displayport-kabel-displayport-han-hdmi-udgang-4k30hz-guldplateret-0-20-m-runde-pvc-antracit-box-ccbw37150at02","status":"publish","type":"product","link":"https:\/\/www.pricetornado.com\/da\/produkt\/nedis-displayport-kabel-displayport-han-hdmi-udgang-4k30hz-guldplateret-0-20-m-runde-pvc-antracit-box-ccbw37150at02\/","title":{"rendered":"Nedis &#8211; Displayport kabel | DisplayPort Han | HDMI \u2122 -udgang | 4K@30Hz | Guldplateret | 0.20 m | Runde | PVC | Antracit | Box &#8211; CCBW37150AT02"},"content":{"rendered":"<p>K\u00f8b billig Nedis &#8211; Displayport kabel | DisplayPort Han | HDMI \u2122 -udgang | 4K@30Hz | Guldplateret | 0.20 m | Runde | PVC | Antracit | Box &#8211; CCBW37150AT02!<br \/>\nDette kabel g\u00f8r det nemt at forbinde din LCD- eller LED-sk\u00e6rm til en pc. Med en praktisk l\u00e6ngde p\u00e5 0,20 meter er det ideelt til steder med begr\u00e6nset plads, hvor du har brug for en simpel og p\u00e5lidelig forbindelse.DisplayPort han til HDMI han-stik \u2013 sikrer kompatibilitet mellem pc og sk\u00e6rm.Underst\u00f8tter videoopl\u00f8sning op til 4K ved 30 Hz for flot billedkvalitet til dagligt brug.Guldplaterede kontakter giver stabil og p\u00e5lidelig signaloverf\u00f8rsel.Kablet er rund med holdbar PVC-yderside for lang levetid.Kablet leverer stabil overf\u00f8rsel af video fra pc til sk\u00e6rm uden besv\u00e6r, hvilket g\u00f8r det til et funktionelt valg for dig, der \u00f8nsker en nem og effektiv tilslutning.<\/p>\n<p>Sammenlign priser p\u00e5 Nedis &#8211; Displayport kabel | DisplayPort Han | HDMI \u2122 -udgang | 4K@30Hz | Guldplateret | 0.20 m | Runde | PVC | Antracit | Box &#8211; CCBW37150AT02 og k\u00f8b online til den billigste pris, samt p\u00e5 tilbud!\u00a0\u00a0Tjek den bedste pris, produkt beskrivelse, video, test, anmeldelser osv.<\/p>\n<p><strong>Brand: <\/strong>Nedis<br \/>\n<strong>EAN: <\/strong>5412810263851<br \/>\n<strong>Producentens varenr.:<\/strong> 5412810263851<\/p>\n<p><strong>P.S.<\/strong><br \/>\nTilmeld dig til &#8220;Opret Gratis Prisfald Alarm&#8221;, og bliv underrettet med det samme om prisfald p\u00e5 Nedis &#8211; Displayport kabel | DisplayPort Han | HDMI \u2122 -udgang | 4K@30Hz | Guldplateret | 0.20 m | Runde | PVC | Antracit | Box &#8211; CCBW37150AT02, og f\u00e5 den billigste pris!<\/p>\n<p>&nbsp;<\/p>\n<p>&nbsp;<\/p>\n","protected":false},"excerpt":{"rendered":"<p>K\u00f8b billig Nedis &#8211; Displayport kabel | DisplayPort Han | HDMI \u2122 -udgang | 4K@30Hz | Guldplateret | 0.20 m | Runde | PVC | Antracit | Box &#8211; CCBW37150AT02! Dette kabel g\u00f8r det nemt at forbinde din LCD- eller LED-sk\u00e6rm til en pc. Med en praktisk l\u00e6ngde p\u00e5 0,20 meter er det ideelt til [&hellip;]<\/p>\n","protected":false},"featured_media":0,"template":"","meta":[],"store":[1272516],"product_brand":[1272517],"product_cat":[1275232],"product_tag":[1275233,1275178],"class_list":{"0":"post-449642","1":"product","2":"type-product","3":"status-publish","5":"store-butik24","6":"product_brand-nedis","7":"product_cat-computer-og-netvaerk","8":"product_tag-computer-og-netvaerk","9":"product_tag-nedis","10":"pa_maerke-nedis","12":"first","13":"instock","14":"product-type-external"},"_links":{"self":[{"href":"https:\/\/www.pricetornado.com\/da\/wp-json\/wp\/v2\/product\/449642","targetHints":{"allow":["GET"]}}],"collection":[{"href":"https:\/\/www.pricetornado.com\/da\/wp-json\/wp\/v2\/product"}],"about":[{"href":"https:\/\/www.pricetornado.com\/da\/wp-json\/wp\/v2\/types\/product"}],"wp:attachment":[{"href":"https:\/\/www.pricetornado.com\/da\/wp-json\/wp\/v2\/media?parent=449642"}],"wp:term":[{"taxonomy":"store","embeddable":true,"href":"https:\/\/www.pricetornado.com\/da\/wp-json\/wp\/v2\/store?post=449642"},{"taxonomy":"product_brand","embeddable":true,"href":"https:\/\/www.pricetornado.com\/da\/wp-json\/wp\/v2\/product_brand?post=449642"},{"taxonomy":"product_cat","embeddable":true,"href":"https:\/\/www.pricetornado.com\/da\/wp-json\/wp\/v2\/product_cat?post=449642"},{"taxonomy":"product_tag","embeddable":true,"href":"https:\/\/www.pricetornado.com\/da\/wp-json\/wp\/v2\/product_tag?post=449642"}],"curies":[{"name":"wp","href":"https:\/\/api.w.org\/{rel}","templated":true}]}}