{"id":449641,"date":"2025-02-24T20:37:46","date_gmt":"2025-02-24T19:37:46","guid":{"rendered":"https:\/\/www.pricetornado.com\/da\/produkt\/nedis-displayport-kabel-displayport-han-displayport-han-4k60hz-guldplateret-2-00-m-runde-pvc-antracit-box-ccbw37000at20\/"},"modified":"2026-05-01T01:50:52","modified_gmt":"2026-04-30T23:50:52","slug":"nedis-displayport-kabel-displayport-han-displayport-han-4k60hz-guldplateret-2-00-m-runde-pvc-antracit-box-ccbw37000at20","status":"publish","type":"product","link":"https:\/\/www.pricetornado.com\/da\/produkt\/nedis-displayport-kabel-displayport-han-displayport-han-4k60hz-guldplateret-2-00-m-runde-pvc-antracit-box-ccbw37000at20\/","title":{"rendered":"Nedis &#8211; Displayport kabel | DisplayPort Han | DisplayPort Han | 4K@60Hz | Guldplateret | 2.00 m | Runde | PVC | Antracit | Box &#8211; CCBW37000AT20"},"content":{"rendered":"<p>K\u00f8b billig Nedis &#8211; Displayport kabel | DisplayPort Han | DisplayPort Han | 4K@60Hz | Guldplateret | 2.00 m | Runde | PVC | Antracit | Box &#8211; CCBW37000AT20!<br \/>\nDette DisplayPort-kabel er perfekt til at forbinde en LCD- eller LED-sk\u00e6rm med din pc. Med en l\u00e6ngde p\u00e5 2 meter giver det fleksibilitet til placering og nem kabelf\u00f8ring, s\u00e5 du kan organisere dit setup optimalt.Kablet underst\u00f8tter en opl\u00f8sning p\u00e5 op til 4K (3840 x 2160) ved 60 Hz, hvilket sikrer detaljegrad og flydende videooverf\u00f8rsel fra computer til sk\u00e6rm.Begge ender har DisplayPort han-stik med guldbel\u00e6gning, hvilket giver bedre ledningsevne og \u00f8get modstandsdygtighed over for korrosion.Fremstillet med kobberledere (28 AWG) for p\u00e5lidelig signaloverf\u00f8rsel.PVC-ydre og rund kabelkonstruktion med ca. 7,3 mm diameter giver beskyttelse og fleksibilitet.Farven er antracit, hvilket g\u00f8r kablet diskret og stilfuldt.Kablet leveres i en \u00e6ske, som g\u00f8r det let at opbevare og holde styr p\u00e5 dit tilbeh\u00f8r.V\u00e6lg dette DisplayPort-kabel for en enkel og p\u00e5lidelig l\u00f8sning til tilslutning mellem pc og sk\u00e6rm \u2013 med h\u00f8j ydeevne og lang holdbarhed.<\/p>\n<p>Sammenlign priser p\u00e5 Nedis &#8211; Displayport kabel | DisplayPort Han | DisplayPort Han | 4K@60Hz | Guldplateret | 2.00 m | Runde | PVC | Antracit | Box &#8211; CCBW37000AT20 og k\u00f8b online til den billigste pris, samt p\u00e5 tilbud!\u00a0\u00a0Tjek den bedste pris, produkt beskrivelse, video, test, anmeldelser osv.<\/p>\n<p><strong>Brand: <\/strong>Nedis<br \/>\n<strong>EAN: <\/strong>5412810263820<br \/>\n<strong>Producentens varenr.:<\/strong> 5412810263820<\/p>\n<p><strong>P.S.<\/strong><br \/>\nTilmeld dig til &#8220;Opret Gratis Prisfald Alarm&#8221;, og bliv underrettet med det samme om prisfald p\u00e5 Nedis &#8211; Displayport kabel | DisplayPort Han | DisplayPort Han | 4K@60Hz | Guldplateret | 2.00 m | Runde | PVC | Antracit | Box &#8211; CCBW37000AT20, og f\u00e5 den billigste pris!<\/p>\n<p>&nbsp;<\/p>\n<p>&nbsp;<\/p>\n","protected":false},"excerpt":{"rendered":"<p>K\u00f8b billig Nedis &#8211; Displayport kabel | DisplayPort Han | DisplayPort Han | 4K@60Hz | Guldplateret | 2.00 m | Runde | PVC | Antracit | Box &#8211; CCBW37000AT20! Dette DisplayPort-kabel er perfekt til at forbinde en LCD- eller LED-sk\u00e6rm med din pc. Med en l\u00e6ngde p\u00e5 2 meter giver det fleksibilitet til placering og [&hellip;]<\/p>\n","protected":false},"featured_media":999980000004496410,"template":"","meta":[],"store":[1272516],"product_brand":[1272517],"product_cat":[1275232],"product_tag":[1275233,1275178],"class_list":{"0":"post-449641","1":"product","2":"type-product","3":"status-publish","4":"has-post-thumbnail","6":"store-butik24","7":"product_brand-nedis","8":"product_cat-computer-og-netvaerk","9":"product_tag-computer-og-netvaerk","10":"product_tag-nedis","11":"pa_maerke-nedis","13":"first","14":"instock","15":"product-type-external"},"_links":{"self":[{"href":"https:\/\/www.pricetornado.com\/da\/wp-json\/wp\/v2\/product\/449641","targetHints":{"allow":["GET"]}}],"collection":[{"href":"https:\/\/www.pricetornado.com\/da\/wp-json\/wp\/v2\/product"}],"about":[{"href":"https:\/\/www.pricetornado.com\/da\/wp-json\/wp\/v2\/types\/product"}],"wp:featuredmedia":[{"embeddable":true,"href":"https:\/\/www.pricetornado.com\/da\/wp-json\/"}],"wp:attachment":[{"href":"https:\/\/www.pricetornado.com\/da\/wp-json\/wp\/v2\/media?parent=449641"}],"wp:term":[{"taxonomy":"store","embeddable":true,"href":"https:\/\/www.pricetornado.com\/da\/wp-json\/wp\/v2\/store?post=449641"},{"taxonomy":"product_brand","embeddable":true,"href":"https:\/\/www.pricetornado.com\/da\/wp-json\/wp\/v2\/product_brand?post=449641"},{"taxonomy":"product_cat","embeddable":true,"href":"https:\/\/www.pricetornado.com\/da\/wp-json\/wp\/v2\/product_cat?post=449641"},{"taxonomy":"product_tag","embeddable":true,"href":"https:\/\/www.pricetornado.com\/da\/wp-json\/wp\/v2\/product_tag?post=449641"}],"curies":[{"name":"wp","href":"https:\/\/api.w.org\/{rel}","templated":true}]}}