{"id":449640,"date":"2025-02-20T17:04:18","date_gmt":"2025-02-20T16:04:18","guid":{"rendered":"https:\/\/www.pricetornado.com\/da\/produkt\/nedis-mini-displayport-kabel-displayport-1-2-mini-displayport-han-dvi-d-241-pins-hun-hdmi-input-vga-hun-21-6-gbps-nikkelplateret-0-20-m-runde-pvc-hvid-plastikpose\/"},"modified":"2026-04-29T01:34:47","modified_gmt":"2026-04-28T23:34:47","slug":"nedis-mini-displayport-kabel-displayport-1-2-mini-displayport-han-dvi-d-241-pins-hun-hdmi-input-vga-hun-21-6-gbps-nikkelplateret-0-20-m-runde-pvc-hvid-plastikpose","status":"publish","type":"product","link":"https:\/\/www.pricetornado.com\/da\/produkt\/nedis-mini-displayport-kabel-displayport-1-2-mini-displayport-han-dvi-d-241-pins-hun-hdmi-input-vga-hun-21-6-gbps-nikkelplateret-0-20-m-runde-pvc-hvid-plastikpose\/","title":{"rendered":"Nedis &#8211; Mini DisplayPort kabel | DisplayPort 1.2 | Mini DisplayPort han | DVI-D 24+1-Pins Hun \/ HDMI\u2122 Input \/ VGA Hun | 21.6 Gbps | Nikkelplateret | 0.20 m | Runde | PVC | Hvid | Plastikpose &#8211; CCGP37465WT02"},"content":{"rendered":"<p>K\u00f8b billig Nedis &#8211; Mini DisplayPort kabel | DisplayPort 1.2 | Mini DisplayPort han | DVI-D 24+1-Pins Hun \/ HDMI\u2122 Input \/ VGA Hun | 21.6 Gbps | Nikkelplateret | 0.20 m | Runde | PVC | Hvid | Plastikpose &#8211; CCGP37465WT02!<br \/>\nDette Mini DisplayPort adapterkabel g\u00f8r det nemt at tilslutte din enhed til forskellige typer sk\u00e6rme via DVI, HDMI eller VGA. Kablet har \u00e9n Mini DisplayPort-han indgang og tre forskellige hun-udgange: DVI, HDMI og VGA (D-sub 15). Dermed kan du forbinde til mange slags sk\u00e6rme uden at skulle bruge flere separate kabler.Adapteren er udstyret med et switchbart design, der lader dig v\u00e6lge, hvilken udgang du \u00f8nsker at bruge. Det g\u00f8r det enkelt og fleksibelt at skifte mellem forskellige displaytyper, alt efter dit behov, og sparer plads samt organiserer kabelf\u00f8ringen.St\u00e6rk ydeevne og underst\u00f8ttelse af DisplayPort 1.2Kablet underst\u00f8tter DisplayPort 1.2 med en datahastighed p\u00e5 op til 21,6 Gbps. Dette muligg\u00f8r hurtig og stabil signaloverf\u00f8rsel og underst\u00f8tter opl\u00f8sninger op til 1920 x 1080p ved 60 Hz, s\u00e5 du f\u00e5r flot billedkvalitet p\u00e5 kompatible sk\u00e6rme.Kabel p\u00e5 0,20 meter \u2013 ideel l\u00e6ngde til direkte tilslutning uden kabelrod.Kabelbekl\u00e6dning i slidst\u00e6rkt PVC for ekstra beskyttelse mod dagligt slid.Stikhuse i robust ABS-plast, som beskytter mod slag og st\u00f8d.Nikkelbelagte stik for \u00f8get modstandsdygtighed mod korrosion og langvarig, p\u00e5lidelig forbindelse.Dette adapterkabel giver dig mulighed for let at forbinde Mini DisplayPort-enheder til et bredt udvalg af sk\u00e6rme udstyret med DVI, HDMI eller VGA. Perfekt til b\u00e5de kontor, hjem og arbejdspladser, hvor der anvendes forskellige sk\u00e6rmtyper.V\u00e6lg dette Mini DisplayPort adapterkabel for en fleksibel og p\u00e5lidelig l\u00f8sning, der samler flere tilslutningsmuligheder i \u00e9t kompakt kabel.<\/p>\n<p>Sammenlign priser p\u00e5 Nedis &#8211; Mini DisplayPort kabel | DisplayPort 1.2 | Mini DisplayPort han | DVI-D 24+1-Pins Hun \/ HDMI\u2122 Input \/ VGA Hun | 21.6 Gbps | Nikkelplateret | 0.20 m | Runde | PVC | Hvid | Plastikpose &#8211; CCGP37465WT02 og k\u00f8b online til den billigste pris, samt p\u00e5 tilbud!\u00a0\u00a0Tjek den bedste pris, produkt beskrivelse, video, test, anmeldelser osv.<\/p>\n<p><strong>Brand: <\/strong>Nedis<br \/>\n<strong>EAN: <\/strong>5412810263813<br \/>\n<strong>Producentens varenr.:<\/strong> 5412810263813<\/p>\n<p><strong>P.S.<\/strong><br \/>\nTilmeld dig til &#8220;Opret Gratis Prisfald Alarm&#8221;, og bliv underrettet med det samme om prisfald p\u00e5 Nedis &#8211; Mini DisplayPort kabel | DisplayPort 1.2 | Mini DisplayPort han | DVI-D 24+1-Pins Hun \/ HDMI\u2122 Input \/ VGA Hun | 21.6 Gbps | Nikkelplateret | 0.20 m | Runde | PVC | Hvid | Plastikpose &#8211; CCGP37465WT02, og f\u00e5 den billigste pris!<\/p>\n<p>&nbsp;<\/p>\n<p>&nbsp;<\/p>\n","protected":false},"excerpt":{"rendered":"<p>K\u00f8b billig Nedis &#8211; Mini DisplayPort kabel | DisplayPort 1.2 | Mini DisplayPort han | DVI-D 24+1-Pins Hun \/ HDMI\u2122 Input \/ VGA Hun | 21.6 Gbps | Nikkelplateret | 0.20 m | Runde | PVC | Hvid | Plastikpose &#8211; CCGP37465WT02! Dette Mini DisplayPort adapterkabel g\u00f8r det nemt at tilslutte din enhed til forskellige [&hellip;]<\/p>\n","protected":false},"featured_media":0,"template":"","meta":[],"store":[1272516],"product_brand":[1272517],"product_cat":[1275232],"product_tag":[1275233,1275178],"class_list":{"0":"post-449640","1":"product","2":"type-product","3":"status-publish","5":"store-butik24","6":"product_brand-nedis","7":"product_cat-computer-og-netvaerk","8":"product_tag-computer-og-netvaerk","9":"product_tag-nedis","10":"pa_maerke-nedis","12":"first","13":"instock","14":"product-type-external"},"_links":{"self":[{"href":"https:\/\/www.pricetornado.com\/da\/wp-json\/wp\/v2\/product\/449640","targetHints":{"allow":["GET"]}}],"collection":[{"href":"https:\/\/www.pricetornado.com\/da\/wp-json\/wp\/v2\/product"}],"about":[{"href":"https:\/\/www.pricetornado.com\/da\/wp-json\/wp\/v2\/types\/product"}],"wp:attachment":[{"href":"https:\/\/www.pricetornado.com\/da\/wp-json\/wp\/v2\/media?parent=449640"}],"wp:term":[{"taxonomy":"store","embeddable":true,"href":"https:\/\/www.pricetornado.com\/da\/wp-json\/wp\/v2\/store?post=449640"},{"taxonomy":"product_brand","embeddable":true,"href":"https:\/\/www.pricetornado.com\/da\/wp-json\/wp\/v2\/product_brand?post=449640"},{"taxonomy":"product_cat","embeddable":true,"href":"https:\/\/www.pricetornado.com\/da\/wp-json\/wp\/v2\/product_cat?post=449640"},{"taxonomy":"product_tag","embeddable":true,"href":"https:\/\/www.pricetornado.com\/da\/wp-json\/wp\/v2\/product_tag?post=449640"}],"curies":[{"name":"wp","href":"https:\/\/api.w.org\/{rel}","templated":true}]}}