{"id":449639,"date":"2025-02-20T07:27:04","date_gmt":"2025-02-20T06:27:04","guid":{"rendered":"https:\/\/www.pricetornado.com\/da\/produkt\/nedis-mini-displayport-kabel-displayport-1-2-mini-displayport-han-dvi-d-24-1-pin-han-21-6-gbps-nikkelplateret-2-00-m-runde-pvc-hvid-konvolut-ccgp37700wt20\/"},"modified":"2026-04-29T01:34:44","modified_gmt":"2026-04-28T23:34:44","slug":"nedis-mini-displayport-kabel-displayport-1-2-mini-displayport-han-dvi-d-24-1-pin-han-21-6-gbps-nikkelplateret-2-00-m-runde-pvc-hvid-konvolut-ccgp37700wt20","status":"publish","type":"product","link":"https:\/\/www.pricetornado.com\/da\/produkt\/nedis-mini-displayport-kabel-displayport-1-2-mini-displayport-han-dvi-d-24-1-pin-han-21-6-gbps-nikkelplateret-2-00-m-runde-pvc-hvid-konvolut-ccgp37700wt20\/","title":{"rendered":"Nedis &#8211; Mini DisplayPort kabel | DisplayPort 1.2 | Mini DisplayPort han | DVI-D 24 + 1-pin han | 21.6 Gbps | Nikkelplateret | 2.00 m | Runde | PVC | Hvid | Konvolut &#8211; CCGP37700WT20"},"content":{"rendered":"<p>K\u00f8b billig Nedis &#8211; Mini DisplayPort kabel | DisplayPort 1.2 | Mini DisplayPort han | DVI-D 24 + 1-pin han | 21.6 Gbps | Nikkelplateret | 2.00 m | Runde | PVC | Hvid | Konvolut &#8211; CCGP37700WT20!<br \/>\nDette Mini DisplayPort til DVI-kabel er ideelt til at forbinde din MacBook, iMac Intel eller PowerBook 12&quot; Mini DisplayPort-model til DVI-sk\u00e6rme. Med underst\u00f8ttelse af DisplayPort 1.2-standarden og en dataoverf\u00f8rselshastighed op til 21,6 Gbps sikrer kablet en stabil og skarp billedkvalitet, perfekt til videooverf\u00f8rsel fra Mini DisplayPort til DVI-D 24+1-pin indgang.Mini DisplayPort (han) til DVI-D (han) stik g\u00f8r det nemt at forbinde dine Apple-enheder til eksterne sk\u00e6rme, projektorer eller andet DVI-udstyr. Perfekt til hjemme- eller kontorbrug, hvor du \u00f8nsker en p\u00e5lidelig og hurtig installation \u2013 helt uden behov for ekstra drivere eller tilbeh\u00f8r.<\/p>\n<p>Sammenlign priser p\u00e5 Nedis &#8211; Mini DisplayPort kabel | DisplayPort 1.2 | Mini DisplayPort han | DVI-D 24 + 1-pin han | 21.6 Gbps | Nikkelplateret | 2.00 m | Runde | PVC | Hvid | Konvolut &#8211; CCGP37700WT20 og k\u00f8b online til den billigste pris, samt p\u00e5 tilbud!\u00a0\u00a0Tjek den bedste pris, produkt beskrivelse, video, test, anmeldelser osv.<\/p>\n<p><strong>Brand: <\/strong>Nedis<br \/>\n<strong>EAN: <\/strong>5412810263776<br \/>\n<strong>Producentens varenr.:<\/strong> 5412810263776<\/p>\n<p><strong>P.S.<\/strong><br \/>\nTilmeld dig til &#8220;Opret Gratis Prisfald Alarm&#8221;, og bliv underrettet med det samme om prisfald p\u00e5 Nedis &#8211; Mini DisplayPort kabel | DisplayPort 1.2 | Mini DisplayPort han | DVI-D 24 + 1-pin han | 21.6 Gbps | Nikkelplateret | 2.00 m | Runde | PVC | Hvid | Konvolut &#8211; CCGP37700WT20, og f\u00e5 den billigste pris!<\/p>\n<p>&nbsp;<\/p>\n<p>&nbsp;<\/p>\n","protected":false},"excerpt":{"rendered":"<p>K\u00f8b billig Nedis &#8211; Mini DisplayPort kabel | DisplayPort 1.2 | Mini DisplayPort han | DVI-D 24 + 1-pin han | 21.6 Gbps | Nikkelplateret | 2.00 m | Runde | PVC | Hvid | Konvolut &#8211; CCGP37700WT20! Dette Mini DisplayPort til DVI-kabel er ideelt til at forbinde din MacBook, iMac Intel eller PowerBook 12&quot; [&hellip;]<\/p>\n","protected":false},"featured_media":999980000004496390,"template":"","meta":[],"store":[1272516],"product_brand":[1272517],"product_cat":[1275232],"product_tag":[1275233,1275178],"class_list":{"0":"post-449639","1":"product","2":"type-product","3":"status-publish","4":"has-post-thumbnail","6":"store-butik24","7":"product_brand-nedis","8":"product_cat-computer-og-netvaerk","9":"product_tag-computer-og-netvaerk","10":"product_tag-nedis","11":"pa_maerke-nedis","13":"first","14":"instock","15":"product-type-external"},"_links":{"self":[{"href":"https:\/\/www.pricetornado.com\/da\/wp-json\/wp\/v2\/product\/449639","targetHints":{"allow":["GET"]}}],"collection":[{"href":"https:\/\/www.pricetornado.com\/da\/wp-json\/wp\/v2\/product"}],"about":[{"href":"https:\/\/www.pricetornado.com\/da\/wp-json\/wp\/v2\/types\/product"}],"wp:featuredmedia":[{"embeddable":true,"href":"https:\/\/www.pricetornado.com\/da\/wp-json\/"}],"wp:attachment":[{"href":"https:\/\/www.pricetornado.com\/da\/wp-json\/wp\/v2\/media?parent=449639"}],"wp:term":[{"taxonomy":"store","embeddable":true,"href":"https:\/\/www.pricetornado.com\/da\/wp-json\/wp\/v2\/store?post=449639"},{"taxonomy":"product_brand","embeddable":true,"href":"https:\/\/www.pricetornado.com\/da\/wp-json\/wp\/v2\/product_brand?post=449639"},{"taxonomy":"product_cat","embeddable":true,"href":"https:\/\/www.pricetornado.com\/da\/wp-json\/wp\/v2\/product_cat?post=449639"},{"taxonomy":"product_tag","embeddable":true,"href":"https:\/\/www.pricetornado.com\/da\/wp-json\/wp\/v2\/product_tag?post=449639"}],"curies":[{"name":"wp","href":"https:\/\/api.w.org\/{rel}","templated":true}]}}