{"id":449636,"date":"2025-02-21T08:24:33","date_gmt":"2025-02-21T07:24:33","guid":{"rendered":"https:\/\/www.pricetornado.com\/da\/produkt\/nedis-usb-kabel-usb-3-2-gen-1-usb-c-han-usb-c-han-60-w-4k60hz-5-gbps-nikkelplateret-1-00-m-runde-pvc-antracit-window-box-ccbw64700at10\/"},"modified":"2026-04-29T01:34:32","modified_gmt":"2026-04-28T23:34:32","slug":"nedis-usb-kabel-usb-3-2-gen-1-usb-c-han-usb-c-han-60-w-4k60hz-5-gbps-nikkelplateret-1-00-m-runde-pvc-antracit-window-box-ccbw64700at10","status":"publish","type":"product","link":"https:\/\/www.pricetornado.com\/da\/produkt\/nedis-usb-kabel-usb-3-2-gen-1-usb-c-han-usb-c-han-60-w-4k60hz-5-gbps-nikkelplateret-1-00-m-runde-pvc-antracit-window-box-ccbw64700at10\/","title":{"rendered":"Nedis &#8211; USB-kabel | USB 3.2 Gen 1 | USB-C\u2122 Han | USB-C\u2122 Han | 60 W | 4K@60Hz | 5 Gbps | Nikkelplateret | 1.00 m | Runde | PVC | Antracit | Window Box &#8211; CCBW64700AT10"},"content":{"rendered":"<p>K\u00f8b billig Nedis &#8211; USB-kabel | USB 3.2 Gen 1 | USB-C\u2122 Han | USB-C\u2122 Han | 60 W | 4K@60Hz | 5 Gbps | Nikkelplateret | 1.00 m | Runde | PVC | Antracit | Window Box &#8211; CCBW64700AT10!<br \/>\nTilslut dine mobilenheder til pc, MacBook eller andre kompatible enheder med dette alsidige USB-C 3.2 Gen 1-kabel. Kablet tilbyder den ultimative tilslutningsl\u00f8sning i \u00e9t kabel og er ideelt til opladning, hurtig dataoverf\u00f8rsel samt videotransmission i h\u00f8j kvalitet.Kablet muligg\u00f8r dataoverf\u00f8rsel med op til 5 Gbps samt hurtig og sikker opladning via USB Power Delivery p\u00e5 op til 60 W (20 V, 3,0 A), forudsat at din enhed underst\u00f8tter det. Derudover underst\u00f8tter det videooutput i 4K-opl\u00f8sning ved 60 Hz, hvilket sikrer skarpe og flydende billeder p\u00e5 kompatible sk\u00e6rme.Med en l\u00e6ngde p\u00e5 1 meter f\u00e5r du den perfekte balance mellem r\u00e6kkevidde og mobilitet. Kablet har en rund form med en slidst\u00e6rk og fleksibel PVC-yderskal (5,8 mm), der beskytter mod hverdagens slid og sikrer lang levetid. Begge ender er udstyret med reversible USB-C-hanstik, s\u00e5 du nemt kan tilslutte kablet uden at skulle t\u00e6nke p\u00e5 retningen.De nikkelplaterede USB-C-stik forbedrer ledningsevnen, minimerer korrosion og sikrer en stabil, langtidsholdbar forbindelse \u2013 ogs\u00e5 ved hyppig brug.Underst\u00f8tter USB 3.2 Gen 1 med dataoverf\u00f8rsel op til 5 GbpsDette USB-C-kabel er den perfekte l\u00f8sning til opladning, lynhurtig dataoverf\u00f8rsel og overf\u00f8rsel af ultraskarpt 4K-video \u2013 velegnet b\u00e5de hjemme og p\u00e5 arbejde.<\/p>\n<p>Sammenlign priser p\u00e5 Nedis &#8211; USB-kabel | USB 3.2 Gen 1 | USB-C\u2122 Han | USB-C\u2122 Han | 60 W | 4K@60Hz | 5 Gbps | Nikkelplateret | 1.00 m | Runde | PVC | Antracit | Window Box &#8211; CCBW64700AT10 og k\u00f8b online til den billigste pris, samt p\u00e5 tilbud!\u00a0\u00a0Tjek den bedste pris, produkt beskrivelse, video, test, anmeldelser osv.<\/p>\n<p><strong>Brand: <\/strong>Nedis<br \/>\n<strong>EAN: <\/strong>5412810263592<br \/>\n<strong>Producentens varenr.:<\/strong> 5412810263592<\/p>\n<p><strong>P.S.<\/strong><br \/>\nTilmeld dig til &#8220;Opret Gratis Prisfald Alarm&#8221;, og bliv underrettet med det samme om prisfald p\u00e5 Nedis &#8211; USB-kabel | USB 3.2 Gen 1 | USB-C\u2122 Han | USB-C\u2122 Han | 60 W | 4K@60Hz | 5 Gbps | Nikkelplateret | 1.00 m | Runde | PVC | Antracit | Window Box &#8211; CCBW64700AT10, og f\u00e5 den billigste pris!<\/p>\n<p>&nbsp;<\/p>\n<p>&nbsp;<\/p>\n","protected":false},"excerpt":{"rendered":"<p>K\u00f8b billig Nedis &#8211; USB-kabel | USB 3.2 Gen 1 | USB-C\u2122 Han | USB-C\u2122 Han | 60 W | 4K@60Hz | 5 Gbps | Nikkelplateret | 1.00 m | Runde | PVC | Antracit | Window Box &#8211; CCBW64700AT10! Tilslut dine mobilenheder til pc, MacBook eller andre kompatible enheder med dette alsidige USB-C 3.2 [&hellip;]<\/p>\n","protected":false},"featured_media":0,"template":"","meta":[],"store":[1272516],"product_brand":[1272517],"product_cat":[1275232],"product_tag":[1275233,1275178],"class_list":{"0":"post-449636","1":"product","2":"type-product","3":"status-publish","5":"store-butik24","6":"product_brand-nedis","7":"product_cat-computer-og-netvaerk","8":"product_tag-computer-og-netvaerk","9":"product_tag-nedis","10":"pa_maerke-nedis","12":"first","13":"instock","14":"product-type-external"},"_links":{"self":[{"href":"https:\/\/www.pricetornado.com\/da\/wp-json\/wp\/v2\/product\/449636","targetHints":{"allow":["GET"]}}],"collection":[{"href":"https:\/\/www.pricetornado.com\/da\/wp-json\/wp\/v2\/product"}],"about":[{"href":"https:\/\/www.pricetornado.com\/da\/wp-json\/wp\/v2\/types\/product"}],"wp:attachment":[{"href":"https:\/\/www.pricetornado.com\/da\/wp-json\/wp\/v2\/media?parent=449636"}],"wp:term":[{"taxonomy":"store","embeddable":true,"href":"https:\/\/www.pricetornado.com\/da\/wp-json\/wp\/v2\/store?post=449636"},{"taxonomy":"product_brand","embeddable":true,"href":"https:\/\/www.pricetornado.com\/da\/wp-json\/wp\/v2\/product_brand?post=449636"},{"taxonomy":"product_cat","embeddable":true,"href":"https:\/\/www.pricetornado.com\/da\/wp-json\/wp\/v2\/product_cat?post=449636"},{"taxonomy":"product_tag","embeddable":true,"href":"https:\/\/www.pricetornado.com\/da\/wp-json\/wp\/v2\/product_tag?post=449636"}],"curies":[{"name":"wp","href":"https:\/\/api.w.org\/{rel}","templated":true}]}}