{"id":449633,"date":"2025-02-27T21:08:12","date_gmt":"2025-02-27T20:08:12","guid":{"rendered":"https:\/\/www.pricetornado.com\/da\/produkt\/nedis-usb-kabel-usb-2-0-usb-a-han-usb-mini-b-5-pins-han-480-mbps-guldplateret-2-00-m-runde-pvc-antracit-window-box-ccbw60300at20\/"},"modified":"2026-04-30T01:41:40","modified_gmt":"2026-04-29T23:41:40","slug":"nedis-usb-kabel-usb-2-0-usb-a-han-usb-mini-b-5-pins-han-480-mbps-guldplateret-2-00-m-runde-pvc-antracit-window-box-ccbw60300at20","status":"publish","type":"product","link":"https:\/\/www.pricetornado.com\/da\/produkt\/nedis-usb-kabel-usb-2-0-usb-a-han-usb-mini-b-5-pins-han-480-mbps-guldplateret-2-00-m-runde-pvc-antracit-window-box-ccbw60300at20\/","title":{"rendered":"Nedis &#8211; USB-kabel | USB 2.0 | USB-A Han | USB Mini-B 5-pins han | 480 Mbps | Guldplateret | 2.00 m | Runde | PVC | Antracit | Window Box &#8211; CCBW60300AT20"},"content":{"rendered":"<p>K\u00f8b billig Nedis &#8211; USB-kabel | USB 2.0 | USB-A Han | USB Mini-B 5-pins han | 480 Mbps | Guldplateret | 2.00 m | Runde | PVC | Antracit | Window Box &#8211; CCBW60300AT20!<br \/>\nDette USB-kabel er ideelt til at forbinde et digitalkamera eller en b\u00e6rbar lydenhed med din pc, s\u00e5 du nemt kan synkronisere data og oplade dine enheder. Den runde PVC-konstruktion giver h\u00f8j fleksibilitet og robusthed til daglig brug, mens den gener\u00f8se l\u00e6ngde p\u00e5 2,00 meter giver ekstra r\u00e6kkevidde.hurtig og stabil dataoverf\u00f8rsel med usb 2.0Kablet underst\u00f8tter USB 2.0-standard og muligg\u00f8r p\u00e5lidelig dataoverf\u00f8rsel samt opladning med en hastighed p\u00e5 op til 480 Mbps. Udstyret med USB-A han til USB Mini-B 5-pins han passer det perfekt til de fleste kameraer og lydenheder.Stikkene er guldbelagte for bedre signaltransmission og modstandsdygtighed over for korrosion, hvilket forl\u00e6nger kablets levetid og sikrer stabil ydelse over tid. Kablet har ingen vandt\u00e6tte eller energibesparende funktioner.Underst\u00f8tter USB 2.0 med op til 480 Mbps dataoverf\u00f8rselV\u00e6lg dette USB-kabel for en sikker, holdbar og effektiv l\u00f8sning til b\u00e5de opladning og dataoverf\u00f8rsel mellem dine enheder.<\/p>\n<p>Sammenlign priser p\u00e5 Nedis &#8211; USB-kabel | USB 2.0 | USB-A Han | USB Mini-B 5-pins han | 480 Mbps | Guldplateret | 2.00 m | Runde | PVC | Antracit | Window Box &#8211; CCBW60300AT20 og k\u00f8b online til den billigste pris, samt p\u00e5 tilbud!\u00a0\u00a0Tjek den bedste pris, produkt beskrivelse, video, test, anmeldelser osv.<\/p>\n<p><strong>Brand: <\/strong>Nedis<br \/>\n<strong>EAN: <\/strong>5412810263486<br \/>\n<strong>Producentens varenr.:<\/strong> 5412810263486<\/p>\n<p><strong>P.S.<\/strong><br \/>\nTilmeld dig til &#8220;Opret Gratis Prisfald Alarm&#8221;, og bliv underrettet med det samme om prisfald p\u00e5 Nedis &#8211; USB-kabel | USB 2.0 | USB-A Han | USB Mini-B 5-pins han | 480 Mbps | Guldplateret | 2.00 m | Runde | PVC | Antracit | Window Box &#8211; CCBW60300AT20, og f\u00e5 den billigste pris!<\/p>\n<p>&nbsp;<\/p>\n<p>&nbsp;<\/p>\n","protected":false},"excerpt":{"rendered":"<p>K\u00f8b billig Nedis &#8211; USB-kabel | USB 2.0 | USB-A Han | USB Mini-B 5-pins han | 480 Mbps | Guldplateret | 2.00 m | Runde | PVC | Antracit | Window Box &#8211; CCBW60300AT20! Dette USB-kabel er ideelt til at forbinde et digitalkamera eller en b\u00e6rbar lydenhed med din pc, s\u00e5 du nemt kan [&hellip;]<\/p>\n","protected":false},"featured_media":999980000004496330,"template":"","meta":[],"store":[1272516],"product_brand":[1272517],"product_cat":[1275232],"product_tag":[1275233,1275178],"class_list":{"0":"post-449633","1":"product","2":"type-product","3":"status-publish","4":"has-post-thumbnail","6":"store-butik24","7":"product_brand-nedis","8":"product_cat-computer-og-netvaerk","9":"product_tag-computer-og-netvaerk","10":"product_tag-nedis","11":"pa_maerke-nedis","13":"first","14":"instock","15":"product-type-external"},"_links":{"self":[{"href":"https:\/\/www.pricetornado.com\/da\/wp-json\/wp\/v2\/product\/449633","targetHints":{"allow":["GET"]}}],"collection":[{"href":"https:\/\/www.pricetornado.com\/da\/wp-json\/wp\/v2\/product"}],"about":[{"href":"https:\/\/www.pricetornado.com\/da\/wp-json\/wp\/v2\/types\/product"}],"wp:featuredmedia":[{"embeddable":true,"href":"https:\/\/www.pricetornado.com\/da\/wp-json\/"}],"wp:attachment":[{"href":"https:\/\/www.pricetornado.com\/da\/wp-json\/wp\/v2\/media?parent=449633"}],"wp:term":[{"taxonomy":"store","embeddable":true,"href":"https:\/\/www.pricetornado.com\/da\/wp-json\/wp\/v2\/store?post=449633"},{"taxonomy":"product_brand","embeddable":true,"href":"https:\/\/www.pricetornado.com\/da\/wp-json\/wp\/v2\/product_brand?post=449633"},{"taxonomy":"product_cat","embeddable":true,"href":"https:\/\/www.pricetornado.com\/da\/wp-json\/wp\/v2\/product_cat?post=449633"},{"taxonomy":"product_tag","embeddable":true,"href":"https:\/\/www.pricetornado.com\/da\/wp-json\/wp\/v2\/product_tag?post=449633"}],"curies":[{"name":"wp","href":"https:\/\/api.w.org\/{rel}","templated":true}]}}