{"id":449632,"date":"2025-02-20T09:59:45","date_gmt":"2025-02-20T08:59:45","guid":{"rendered":"https:\/\/www.pricetornado.com\/da\/produkt\/nedis-usb-kabel-usb-2-0-usb-a-han-usb-b-han-480-mbps-guldplateret-3-00-m-runde-pvc-antracit-window-box-ccbw60100at30\/"},"modified":"2026-04-30T01:41:39","modified_gmt":"2026-04-29T23:41:39","slug":"nedis-usb-kabel-usb-2-0-usb-a-han-usb-b-han-480-mbps-guldplateret-3-00-m-runde-pvc-antracit-window-box-ccbw60100at30","status":"publish","type":"product","link":"https:\/\/www.pricetornado.com\/da\/produkt\/nedis-usb-kabel-usb-2-0-usb-a-han-usb-b-han-480-mbps-guldplateret-3-00-m-runde-pvc-antracit-window-box-ccbw60100at30\/","title":{"rendered":"Nedis &#8211; USB-kabel | USB 2.0 | USB-A Han | USB-B han | 480 Mbps | Guldplateret | 3.00 m | Runde | PVC | Antracit | Window Box &#8211; CCBW60100AT30"},"content":{"rendered":"<p>K\u00f8b billig Nedis &#8211; USB-kabel | USB 2.0 | USB-A Han | USB-B han | 480 Mbps | Guldplateret | 3.00 m | Runde | PVC | Antracit | Window Box &#8211; CCBW60100AT30!<br \/>\nUSB 2.0 kabel til printer og USB-B enheder \u2013 3 meterDette USB 2.0-kabel er perfekt til tilslutning af printere, scannere og andre USB-B-enheder til din computer. Med en l\u00e6ngde p\u00e5 3 meter giver kablet dig fleksibilitet til nemt at placere enhederne, hvor du \u00f8nsker det, uden at g\u00e5 p\u00e5 kompromis med forbindelseskvaliteten.Kablets ydre kappe er lavet af slidst\u00e6rkt PVC, der sikrer fleksibilitet og lang levetid. De indvendige ledere er udf\u00f8rt i kobber, hvilket sikrer stabil og p\u00e5lidelig dataoverf\u00f8rsel.Underst\u00f8tter USB 2.0-teknologi med overf\u00f8rselshastigheder p\u00e5 op til 480 Mbps, s\u00e5 du hurtigt og effektivt kan tilslutte og overf\u00f8re data mellem din computer og USB-B-enhed.24 karat guldplaterede USB-A og USB-B hanstik beskytter mod korrosion og sikrer langvarig, stabil forbindelse.Det lige stikdesign g\u00f8r tilslutning nem og p\u00e5lidelig.Kablet har en rund konstruktion for let h\u00e5ndtering og kabelstyring og leveres i en diskret antracitgr\u00e5 farve. Det kommer i en praktisk window box-emballage, der g\u00f8r udpakning og opbevaring nem.V\u00e6lg dette Nedis USB 2.0-kabel for en p\u00e5lidelig, holdbar og brugervenlig forbindelse mellem dine USB-B-enheder og computeren.<\/p>\n<p>Sammenlign priser p\u00e5 Nedis &#8211; USB-kabel | USB 2.0 | USB-A Han | USB-B han | 480 Mbps | Guldplateret | 3.00 m | Runde | PVC | Antracit | Window Box &#8211; CCBW60100AT30 og k\u00f8b online til den billigste pris, samt p\u00e5 tilbud!\u00a0\u00a0Tjek den bedste pris, produkt beskrivelse, video, test, anmeldelser osv.<\/p>\n<p><strong>Brand: <\/strong>Nedis<br \/>\n<strong>EAN: <\/strong>5412810263479<br \/>\n<strong>Producentens varenr.:<\/strong> 5412810263479<\/p>\n<p><strong>P.S.<\/strong><br \/>\nTilmeld dig til &#8220;Opret Gratis Prisfald Alarm&#8221;, og bliv underrettet med det samme om prisfald p\u00e5 Nedis &#8211; USB-kabel | USB 2.0 | USB-A Han | USB-B han | 480 Mbps | Guldplateret | 3.00 m | Runde | PVC | Antracit | Window Box &#8211; CCBW60100AT30, og f\u00e5 den billigste pris!<\/p>\n<p>&nbsp;<\/p>\n<p>&nbsp;<\/p>\n","protected":false},"excerpt":{"rendered":"<p>K\u00f8b billig Nedis &#8211; USB-kabel | USB 2.0 | USB-A Han | USB-B han | 480 Mbps | Guldplateret | 3.00 m | Runde | PVC | Antracit | Window Box &#8211; CCBW60100AT30! USB 2.0 kabel til printer og USB-B enheder \u2013 3 meterDette USB 2.0-kabel er perfekt til tilslutning af printere, scannere og andre [&hellip;]<\/p>\n","protected":false},"featured_media":999980000004496320,"template":"","meta":[],"store":[1272516],"product_brand":[1272517],"product_cat":[1275232],"product_tag":[1275233,1275178],"class_list":{"0":"post-449632","1":"product","2":"type-product","3":"status-publish","4":"has-post-thumbnail","6":"store-butik24","7":"product_brand-nedis","8":"product_cat-computer-og-netvaerk","9":"product_tag-computer-og-netvaerk","10":"product_tag-nedis","11":"pa_maerke-nedis","13":"first","14":"instock","15":"product-type-external"},"_links":{"self":[{"href":"https:\/\/www.pricetornado.com\/da\/wp-json\/wp\/v2\/product\/449632","targetHints":{"allow":["GET"]}}],"collection":[{"href":"https:\/\/www.pricetornado.com\/da\/wp-json\/wp\/v2\/product"}],"about":[{"href":"https:\/\/www.pricetornado.com\/da\/wp-json\/wp\/v2\/types\/product"}],"wp:featuredmedia":[{"embeddable":true,"href":"https:\/\/www.pricetornado.com\/da\/wp-json\/"}],"wp:attachment":[{"href":"https:\/\/www.pricetornado.com\/da\/wp-json\/wp\/v2\/media?parent=449632"}],"wp:term":[{"taxonomy":"store","embeddable":true,"href":"https:\/\/www.pricetornado.com\/da\/wp-json\/wp\/v2\/store?post=449632"},{"taxonomy":"product_brand","embeddable":true,"href":"https:\/\/www.pricetornado.com\/da\/wp-json\/wp\/v2\/product_brand?post=449632"},{"taxonomy":"product_cat","embeddable":true,"href":"https:\/\/www.pricetornado.com\/da\/wp-json\/wp\/v2\/product_cat?post=449632"},{"taxonomy":"product_tag","embeddable":true,"href":"https:\/\/www.pricetornado.com\/da\/wp-json\/wp\/v2\/product_tag?post=449632"}],"curies":[{"name":"wp","href":"https:\/\/api.w.org\/{rel}","templated":true}]}}