{"id":449631,"date":"2025-02-22T01:23:40","date_gmt":"2025-02-22T00:23:40","guid":{"rendered":"https:\/\/www.pricetornado.com\/da\/produkt\/nedis-usb-kabel-usb-2-0-usb-a-han-usb-b-han-480-mbps-guldplateret-2-00-m-runde-pvc-antracit-box-ccbw60100at20\/"},"modified":"2026-04-30T01:41:38","modified_gmt":"2026-04-29T23:41:38","slug":"nedis-usb-kabel-usb-2-0-usb-a-han-usb-b-han-480-mbps-guldplateret-2-00-m-runde-pvc-antracit-box-ccbw60100at20","status":"publish","type":"product","link":"https:\/\/www.pricetornado.com\/da\/produkt\/nedis-usb-kabel-usb-2-0-usb-a-han-usb-b-han-480-mbps-guldplateret-2-00-m-runde-pvc-antracit-box-ccbw60100at20\/","title":{"rendered":"Nedis &#8211; USB-kabel | USB 2.0 | USB-A Han | USB-B han | 480 Mbps | Guldplateret | 2.00 m | Runde | PVC | Antracit | Box &#8211; CCBW60100AT20"},"content":{"rendered":"<p>K\u00f8b billig Nedis &#8211; USB-kabel | USB 2.0 | USB-A Han | USB-B han | 480 Mbps | Guldplateret | 2.00 m | Runde | PVC | Antracit | Box &#8211; CCBW60100AT20!<br \/>\nUSB 2.0-printerkabel til p\u00e5lidelig tilslutningDette kabel er ideelt til tilslutning af en printer til en pc. Med USB-A hanstik i den ene ende og USB-B hanstik i den anden passer det til de fleste printere og andre enheder med USB-B port.Kablet underst\u00f8tter USB 2.0-standarden og giver en dataoverf\u00f8rselshastighed p\u00e5 op til 480 Mbps, hvilket sikrer stabil og hurtig forbindelse mellem dine enheder. Det har en l\u00e6ngde p\u00e5 2 meter og er runde i designet, hvilket g\u00f8r det nemt at h\u00e5ndtere og opbevare. Kablets ydre er i holdbart PVC-materiale og antracitfarve. Stikkene er guldplaterede for god elektrisk kontakt og reduceret risiko for korrosion.USB 2.0-printerkabel til tilslutning af printer til pcDette kabel er en enkel og effektiv l\u00f8sning til at forbinde printeren med computeren, b\u00e5de i hjemmet og p\u00e5 kontoret.<\/p>\n<p>Sammenlign priser p\u00e5 Nedis &#8211; USB-kabel | USB 2.0 | USB-A Han | USB-B han | 480 Mbps | Guldplateret | 2.00 m | Runde | PVC | Antracit | Box &#8211; CCBW60100AT20 og k\u00f8b online til den billigste pris, samt p\u00e5 tilbud!\u00a0\u00a0Tjek den bedste pris, produkt beskrivelse, video, test, anmeldelser osv.<\/p>\n<p><strong>Brand: <\/strong>Nedis<br \/>\n<strong>EAN: <\/strong>5412810263455<br \/>\n<strong>Producentens varenr.:<\/strong> 5412810263455<\/p>\n<p><strong>P.S.<\/strong><br \/>\nTilmeld dig til &#8220;Opret Gratis Prisfald Alarm&#8221;, og bliv underrettet med det samme om prisfald p\u00e5 Nedis &#8211; USB-kabel | USB 2.0 | USB-A Han | USB-B han | 480 Mbps | Guldplateret | 2.00 m | Runde | PVC | Antracit | Box &#8211; CCBW60100AT20, og f\u00e5 den billigste pris!<\/p>\n<p>&nbsp;<\/p>\n<p>&nbsp;<\/p>\n","protected":false},"excerpt":{"rendered":"<p>K\u00f8b billig Nedis &#8211; USB-kabel | USB 2.0 | USB-A Han | USB-B han | 480 Mbps | Guldplateret | 2.00 m | Runde | PVC | Antracit | Box &#8211; CCBW60100AT20! USB 2.0-printerkabel til p\u00e5lidelig tilslutningDette kabel er ideelt til tilslutning af en printer til en pc. Med USB-A hanstik i den ene ende [&hellip;]<\/p>\n","protected":false},"featured_media":999980000004496310,"template":"","meta":[],"store":[1272516],"product_brand":[1272517],"product_cat":[1275232],"product_tag":[1275233,1275178],"class_list":{"0":"post-449631","1":"product","2":"type-product","3":"status-publish","4":"has-post-thumbnail","6":"store-butik24","7":"product_brand-nedis","8":"product_cat-computer-og-netvaerk","9":"product_tag-computer-og-netvaerk","10":"product_tag-nedis","11":"pa_maerke-nedis","13":"first","14":"instock","15":"product-type-external"},"_links":{"self":[{"href":"https:\/\/www.pricetornado.com\/da\/wp-json\/wp\/v2\/product\/449631","targetHints":{"allow":["GET"]}}],"collection":[{"href":"https:\/\/www.pricetornado.com\/da\/wp-json\/wp\/v2\/product"}],"about":[{"href":"https:\/\/www.pricetornado.com\/da\/wp-json\/wp\/v2\/types\/product"}],"wp:featuredmedia":[{"embeddable":true,"href":"https:\/\/www.pricetornado.com\/da\/wp-json\/"}],"wp:attachment":[{"href":"https:\/\/www.pricetornado.com\/da\/wp-json\/wp\/v2\/media?parent=449631"}],"wp:term":[{"taxonomy":"store","embeddable":true,"href":"https:\/\/www.pricetornado.com\/da\/wp-json\/wp\/v2\/store?post=449631"},{"taxonomy":"product_brand","embeddable":true,"href":"https:\/\/www.pricetornado.com\/da\/wp-json\/wp\/v2\/product_brand?post=449631"},{"taxonomy":"product_cat","embeddable":true,"href":"https:\/\/www.pricetornado.com\/da\/wp-json\/wp\/v2\/product_cat?post=449631"},{"taxonomy":"product_tag","embeddable":true,"href":"https:\/\/www.pricetornado.com\/da\/wp-json\/wp\/v2\/product_tag?post=449631"}],"curies":[{"name":"wp","href":"https:\/\/api.w.org\/{rel}","templated":true}]}}