{"id":449629,"date":"2025-02-21T23:20:44","date_gmt":"2025-02-21T22:20:44","guid":{"rendered":"https:\/\/www.pricetornado.com\/da\/produkt\/nedis-usb-kabel-usb-3-2-gen-1-usb-c-han-usb-c-han-60-w-4k60hz-5-gbps-guldplateret-2-00-m-runde-flettet-nylon-aluminium-cover-window-box-cctb64700al20\/"},"modified":"2026-04-29T01:33:47","modified_gmt":"2026-04-28T23:33:47","slug":"nedis-usb-kabel-usb-3-2-gen-1-usb-c-han-usb-c-han-60-w-4k60hz-5-gbps-guldplateret-2-00-m-runde-flettet-nylon-aluminium-cover-window-box-cctb64700al20","status":"publish","type":"product","link":"https:\/\/www.pricetornado.com\/da\/produkt\/nedis-usb-kabel-usb-3-2-gen-1-usb-c-han-usb-c-han-60-w-4k60hz-5-gbps-guldplateret-2-00-m-runde-flettet-nylon-aluminium-cover-window-box-cctb64700al20\/","title":{"rendered":"Nedis &#8211; USB-kabel | USB 3.2 Gen 1 | USB-C\u2122 Han | USB-C\u2122 Han | 60 W | 4K@60Hz | 5 Gbps | Guldplateret | 2.00 m | Runde | Flettet \/ Nylon | Aluminium | Cover Window Box &#8211; CCTB64700AL20"},"content":{"rendered":"<p>K\u00f8b billig Nedis &#8211; USB-kabel | USB 3.2 Gen 1 | USB-C\u2122 Han | USB-C\u2122 Han | 60 W | 4K@60Hz | 5 Gbps | Guldplateret | 2.00 m | Runde | Flettet \/ Nylon | Aluminium | Cover Window Box &#8211; CCTB64700AL20!<br \/>\nNedis Fabritallic USB-C-kablet leverer en ultraeffektiv medieforbindelse og er det kvalitetsvalg for dig, der \u00f8nsker det bedste til dit udstyr. Dette kabel udm\u00e6rker sig ved stabil og lynhurtig forbindelse mellem station\u00e6re computere, b\u00e6rbare pc&apos;er, smartphones og tablets. Med USB 3.2 Gen 1 underst\u00f8ttelse kan du overf\u00f8re data med op til 5 Gbps \u2013 op til 40 gange hurtigere end USB 2.0 \u2013 hvilket g\u00f8r det ideelt til store filoverf\u00f8rsler, HD-videooptagelser og hurtig backup til eksterne harddiske.Kablet er udf\u00f8rt med en rund, flettet nylonkappe, der beskytter mod vridning, tr\u00e6k og UV-lys, og giver ekstra holdbarhed og fleksibilitet. Hylsteret om stikkene er fremstillet af aluminiumslegering, og de 24-karats forgyldte kontakter beskytter mod korrosion og garanterer optimal signalintegritet. Kabellederne best\u00e5r af h\u00f8jkvalitets, oxygenfrit kobber og er forst\u00e6rket med en speciel isolering, der minimerer risikoen for kortslutning og yder maksimal beskyttelse mod elektromagnetisk interferens (EMI) og radiofrekvensforstyrrelser (RF).Underst\u00f8tter USB Power Delivery for sikker og hurtig opladning med op til 60 W (3 A ved 20 V).Leverer skarp og stabil videooverf\u00f8rsel i op til 4K@60Hz opl\u00f8sning samt 1080p.2,00 meter kabel i rundt, flettet design g\u00f8r det nemt og praktisk at bruge overalt.AWG 34\/24 ledninger og fuld kobberleder sikrer p\u00e5lidelig dataoverf\u00f8rsel og lang levetid.Livslang garantibeskyttelse som bevis p\u00e5 produktets kvalitet og holdbarhed.Den s\u00e6rlige Fabritallic-serie fra Nedis s\u00e6tter nye standarder for stabilitet og fremragende signaloverf\u00f8rsel, s\u00e5 dine enheder kan kommunikere effektivt \u2013 b\u00e5de nu og i fremtiden. Den eksklusive produktudvikling med fokus p\u00e5 detaljer og innovative l\u00f8sninger sikrer, at kablet matcher b\u00e5de nutidens og fremtidens krav til medieudstyr.Oplev markedets bedste USB-C-kabel \u2013 en kombination af avanceret teknologi, holdbare materialer og gennemt\u00e6nkt design, der sikrer optimal ydelse og beskyttelse ved hver eneste brug. V\u00e6lg Nedis Fabritallic for sikker, hurtig og stabil forbindelse til alle dine enheder.<\/p>\n<p>Sammenlign priser p\u00e5 Nedis &#8211; USB-kabel | USB 3.2 Gen 1 | USB-C\u2122 Han | USB-C\u2122 Han | 60 W | 4K@60Hz | 5 Gbps | Guldplateret | 2.00 m | Runde | Flettet \/ Nylon | Aluminium | Cover Window Box &#8211; CCTB64700AL20 og k\u00f8b online til den billigste pris, samt p\u00e5 tilbud!\u00a0\u00a0Tjek den bedste pris, produkt beskrivelse, video, test, anmeldelser osv.<\/p>\n<p><strong>Brand: <\/strong>Nedis<br \/>\n<strong>EAN: <\/strong>5412810262892<br \/>\n<strong>Producentens varenr.:<\/strong> 5412810262892<\/p>\n<p><strong>P.S.<\/strong><br \/>\nTilmeld dig til &#8220;Opret Gratis Prisfald Alarm&#8221;, og bliv underrettet med det samme om prisfald p\u00e5 Nedis &#8211; USB-kabel | USB 3.2 Gen 1 | USB-C\u2122 Han | USB-C\u2122 Han | 60 W | 4K@60Hz | 5 Gbps | Guldplateret | 2.00 m | Runde | Flettet \/ Nylon | Aluminium | Cover Window Box &#8211; CCTB64700AL20, og f\u00e5 den billigste pris!<\/p>\n<p>&nbsp;<\/p>\n<p>&nbsp;<\/p>\n","protected":false},"excerpt":{"rendered":"<p>K\u00f8b billig Nedis &#8211; USB-kabel | USB 3.2 Gen 1 | USB-C\u2122 Han | USB-C\u2122 Han | 60 W | 4K@60Hz | 5 Gbps | Guldplateret | 2.00 m | Runde | Flettet \/ Nylon | Aluminium | Cover Window Box &#8211; CCTB64700AL20! Nedis Fabritallic USB-C-kablet leverer en ultraeffektiv medieforbindelse og er det kvalitetsvalg for [&hellip;]<\/p>\n","protected":false},"featured_media":0,"template":"","meta":[],"store":[1272516],"product_brand":[1272517],"product_cat":[1275232],"product_tag":[1275233,1275178],"class_list":{"0":"post-449629","1":"product","2":"type-product","3":"status-publish","5":"store-butik24","6":"product_brand-nedis","7":"product_cat-computer-og-netvaerk","8":"product_tag-computer-og-netvaerk","9":"product_tag-nedis","10":"pa_maerke-nedis","12":"first","13":"instock","14":"product-type-external"},"_links":{"self":[{"href":"https:\/\/www.pricetornado.com\/da\/wp-json\/wp\/v2\/product\/449629","targetHints":{"allow":["GET"]}}],"collection":[{"href":"https:\/\/www.pricetornado.com\/da\/wp-json\/wp\/v2\/product"}],"about":[{"href":"https:\/\/www.pricetornado.com\/da\/wp-json\/wp\/v2\/types\/product"}],"wp:attachment":[{"href":"https:\/\/www.pricetornado.com\/da\/wp-json\/wp\/v2\/media?parent=449629"}],"wp:term":[{"taxonomy":"store","embeddable":true,"href":"https:\/\/www.pricetornado.com\/da\/wp-json\/wp\/v2\/store?post=449629"},{"taxonomy":"product_brand","embeddable":true,"href":"https:\/\/www.pricetornado.com\/da\/wp-json\/wp\/v2\/product_brand?post=449629"},{"taxonomy":"product_cat","embeddable":true,"href":"https:\/\/www.pricetornado.com\/da\/wp-json\/wp\/v2\/product_cat?post=449629"},{"taxonomy":"product_tag","embeddable":true,"href":"https:\/\/www.pricetornado.com\/da\/wp-json\/wp\/v2\/product_tag?post=449629"}],"curies":[{"name":"wp","href":"https:\/\/api.w.org\/{rel}","templated":true}]}}