{"id":449628,"date":"2025-02-25T23:21:35","date_gmt":"2025-02-25T22:21:35","guid":{"rendered":"https:\/\/www.pricetornado.com\/da\/produkt\/nedis-usb-kabel-usb-3-2-gen-1-usb-c-han-usb-c-han-60-w-4k60hz-5-gbps-guldplateret-1-00-m-runde-flettet-nylon-aluminium-cover-window-box-cctb64700al10\/"},"modified":"2026-04-29T01:33:44","modified_gmt":"2026-04-28T23:33:44","slug":"nedis-usb-kabel-usb-3-2-gen-1-usb-c-han-usb-c-han-60-w-4k60hz-5-gbps-guldplateret-1-00-m-runde-flettet-nylon-aluminium-cover-window-box-cctb64700al10","status":"publish","type":"product","link":"https:\/\/www.pricetornado.com\/da\/produkt\/nedis-usb-kabel-usb-3-2-gen-1-usb-c-han-usb-c-han-60-w-4k60hz-5-gbps-guldplateret-1-00-m-runde-flettet-nylon-aluminium-cover-window-box-cctb64700al10\/","title":{"rendered":"Nedis &#8211; USB-kabel | USB 3.2 Gen 1 | USB-C\u2122 Han | USB-C\u2122 Han | 60 W | 4K@60Hz | 5 Gbps | Guldplateret | 1.00 m | Runde | Flettet \/ Nylon | Aluminium | Cover Window Box &#8211; CCTB64700AL10"},"content":{"rendered":"<p>K\u00f8b billig Nedis &#8211; USB-kabel | USB 3.2 Gen 1 | USB-C\u2122 Han | USB-C\u2122 Han | 60 W | 4K@60Hz | 5 Gbps | Guldplateret | 1.00 m | Runde | Flettet \/ Nylon | Aluminium | Cover Window Box &#8211; CCTB64700AL10!<br \/>\nOplev lynhurtig dataoverf\u00f8rsel og p\u00e5lidelig opladning med dette Nedis USB-C kabel i premium kvalitet. Kablet underst\u00f8tter USB 3.2 Gen 1-teknologi med overf\u00f8rselshastigheder op til 5 Gbps, hvilket g\u00f8r det ideelt til hurtig overf\u00f8rsel af store filer, HD-videooptagelser og sikkerhedskopiering. Perfekt til tilslutning mellem station\u00e6re computere, b\u00e6rbare pc&apos;er, smartphones og tablets eller andre USB-C kompatible enheder.Kablet er designet med en robust, flettet nylonkappe, som beskytter effektivt mod tr\u00e6k, slid og sammenfiltring og \u00f8ger holdbarheden sammenlignet med traditionel PVC. Stikkene er udf\u00f8rt i aluminiumslegering for ekstra modstandsdygtighed, og b\u00e5de 24-karats forgyldning og nikkelbel\u00e6gning p\u00e5 kontakterne giver optimal beskyttelse mod korrosion samt opretholder signalintegriteten, selv ved hyppig brug.Kablet underst\u00f8tter 60 W power delivery (3,0 A ved 20 V), hvilket sikrer hurtig og effektiv opladning af kompatible enheder. Ledningerne er fremstillet af f\u00f8rsteklasses oxygenfri kobber, hvilket garanterer maksimal ledningsevne og reducerer signalst\u00f8j for krystalklare data-, video- og lydsignaler. Kabelisoleringen beskytter mod elektromagnetiske og radiofrekvente forstyrrelser, hvilket sikrer en stabil og fejlfri forbindelse.USB 3.2 Gen 1-teknologi med dataoverf\u00f8rsel op til 5 GbpsKombinationen af kvalitetsmaterialer og avanceret teknologi sikrer, at kablet leverer en stabil, hurtig og p\u00e5lidelig forbindelse i hele dets levetid. Den flettede nylonkappe beskytter effektivt mod fysisk skade, tr\u00e6k og UV-str\u00e5ler, hvilket g\u00f8r dette USB-C kabel til det perfekte valg for b\u00e5de dagligt brug og kr\u00e6vende medieforbindelser.V\u00e6lg dette Nedis USB-C kabel for effektiv dataoverf\u00f8rsel og opladning \u2013 en praktisk, holdbar og p\u00e5lidelig l\u00f8sning til alle dine enheder.<\/p>\n<p>Sammenlign priser p\u00e5 Nedis &#8211; USB-kabel | USB 3.2 Gen 1 | USB-C\u2122 Han | USB-C\u2122 Han | 60 W | 4K@60Hz | 5 Gbps | Guldplateret | 1.00 m | Runde | Flettet \/ Nylon | Aluminium | Cover Window Box &#8211; CCTB64700AL10 og k\u00f8b online til den billigste pris, samt p\u00e5 tilbud!\u00a0\u00a0Tjek den bedste pris, produkt beskrivelse, video, test, anmeldelser osv.<\/p>\n<p><strong>Brand: <\/strong>Nedis<br \/>\n<strong>EAN: <\/strong>5412810262830<br \/>\n<strong>Producentens varenr.:<\/strong> 5412810262830<\/p>\n<p><strong>P.S.<\/strong><br \/>\nTilmeld dig til &#8220;Opret Gratis Prisfald Alarm&#8221;, og bliv underrettet med det samme om prisfald p\u00e5 Nedis &#8211; USB-kabel | USB 3.2 Gen 1 | USB-C\u2122 Han | USB-C\u2122 Han | 60 W | 4K@60Hz | 5 Gbps | Guldplateret | 1.00 m | Runde | Flettet \/ Nylon | Aluminium | Cover Window Box &#8211; CCTB64700AL10, og f\u00e5 den billigste pris!<\/p>\n<p>&nbsp;<\/p>\n<p>&nbsp;<\/p>\n","protected":false},"excerpt":{"rendered":"<p>K\u00f8b billig Nedis &#8211; USB-kabel | USB 3.2 Gen 1 | USB-C\u2122 Han | USB-C\u2122 Han | 60 W | 4K@60Hz | 5 Gbps | Guldplateret | 1.00 m | Runde | Flettet \/ Nylon | Aluminium | Cover Window Box &#8211; CCTB64700AL10! Oplev lynhurtig dataoverf\u00f8rsel og p\u00e5lidelig opladning med dette Nedis USB-C kabel i [&hellip;]<\/p>\n","protected":false},"featured_media":0,"template":"","meta":[],"store":[1272516],"product_brand":[1272517],"product_cat":[1275232],"product_tag":[1275233,1275178],"class_list":{"0":"post-449628","1":"product","2":"type-product","3":"status-publish","5":"store-butik24","6":"product_brand-nedis","7":"product_cat-computer-og-netvaerk","8":"product_tag-computer-og-netvaerk","9":"product_tag-nedis","10":"pa_maerke-nedis","12":"first","13":"instock","14":"product-type-external"},"_links":{"self":[{"href":"https:\/\/www.pricetornado.com\/da\/wp-json\/wp\/v2\/product\/449628","targetHints":{"allow":["GET"]}}],"collection":[{"href":"https:\/\/www.pricetornado.com\/da\/wp-json\/wp\/v2\/product"}],"about":[{"href":"https:\/\/www.pricetornado.com\/da\/wp-json\/wp\/v2\/types\/product"}],"wp:attachment":[{"href":"https:\/\/www.pricetornado.com\/da\/wp-json\/wp\/v2\/media?parent=449628"}],"wp:term":[{"taxonomy":"store","embeddable":true,"href":"https:\/\/www.pricetornado.com\/da\/wp-json\/wp\/v2\/store?post=449628"},{"taxonomy":"product_brand","embeddable":true,"href":"https:\/\/www.pricetornado.com\/da\/wp-json\/wp\/v2\/product_brand?post=449628"},{"taxonomy":"product_cat","embeddable":true,"href":"https:\/\/www.pricetornado.com\/da\/wp-json\/wp\/v2\/product_cat?post=449628"},{"taxonomy":"product_tag","embeddable":true,"href":"https:\/\/www.pricetornado.com\/da\/wp-json\/wp\/v2\/product_tag?post=449628"}],"curies":[{"name":"wp","href":"https:\/\/api.w.org\/{rel}","templated":true}]}}