{"id":449626,"date":"2025-02-22T23:34:08","date_gmt":"2025-02-22T22:34:08","guid":{"rendered":"https:\/\/www.pricetornado.com\/da\/produkt\/nedis-usb-kabel-usb-2-0-usb-c-han-usb-micro-b-han-10-w-480-mbps-guldplateret-2-00-m-runde-flettet-nylon-aluminium-cover-window-box-cctb60650al20\/"},"modified":"2026-04-29T01:33:37","modified_gmt":"2026-04-28T23:33:37","slug":"nedis-usb-kabel-usb-2-0-usb-c-han-usb-micro-b-han-10-w-480-mbps-guldplateret-2-00-m-runde-flettet-nylon-aluminium-cover-window-box-cctb60650al20","status":"publish","type":"product","link":"https:\/\/www.pricetornado.com\/da\/produkt\/nedis-usb-kabel-usb-2-0-usb-c-han-usb-micro-b-han-10-w-480-mbps-guldplateret-2-00-m-runde-flettet-nylon-aluminium-cover-window-box-cctb60650al20\/","title":{"rendered":"Nedis &#8211; USB-kabel | USB 2.0 | USB-C\u2122 Han | USB Micro-B han | 10 W | 480 Mbps | Guldplateret | 2.00 m | Runde | Flettet \/ Nylon | Aluminium | Cover Window Box &#8211; CCTB60650AL20"},"content":{"rendered":"<p>K\u00f8b billig Nedis &#8211; USB-kabel | USB 2.0 | USB-C\u2122 Han | USB Micro-B han | 10 W | 480 Mbps | Guldplateret | 2.00 m | Runde | Flettet \/ Nylon | Aluminium | Cover Window Box &#8211; CCTB60650AL20!<br \/>\nUSB 2.0 kabel til opladning og synkronisering med h\u00f8j ydeevneDette f\u00f8rsteklasses Nedis USB 2.0 kabel med USB Type-C\u2122 hanstik til USB Micro-B hanstik g\u00f8r det let at forbinde din smartphone eller tablet til en pc. Du kan b\u00e5de oplade og synkronisere dine enheder, og en dataoverf\u00f8rselshastighed p\u00e5 op til 480 Mbps sikrer hurtig og effektiv filoverf\u00f8rsel.Kablet er udstyret med et flettet nylonomslag, som \u00f8ger holdbarheden og modvirker sammenfiltring. Med en rund kabeldiameter p\u00e5 3,4 mm opn\u00e5s optimal fleksibilitet uden at g\u00e5 p\u00e5 kompromis med slidstyrken. Stikkene er fremstillet af aluminium og belagt med 24K guld, hvilket giver effektiv beskyttelse mod korrosion og sikrer langvarig, stabil tilslutning \u2013 selv ved hyppig brug.Underst\u00f8tter USB 2.0 teknologi med op til 480 Mbps dataoverf\u00f8rselEffektiv opladning med op til 10 W (2.0 A)Kablets ledere er fremstillet af fortinnet kobber med en AWG 28\/22 konstruktion (16 x 0,08 mm), hvilket sikrer stabil signaloverf\u00f8rsel og ekstra robusthed. Ingen indbyggede vandt\u00e6tte eller energibesparende funktioner er specificeret.Med dette Nedis USB 2.0 synkroniserings- og opladerkabel f\u00e5r du en p\u00e5lidelig, slidst\u00e6rk og effektiv l\u00f8sning til daglig opladning og dataoverf\u00f8rsel mellem dine enheder.<\/p>\n<p>Sammenlign priser p\u00e5 Nedis &#8211; USB-kabel | USB 2.0 | USB-C\u2122 Han | USB Micro-B han | 10 W | 480 Mbps | Guldplateret | 2.00 m | Runde | Flettet \/ Nylon | Aluminium | Cover Window Box &#8211; CCTB60650AL20 og k\u00f8b online til den billigste pris, samt p\u00e5 tilbud!\u00a0\u00a0Tjek den bedste pris, produkt beskrivelse, video, test, anmeldelser osv.<\/p>\n<p><strong>Brand: <\/strong>Nedis<br \/>\n<strong>EAN: <\/strong>5412810262717<br \/>\n<strong>Producentens varenr.:<\/strong> 5412810262717<\/p>\n<p><strong>P.S.<\/strong><br \/>\nTilmeld dig til &#8220;Opret Gratis Prisfald Alarm&#8221;, og bliv underrettet med det samme om prisfald p\u00e5 Nedis &#8211; USB-kabel | USB 2.0 | USB-C\u2122 Han | USB Micro-B han | 10 W | 480 Mbps | Guldplateret | 2.00 m | Runde | Flettet \/ Nylon | Aluminium | Cover Window Box &#8211; CCTB60650AL20, og f\u00e5 den billigste pris!<\/p>\n<p>&nbsp;<\/p>\n<p>&nbsp;<\/p>\n","protected":false},"excerpt":{"rendered":"<p>K\u00f8b billig Nedis &#8211; USB-kabel | USB 2.0 | USB-C\u2122 Han | USB Micro-B han | 10 W | 480 Mbps | Guldplateret | 2.00 m | Runde | Flettet \/ Nylon | Aluminium | Cover Window Box &#8211; CCTB60650AL20! USB 2.0 kabel til opladning og synkronisering med h\u00f8j ydeevneDette f\u00f8rsteklasses Nedis USB 2.0 kabel [&hellip;]<\/p>\n","protected":false},"featured_media":0,"template":"","meta":[],"store":[1272516],"product_brand":[1272517],"product_cat":[1275232],"product_tag":[1275233,1275178],"class_list":{"0":"post-449626","1":"product","2":"type-product","3":"status-publish","5":"store-butik24","6":"product_brand-nedis","7":"product_cat-computer-og-netvaerk","8":"product_tag-computer-og-netvaerk","9":"product_tag-nedis","10":"pa_maerke-nedis","12":"first","13":"instock","14":"product-type-external"},"_links":{"self":[{"href":"https:\/\/www.pricetornado.com\/da\/wp-json\/wp\/v2\/product\/449626","targetHints":{"allow":["GET"]}}],"collection":[{"href":"https:\/\/www.pricetornado.com\/da\/wp-json\/wp\/v2\/product"}],"about":[{"href":"https:\/\/www.pricetornado.com\/da\/wp-json\/wp\/v2\/types\/product"}],"wp:attachment":[{"href":"https:\/\/www.pricetornado.com\/da\/wp-json\/wp\/v2\/media?parent=449626"}],"wp:term":[{"taxonomy":"store","embeddable":true,"href":"https:\/\/www.pricetornado.com\/da\/wp-json\/wp\/v2\/store?post=449626"},{"taxonomy":"product_brand","embeddable":true,"href":"https:\/\/www.pricetornado.com\/da\/wp-json\/wp\/v2\/product_brand?post=449626"},{"taxonomy":"product_cat","embeddable":true,"href":"https:\/\/www.pricetornado.com\/da\/wp-json\/wp\/v2\/product_cat?post=449626"},{"taxonomy":"product_tag","embeddable":true,"href":"https:\/\/www.pricetornado.com\/da\/wp-json\/wp\/v2\/product_tag?post=449626"}],"curies":[{"name":"wp","href":"https:\/\/api.w.org\/{rel}","templated":true}]}}