{"id":449625,"date":"2025-02-27T17:26:17","date_gmt":"2025-02-27T16:26:17","guid":{"rendered":"https:\/\/www.pricetornado.com\/da\/produkt\/nedis-usb-kabel-usb-2-0-usb-a-han-usb-c-han-15-w-480-mbps-guldplateret-2-00-m-runde-flettet-nylon-aluminium-cover-window-box-cctb60600al20\/"},"modified":"2026-04-29T01:33:33","modified_gmt":"2026-04-28T23:33:33","slug":"nedis-usb-kabel-usb-2-0-usb-a-han-usb-c-han-15-w-480-mbps-guldplateret-2-00-m-runde-flettet-nylon-aluminium-cover-window-box-cctb60600al20","status":"publish","type":"product","link":"https:\/\/www.pricetornado.com\/da\/produkt\/nedis-usb-kabel-usb-2-0-usb-a-han-usb-c-han-15-w-480-mbps-guldplateret-2-00-m-runde-flettet-nylon-aluminium-cover-window-box-cctb60600al20\/","title":{"rendered":"Nedis &#8211; USB-kabel | USB 2.0 | USB-A Han | USB-C\u2122 Han | 15 W | 480 Mbps | Guldplateret | 2.00 m | Runde | Flettet \/ Nylon | Aluminium | Cover Window Box &#8211; CCTB60600AL20"},"content":{"rendered":"<p>K\u00f8b billig Nedis &#8211; USB-kabel | USB 2.0 | USB-A Han | USB-C\u2122 Han | 15 W | 480 Mbps | Guldplateret | 2.00 m | Runde | Flettet \/ Nylon | Aluminium | Cover Window Box &#8211; CCTB60600AL20!<br \/>\nUSB 2.0-kabel med h\u00f8j ydeevne og robust designOplev en ultraeffektiv medieforbindelse med Nedis Fabritallic USB 2.0-kablet \u2013 dit kvalitetsvalg til sammenkobling af station\u00e6re computere, b\u00e6rbare pc\u2019er, smartphones og tablets. Dette kabel er udviklet til at sikre fremragende kommunikation mellem medieenheder og er ideelt b\u00e5de til dit nuv\u00e6rende udstyr og fremtidige udvidelser.Med USB 2.0-standard opn\u00e5r du hurtige dataoverf\u00f8rsler p\u00e5 op til 480 Mbps \u2013 40 gange hurtigere end USB 1.1. Kablet kan levere op til 15 W (3 A) str\u00f8m for effektiv opladning og synkronisering. Det er kompatibelt med b\u00e5de enheder med lav b\u00e5ndbredde, s\u00e5som tastaturer og mus, og enheder med h\u00f8j b\u00e5ndbredde, som webcams, scannere, printere og lagringsenheder.Kablet er udviklet med fokus p\u00e5 langtidsholdbarhed og ydeevne gennem hele produktets levetid. Livslang garantibeskyttelse understreger producentens forpligtelse til kvalitet og din tryghed ved brug.Opgrader din medieforbindelse med dette eksklusive og holdbare Nedis Fabritallic USB 2.0-kabel, og oplev stabil og hurtig dataoverf\u00f8rsel og opladning dag efter dag.<\/p>\n<p>Sammenlign priser p\u00e5 Nedis &#8211; USB-kabel | USB 2.0 | USB-A Han | USB-C\u2122 Han | 15 W | 480 Mbps | Guldplateret | 2.00 m | Runde | Flettet \/ Nylon | Aluminium | Cover Window Box &#8211; CCTB60600AL20 og k\u00f8b online til den billigste pris, samt p\u00e5 tilbud!\u00a0\u00a0Tjek den bedste pris, produkt beskrivelse, video, test, anmeldelser osv.<\/p>\n<p><strong>Brand: <\/strong>Nedis<br \/>\n<strong>EAN: <\/strong>5412810262694<br \/>\n<strong>Producentens varenr.:<\/strong> 5412810262694<\/p>\n<p><strong>P.S.<\/strong><br \/>\nTilmeld dig til &#8220;Opret Gratis Prisfald Alarm&#8221;, og bliv underrettet med det samme om prisfald p\u00e5 Nedis &#8211; USB-kabel | USB 2.0 | USB-A Han | USB-C\u2122 Han | 15 W | 480 Mbps | Guldplateret | 2.00 m | Runde | Flettet \/ Nylon | Aluminium | Cover Window Box &#8211; CCTB60600AL20, og f\u00e5 den billigste pris!<\/p>\n<p>&nbsp;<\/p>\n<p>&nbsp;<\/p>\n","protected":false},"excerpt":{"rendered":"<p>K\u00f8b billig Nedis &#8211; USB-kabel | USB 2.0 | USB-A Han | USB-C\u2122 Han | 15 W | 480 Mbps | Guldplateret | 2.00 m | Runde | Flettet \/ Nylon | Aluminium | Cover Window Box &#8211; CCTB60600AL20! USB 2.0-kabel med h\u00f8j ydeevne og robust designOplev en ultraeffektiv medieforbindelse med Nedis Fabritallic USB 2.0-kablet [&hellip;]<\/p>\n","protected":false},"featured_media":0,"template":"","meta":[],"store":[1272516],"product_brand":[1272517],"product_cat":[1275232],"product_tag":[1275233,1275178],"class_list":{"0":"post-449625","1":"product","2":"type-product","3":"status-publish","5":"store-butik24","6":"product_brand-nedis","7":"product_cat-computer-og-netvaerk","8":"product_tag-computer-og-netvaerk","9":"product_tag-nedis","10":"pa_maerke-nedis","12":"first","13":"instock","14":"product-type-external"},"_links":{"self":[{"href":"https:\/\/www.pricetornado.com\/da\/wp-json\/wp\/v2\/product\/449625","targetHints":{"allow":["GET"]}}],"collection":[{"href":"https:\/\/www.pricetornado.com\/da\/wp-json\/wp\/v2\/product"}],"about":[{"href":"https:\/\/www.pricetornado.com\/da\/wp-json\/wp\/v2\/types\/product"}],"wp:attachment":[{"href":"https:\/\/www.pricetornado.com\/da\/wp-json\/wp\/v2\/media?parent=449625"}],"wp:term":[{"taxonomy":"store","embeddable":true,"href":"https:\/\/www.pricetornado.com\/da\/wp-json\/wp\/v2\/store?post=449625"},{"taxonomy":"product_brand","embeddable":true,"href":"https:\/\/www.pricetornado.com\/da\/wp-json\/wp\/v2\/product_brand?post=449625"},{"taxonomy":"product_cat","embeddable":true,"href":"https:\/\/www.pricetornado.com\/da\/wp-json\/wp\/v2\/product_cat?post=449625"},{"taxonomy":"product_tag","embeddable":true,"href":"https:\/\/www.pricetornado.com\/da\/wp-json\/wp\/v2\/product_tag?post=449625"}],"curies":[{"name":"wp","href":"https:\/\/api.w.org\/{rel}","templated":true}]}}