{"id":449622,"date":"2025-02-23T10:46:39","date_gmt":"2025-02-23T09:46:39","guid":{"rendered":"https:\/\/www.pricetornado.com\/da\/produkt\/nedis-netvaerk-dongle-wi-fi-ac600-2-4-5-ghz-dual-band-usb2-0-wi-fi-hastighed-total-600-mbps-windows-10-windows-11-windows-8-wsnwm610bk\/"},"modified":"2026-05-01T01:50:49","modified_gmt":"2026-04-30T23:50:49","slug":"nedis-netvaerk-dongle-wi-fi-ac600-2-4-5-ghz-dual-band-usb2-0-wi-fi-hastighed-total-600-mbps-windows-10-windows-11-windows-8-wsnwm610bk","status":"publish","type":"product","link":"https:\/\/www.pricetornado.com\/da\/produkt\/nedis-netvaerk-dongle-wi-fi-ac600-2-4-5-ghz-dual-band-usb2-0-wi-fi-hastighed-total-600-mbps-windows-10-windows-11-windows-8-wsnwm610bk\/","title":{"rendered":"Nedis &#8211; Netv\u00e6rk dongle | Wi-Fi | AC600 | 2.4\/5 GHz (Dual Band) | USB2.0 | Wi-Fi-hastighed total: 600 Mbps | Windows 10 \/ Windows 11 \/ Windows 8 &#8211; WSNWM610BK"},"content":{"rendered":"<p>K\u00f8b billig Nedis &#8211; Netv\u00e6rk dongle | Wi-Fi | AC600 | 2.4\/5 GHz (Dual Band) | USB2.0 | Wi-Fi-hastighed total: 600 Mbps | Windows 10 \/ Windows 11 \/ Windows 8 &#8211; WSNWM610BK!<br \/>\nOpret hurtigt en stabil tr\u00e5dl\u00f8s forbindelse p\u00e5 din station\u00e6re computer, eller opgrader dit Wi-Fi-signal p\u00e5 din b\u00e6rbare med denne kompakte Wi-Fi-dongle fra Nedis. Adapteren har et transportvenligt design i plast og metal, som underst\u00f8tter holdbarhed og nem brug p\u00e5 farten. Den kompakte st\u00f8rrelse g\u00f8r, at donglen kan forblive tilsluttet din b\u00e6rbare computer under transport uden at blokere andre porte eller v\u00e6re til gene for andre USB-enheder og kabler. Dette g\u00f8r den s\u00e6rligt praktisk til b\u00e5de hjemmet og mobile arbejdssituationer.Adapteren underst\u00f8tter b\u00e5de 2,4 GHz og 5 GHz frekvensb\u00e5nd, s\u00e5 du f\u00e5r optimal d\u00e6kning og hastighed til b\u00e5de internetbrowsing og online spil. Med op til 150 Mbps p\u00e5 2,4 GHz og 433 Mbps p\u00e5 5 GHz, opn\u00e5r du en samlet maksimal Wi-Fi-hastighed p\u00e5 600 Mbps, svarende til AC600-standarden. USB 2.0-forbindelsen sikrer kompatibilitet og hurtig dataoverf\u00f8rsel.Opgrader dit tr\u00e5dl\u00f8se netv\u00e6rk i dag med denne effektive og brugervenlige Wi-Fi-adapter fra Nedis, og nyd b\u00e5de hurtig internetadgang og stor fleksibilitet, uanset om du er hjemme eller p\u00e5 farten.<\/p>\n<p>Sammenlign priser p\u00e5 Nedis &#8211; Netv\u00e6rk dongle | Wi-Fi | AC600 | 2.4\/5 GHz (Dual Band) | USB2.0 | Wi-Fi-hastighed total: 600 Mbps | Windows 10 \/ Windows 11 \/ Windows 8 &#8211; WSNWM610BK og k\u00f8b online til den billigste pris, samt p\u00e5 tilbud!\u00a0\u00a0Tjek den bedste pris, produkt beskrivelse, video, test, anmeldelser osv.<\/p>\n<p><strong>Brand: <\/strong>Nedis<br \/>\n<strong>EAN: <\/strong>5412810438402<br \/>\n<strong>Producentens varenr.:<\/strong> 5412810438402<\/p>\n<p><strong>P.S.<\/strong><br \/>\nTilmeld dig til &#8220;Opret Gratis Prisfald Alarm&#8221;, og bliv underrettet med det samme om prisfald p\u00e5 Nedis &#8211; Netv\u00e6rk dongle | Wi-Fi | AC600 | 2.4\/5 GHz (Dual Band) | USB2.0 | Wi-Fi-hastighed total: 600 Mbps | Windows 10 \/ Windows 11 \/ Windows 8 &#8211; WSNWM610BK, og f\u00e5 den billigste pris!<\/p>\n<p>&nbsp;<\/p>\n<p>&nbsp;<\/p>\n","protected":false},"excerpt":{"rendered":"<p>K\u00f8b billig Nedis &#8211; Netv\u00e6rk dongle | Wi-Fi | AC600 | 2.4\/5 GHz (Dual Band) | USB2.0 | Wi-Fi-hastighed total: 600 Mbps | Windows 10 \/ Windows 11 \/ Windows 8 &#8211; WSNWM610BK! Opret hurtigt en stabil tr\u00e5dl\u00f8s forbindelse p\u00e5 din station\u00e6re computer, eller opgrader dit Wi-Fi-signal p\u00e5 din b\u00e6rbare med denne kompakte Wi-Fi-dongle fra [&hellip;]<\/p>\n","protected":false},"featured_media":999980000004496220,"template":"","meta":[],"store":[1272516],"product_brand":[1272517],"product_cat":[1275232],"product_tag":[1275233,1275178],"class_list":{"0":"post-449622","1":"product","2":"type-product","3":"status-publish","4":"has-post-thumbnail","6":"store-butik24","7":"product_brand-nedis","8":"product_cat-computer-og-netvaerk","9":"product_tag-computer-og-netvaerk","10":"product_tag-nedis","11":"pa_maerke-nedis","13":"first","14":"instock","15":"product-type-external"},"_links":{"self":[{"href":"https:\/\/www.pricetornado.com\/da\/wp-json\/wp\/v2\/product\/449622","targetHints":{"allow":["GET"]}}],"collection":[{"href":"https:\/\/www.pricetornado.com\/da\/wp-json\/wp\/v2\/product"}],"about":[{"href":"https:\/\/www.pricetornado.com\/da\/wp-json\/wp\/v2\/types\/product"}],"wp:featuredmedia":[{"embeddable":true,"href":"https:\/\/www.pricetornado.com\/da\/wp-json\/"}],"wp:attachment":[{"href":"https:\/\/www.pricetornado.com\/da\/wp-json\/wp\/v2\/media?parent=449622"}],"wp:term":[{"taxonomy":"store","embeddable":true,"href":"https:\/\/www.pricetornado.com\/da\/wp-json\/wp\/v2\/store?post=449622"},{"taxonomy":"product_brand","embeddable":true,"href":"https:\/\/www.pricetornado.com\/da\/wp-json\/wp\/v2\/product_brand?post=449622"},{"taxonomy":"product_cat","embeddable":true,"href":"https:\/\/www.pricetornado.com\/da\/wp-json\/wp\/v2\/product_cat?post=449622"},{"taxonomy":"product_tag","embeddable":true,"href":"https:\/\/www.pricetornado.com\/da\/wp-json\/wp\/v2\/product_tag?post=449622"}],"curies":[{"name":"wp","href":"https:\/\/api.w.org\/{rel}","templated":true}]}}