{"id":449621,"date":"2025-02-24T18:17:51","date_gmt":"2025-02-24T17:17:51","guid":{"rendered":"https:\/\/www.pricetornado.com\/da\/produkt\/nedis-netvaerk-dongle-wi-fi-ac1200-2-4-5-ghz-dual-band-usb3-0-wi-fi-hastighed-total-1200-mbps-windows-10-windows-11-windows-8-wsnwa1210bk\/"},"modified":"2026-04-30T01:41:35","modified_gmt":"2026-04-29T23:41:35","slug":"nedis-netvaerk-dongle-wi-fi-ac1200-2-4-5-ghz-dual-band-usb3-0-wi-fi-hastighed-total-1200-mbps-windows-10-windows-11-windows-8-wsnwa1210bk","status":"publish","type":"product","link":"https:\/\/www.pricetornado.com\/da\/produkt\/nedis-netvaerk-dongle-wi-fi-ac1200-2-4-5-ghz-dual-band-usb3-0-wi-fi-hastighed-total-1200-mbps-windows-10-windows-11-windows-8-wsnwa1210bk\/","title":{"rendered":"Nedis &#8211; Netv\u00e6rk dongle | Wi-Fi | AC1200 | 2.4\/5 GHz (Dual Band) | USB3.0 | Wi-Fi-hastighed total: 1200 Mbps | Windows 10 \/ Windows 11 \/ Windows 8 &#8211; WSNWA1210BK"},"content":{"rendered":"<p>K\u00f8b billig Nedis &#8211; Netv\u00e6rk dongle | Wi-Fi | AC1200 | 2.4\/5 GHz (Dual Band) | USB3.0 | Wi-Fi-hastighed total: 1200 Mbps | Windows 10 \/ Windows 11 \/ Windows 8 &#8211; WSNWA1210BK!<br \/>\nOpret en hurtig og stabil Wi-Fi-forbindelse p\u00e5 din station\u00e6re pc eller opgrader Wi-Fi-signalet p\u00e5 din b\u00e6rbare med denne tr\u00e5dl\u00f8se netv\u00e6rksdongle. Den er velegnet til brug med de fleste modemer og giver dig den rette forbindelse, uanset om du surfer p\u00e5 nettet eller spiller online spil. Adapteren bruger b\u00e5de 2.4 GHz og 5 GHz frekvensb\u00e5nd, hvilket sikrer optimal fleksibilitet og ydeevne.Med Wi-Fi-hastigheder op til 300 Mbps p\u00e5 2.4 GHz-b\u00e5ndet og op til 900 Mbps p\u00e5 5 GHz-b\u00e5ndet \u2013 en samlet hastighed p\u00e5 op til 1200 Mbps \u2013 f\u00e5r du lynhurtig og stabil forbindelse. USB 3.0-tilslutningen sikrer h\u00f8je datahastigheder uden flaskehalse. To 5 dBi-antenner leverer en st\u00e6rkt forbedret r\u00e6kkevidde og stabilitet sammenlignet med standard dongler.Dual-band Wi-Fi (2.4\/5 GHz) til fleksibel anvendelseUSB 3.0 interface for h\u00f8j dataoverf\u00f8rselshastighedOpgrader din Wi-Fi-oplevelse med denne effektive netv\u00e6rksdongle og f\u00e5 en hurtigere, mere stabil og sikker internetforbindelse.<\/p>\n<p>Sammenlign priser p\u00e5 Nedis &#8211; Netv\u00e6rk dongle | Wi-Fi | AC1200 | 2.4\/5 GHz (Dual Band) | USB3.0 | Wi-Fi-hastighed total: 1200 Mbps | Windows 10 \/ Windows 11 \/ Windows 8 &#8211; WSNWA1210BK og k\u00f8b online til den billigste pris, samt p\u00e5 tilbud!\u00a0\u00a0Tjek den bedste pris, produkt beskrivelse, video, test, anmeldelser osv.<\/p>\n<p><strong>Brand: <\/strong>Nedis<br \/>\n<strong>EAN: <\/strong>5412810438266<br \/>\n<strong>Producentens varenr.:<\/strong> 5412810438266<\/p>\n<p><strong>P.S.<\/strong><br \/>\nTilmeld dig til &#8220;Opret Gratis Prisfald Alarm&#8221;, og bliv underrettet med det samme om prisfald p\u00e5 Nedis &#8211; Netv\u00e6rk dongle | Wi-Fi | AC1200 | 2.4\/5 GHz (Dual Band) | USB3.0 | Wi-Fi-hastighed total: 1200 Mbps | Windows 10 \/ Windows 11 \/ Windows 8 &#8211; WSNWA1210BK, og f\u00e5 den billigste pris!<\/p>\n<p>&nbsp;<\/p>\n<p>&nbsp;<\/p>\n","protected":false},"excerpt":{"rendered":"<p>K\u00f8b billig Nedis &#8211; Netv\u00e6rk dongle | Wi-Fi | AC1200 | 2.4\/5 GHz (Dual Band) | USB3.0 | Wi-Fi-hastighed total: 1200 Mbps | Windows 10 \/ Windows 11 \/ Windows 8 &#8211; WSNWA1210BK! Opret en hurtig og stabil Wi-Fi-forbindelse p\u00e5 din station\u00e6re pc eller opgrader Wi-Fi-signalet p\u00e5 din b\u00e6rbare med denne tr\u00e5dl\u00f8se netv\u00e6rksdongle. Den er [&hellip;]<\/p>\n","protected":false},"featured_media":999980000004496210,"template":"","meta":[],"store":[1272516],"product_brand":[1272517],"product_cat":[1275232],"product_tag":[1275233,1275178],"class_list":{"0":"post-449621","1":"product","2":"type-product","3":"status-publish","4":"has-post-thumbnail","6":"store-butik24","7":"product_brand-nedis","8":"product_cat-computer-og-netvaerk","9":"product_tag-computer-og-netvaerk","10":"product_tag-nedis","11":"pa_maerke-nedis","13":"first","14":"instock","15":"product-type-external"},"_links":{"self":[{"href":"https:\/\/www.pricetornado.com\/da\/wp-json\/wp\/v2\/product\/449621","targetHints":{"allow":["GET"]}}],"collection":[{"href":"https:\/\/www.pricetornado.com\/da\/wp-json\/wp\/v2\/product"}],"about":[{"href":"https:\/\/www.pricetornado.com\/da\/wp-json\/wp\/v2\/types\/product"}],"wp:featuredmedia":[{"embeddable":true,"href":"https:\/\/www.pricetornado.com\/da\/wp-json\/"}],"wp:attachment":[{"href":"https:\/\/www.pricetornado.com\/da\/wp-json\/wp\/v2\/media?parent=449621"}],"wp:term":[{"taxonomy":"store","embeddable":true,"href":"https:\/\/www.pricetornado.com\/da\/wp-json\/wp\/v2\/store?post=449621"},{"taxonomy":"product_brand","embeddable":true,"href":"https:\/\/www.pricetornado.com\/da\/wp-json\/wp\/v2\/product_brand?post=449621"},{"taxonomy":"product_cat","embeddable":true,"href":"https:\/\/www.pricetornado.com\/da\/wp-json\/wp\/v2\/product_cat?post=449621"},{"taxonomy":"product_tag","embeddable":true,"href":"https:\/\/www.pricetornado.com\/da\/wp-json\/wp\/v2\/product_tag?post=449621"}],"curies":[{"name":"wp","href":"https:\/\/api.w.org\/{rel}","templated":true}]}}