{"id":449619,"date":"2025-02-25T11:11:29","date_gmt":"2025-02-25T10:11:29","guid":{"rendered":"https:\/\/www.pricetornado.com\/da\/produkt\/nedis-bluetooth-dongle-5-1-bluetooth-usb-20-m-bldo100v5bk\/"},"modified":"2026-05-01T01:50:49","modified_gmt":"2026-04-30T23:50:49","slug":"nedis-bluetooth-dongle-5-1-bluetooth-usb-20-m-bldo100v5bk","status":"publish","type":"product","link":"https:\/\/www.pricetornado.com\/da\/produkt\/nedis-bluetooth-dongle-5-1-bluetooth-usb-20-m-bldo100v5bk\/","title":{"rendered":"Nedis &#8211; Bluetooth dongle | 5.1 | Bluetooth \/ USB | 20 m &#8211; BLDO100V5BK"},"content":{"rendered":"<p>K\u00f8b billig Nedis &#8211; Bluetooth dongle | 5.1 | Bluetooth \/ USB | 20 m &#8211; BLDO100V5BK!<br \/>\nBluetooth 5.1 dongle med lang r\u00e6kkevidde og plug-and-playDenne kompakte USB 2.0 Bluetooth\u00ae 5.1-dongle fra Nedis muligg\u00f8r tr\u00e5dl\u00f8s kommunikation og dataoverf\u00f8rsel mellem dine enheder, s\u00e5som pc\u2019er, mobiltelefoner, tablets og netv\u00e6rk. Installationen er ren plug-and-play, s\u00e5 du kan tilslutte og bruge donglen med det samme uden behov for drivere eller manuel ops\u00e6tning.Donglen er fremstillet i robust ABS-plastik, hvilket giver holdbarhed og lav v\u00e6gt p\u00e5 kun 5 gram. Med de kompakte dimensioner p\u00e5 30 x 16,5 x 8,6 mm er donglen ideel til notebooks og andre b\u00e6rbare enheder. Bluetooth 5.1-teknologien tilbyder en r\u00e6kkevidde p\u00e5 op til 20 meter (klasse 2) og en overf\u00f8rselshastighed p\u00e5 op til 3 Mbps. Donglen underst\u00f8tter ogs\u00e5 Bluetooth-voice-data, hvilket g\u00f8r den velegnet til brug med headset og h\u00f8jttalere.Denne dongle er ideel, hvis du vil tilf\u00f8je Bluetooth-funktionalitet til computere eller notebooks, der ikke allerede har det indbygget. Du kan hurtigt udvide dine tr\u00e5dl\u00f8se muligheder uden teknisk besv\u00e6r, hvilket g\u00f8r donglen s\u00e6rdeles brugervenlig og oplagt til en travl hverdag.Opgrader din tr\u00e5dl\u00f8se kommunikation og dataoverf\u00f8rsel med denne effektive og kompakte Bluetooth 5.1 dongle fra Nedis \u2013 perfekt kombination af brugervenlighed, holdbarhed og h\u00f8j ydeevne.<\/p>\n<p>Sammenlign priser p\u00e5 Nedis &#8211; Bluetooth dongle | 5.1 | Bluetooth \/ USB | 20 m &#8211; BLDO100V5BK og k\u00f8b online til den billigste pris, samt p\u00e5 tilbud!\u00a0\u00a0Tjek den bedste pris, produkt beskrivelse, video, test, anmeldelser osv.<\/p>\n<p><strong>Brand: <\/strong>Nedis<br \/>\n<strong>EAN: <\/strong>5412810405404<br \/>\n<strong>Producentens varenr.:<\/strong> 5412810405404<\/p>\n<p><strong>P.S.<\/strong><br \/>\nTilmeld dig til &#8220;Opret Gratis Prisfald Alarm&#8221;, og bliv underrettet med det samme om prisfald p\u00e5 Nedis &#8211; Bluetooth dongle | 5.1 | Bluetooth \/ USB | 20 m &#8211; BLDO100V5BK, og f\u00e5 den billigste pris!<\/p>\n<p>&nbsp;<\/p>\n<p>&nbsp;<\/p>\n","protected":false},"excerpt":{"rendered":"<p>K\u00f8b billig Nedis &#8211; Bluetooth dongle | 5.1 | Bluetooth \/ USB | 20 m &#8211; BLDO100V5BK! Bluetooth 5.1 dongle med lang r\u00e6kkevidde og plug-and-playDenne kompakte USB 2.0 Bluetooth\u00ae 5.1-dongle fra Nedis muligg\u00f8r tr\u00e5dl\u00f8s kommunikation og dataoverf\u00f8rsel mellem dine enheder, s\u00e5som pc\u2019er, mobiltelefoner, tablets og netv\u00e6rk. Installationen er ren plug-and-play, s\u00e5 du kan tilslutte og [&hellip;]<\/p>\n","protected":false},"featured_media":999980000004496190,"template":"","meta":[],"store":[1272516],"product_brand":[1272517],"product_cat":[1275232],"product_tag":[1275233,1275178],"class_list":{"0":"post-449619","1":"product","2":"type-product","3":"status-publish","4":"has-post-thumbnail","6":"store-butik24","7":"product_brand-nedis","8":"product_cat-computer-og-netvaerk","9":"product_tag-computer-og-netvaerk","10":"product_tag-nedis","11":"pa_maerke-nedis","13":"first","14":"instock","15":"product-type-external"},"_links":{"self":[{"href":"https:\/\/www.pricetornado.com\/da\/wp-json\/wp\/v2\/product\/449619","targetHints":{"allow":["GET"]}}],"collection":[{"href":"https:\/\/www.pricetornado.com\/da\/wp-json\/wp\/v2\/product"}],"about":[{"href":"https:\/\/www.pricetornado.com\/da\/wp-json\/wp\/v2\/types\/product"}],"wp:featuredmedia":[{"embeddable":true,"href":"https:\/\/www.pricetornado.com\/da\/wp-json\/"}],"wp:attachment":[{"href":"https:\/\/www.pricetornado.com\/da\/wp-json\/wp\/v2\/media?parent=449619"}],"wp:term":[{"taxonomy":"store","embeddable":true,"href":"https:\/\/www.pricetornado.com\/da\/wp-json\/wp\/v2\/store?post=449619"},{"taxonomy":"product_brand","embeddable":true,"href":"https:\/\/www.pricetornado.com\/da\/wp-json\/wp\/v2\/product_brand?post=449619"},{"taxonomy":"product_cat","embeddable":true,"href":"https:\/\/www.pricetornado.com\/da\/wp-json\/wp\/v2\/product_cat?post=449619"},{"taxonomy":"product_tag","embeddable":true,"href":"https:\/\/www.pricetornado.com\/da\/wp-json\/wp\/v2\/product_tag?post=449619"}],"curies":[{"name":"wp","href":"https:\/\/api.w.org\/{rel}","templated":true}]}}