{"id":449611,"date":"2025-02-27T22:34:51","date_gmt":"2025-02-27T21:34:51","guid":{"rendered":"https:\/\/www.pricetornado.com\/da\/produkt\/nedis-usb-kabel-usb-3-2-gen-1-usb-a-han-usb-c-han-60-w-5-gbps-guldplateret-1-00-m-runde-pvc-antracit-window-box-ccbw61600at10\/"},"modified":"2026-04-29T01:31:46","modified_gmt":"2026-04-28T23:31:46","slug":"nedis-usb-kabel-usb-3-2-gen-1-usb-a-han-usb-c-han-60-w-5-gbps-guldplateret-1-00-m-runde-pvc-antracit-window-box-ccbw61600at10","status":"publish","type":"product","link":"https:\/\/www.pricetornado.com\/da\/produkt\/nedis-usb-kabel-usb-3-2-gen-1-usb-a-han-usb-c-han-60-w-5-gbps-guldplateret-1-00-m-runde-pvc-antracit-window-box-ccbw61600at10\/","title":{"rendered":"Nedis &#8211; USB-kabel | USB 3.2 Gen 1 | USB-A Han | USB-C\u2122 Han | 60 W | 5 Gbps | Guldplateret | 1.00 m | Runde | PVC | Antracit | Window Box &#8211; CCBW61600AT10"},"content":{"rendered":"<p>K\u00f8b billig Nedis &#8211; USB-kabel | USB 3.2 Gen 1 | USB-A Han | USB-C\u2122 Han | 60 W | 5 Gbps | Guldplateret | 1.00 m | Runde | PVC | Antracit | Window Box &#8211; CCBW61600AT10!<br \/>\nUSB-C\u2122 3.2 Gen 1-kabel til hurtig dataoverf\u00f8rsel og opladningTilslut dine mobilenheder nemt til en pc eller MacBook med dette USB-C\u2122 3.2 Gen 1-kabel. Det giver en praktisk og p\u00e5lidelig l\u00f8sning til b\u00e5de dataoverf\u00f8rsel og opladning i \u00e9t og samme kabel.Kablet underst\u00f8tter en overf\u00f8rselshastighed p\u00e5 op til 5 Gbps, s\u00e5 du hurtigt kan synkronisere filer, billeder og videoer mellem dine enheder uden un\u00f8dig ventetid.Med en opladningskapacitet p\u00e5 60 W kan kablet anvendes til opladning af smartphones, tablets, powerbanks og b\u00e6rbare computere, hvilket g\u00f8r det fleksibelt til daglig brug.Kablet har en ydre kappe af PVC-materiale, der giver god beskyttelse og fleksibilitet.Guldplaterede USB-A og USB-C-stik modst\u00e5r korrosion og oxidation, hvilket sikrer stabil forbindelse og forl\u00e6nger kablets levetid.Det runde kabeldesign g\u00f8r det nemt at h\u00e5ndtere og placere.L\u00e6ngden p\u00e5 1 meter er praktisk til de fleste form\u00e5l.Leveres i en pr\u00e6sentabel window box, som beskytter kablet ved opbevaring.Dette USB-C\u2122 3.2 Gen 1-kabel kombinerer h\u00f8j ydeevne med holdbarhed og et brugervenligt design \u2013 ideelt til daglig tilslutning og opladning af dine enheder.<\/p>\n<p>Sammenlign priser p\u00e5 Nedis &#8211; USB-kabel | USB 3.2 Gen 1 | USB-A Han | USB-C\u2122 Han | 60 W | 5 Gbps | Guldplateret | 1.00 m | Runde | PVC | Antracit | Window Box &#8211; CCBW61600AT10 og k\u00f8b online til den billigste pris, samt p\u00e5 tilbud!\u00a0\u00a0Tjek den bedste pris, produkt beskrivelse, video, test, anmeldelser osv.<\/p>\n<p><strong>Brand: <\/strong>Nedis<br \/>\n<strong>EAN: <\/strong>5412810263615<br \/>\n<strong>Producentens varenr.:<\/strong> 5412810263615<\/p>\n<p><strong>P.S.<\/strong><br \/>\nTilmeld dig til &#8220;Opret Gratis Prisfald Alarm&#8221;, og bliv underrettet med det samme om prisfald p\u00e5 Nedis &#8211; USB-kabel | USB 3.2 Gen 1 | USB-A Han | USB-C\u2122 Han | 60 W | 5 Gbps | Guldplateret | 1.00 m | Runde | PVC | Antracit | Window Box &#8211; CCBW61600AT10, og f\u00e5 den billigste pris!<\/p>\n<p>&nbsp;<\/p>\n<p>&nbsp;<\/p>\n","protected":false},"excerpt":{"rendered":"<p>K\u00f8b billig Nedis &#8211; USB-kabel | USB 3.2 Gen 1 | USB-A Han | USB-C\u2122 Han | 60 W | 5 Gbps | Guldplateret | 1.00 m | Runde | PVC | Antracit | Window Box &#8211; CCBW61600AT10! USB-C\u2122 3.2 Gen 1-kabel til hurtig dataoverf\u00f8rsel og opladningTilslut dine mobilenheder nemt til en pc eller MacBook [&hellip;]<\/p>\n","protected":false},"featured_media":0,"template":"","meta":[],"store":[1272516],"product_brand":[1272517],"product_cat":[1275232],"product_tag":[1275233,1275178],"class_list":{"0":"post-449611","1":"product","2":"type-product","3":"status-publish","5":"store-butik24","6":"product_brand-nedis","7":"product_cat-computer-og-netvaerk","8":"product_tag-computer-og-netvaerk","9":"product_tag-nedis","10":"pa_maerke-nedis","12":"first","13":"instock","14":"product-type-external"},"_links":{"self":[{"href":"https:\/\/www.pricetornado.com\/da\/wp-json\/wp\/v2\/product\/449611","targetHints":{"allow":["GET"]}}],"collection":[{"href":"https:\/\/www.pricetornado.com\/da\/wp-json\/wp\/v2\/product"}],"about":[{"href":"https:\/\/www.pricetornado.com\/da\/wp-json\/wp\/v2\/types\/product"}],"wp:attachment":[{"href":"https:\/\/www.pricetornado.com\/da\/wp-json\/wp\/v2\/media?parent=449611"}],"wp:term":[{"taxonomy":"store","embeddable":true,"href":"https:\/\/www.pricetornado.com\/da\/wp-json\/wp\/v2\/store?post=449611"},{"taxonomy":"product_brand","embeddable":true,"href":"https:\/\/www.pricetornado.com\/da\/wp-json\/wp\/v2\/product_brand?post=449611"},{"taxonomy":"product_cat","embeddable":true,"href":"https:\/\/www.pricetornado.com\/da\/wp-json\/wp\/v2\/product_cat?post=449611"},{"taxonomy":"product_tag","embeddable":true,"href":"https:\/\/www.pricetornado.com\/da\/wp-json\/wp\/v2\/product_tag?post=449611"}],"curies":[{"name":"wp","href":"https:\/\/api.w.org\/{rel}","templated":true}]}}