{"id":449594,"date":"2025-02-23T10:06:10","date_gmt":"2025-02-23T09:06:10","guid":{"rendered":"https:\/\/www.pricetornado.com\/da\/produkt\/nedis-ultra-high-speed-hdmi-kabel-hdmi-stik-hdmi-stik-8k60hz-48-gbps-2-00-m-runde-6-5-mm-sort-box-cvgb35000bk20\/"},"modified":"2026-04-29T01:26:13","modified_gmt":"2026-04-28T23:26:13","slug":"nedis-ultra-high-speed-hdmi-kabel-hdmi-stik-hdmi-stik-8k60hz-48-gbps-2-00-m-runde-6-5-mm-sort-box-cvgb35000bk20","status":"publish","type":"product","link":"https:\/\/www.pricetornado.com\/da\/produkt\/nedis-ultra-high-speed-hdmi-kabel-hdmi-stik-hdmi-stik-8k60hz-48-gbps-2-00-m-runde-6-5-mm-sort-box-cvgb35000bk20\/","title":{"rendered":"Nedis &#8211; Ultra High Speed HDMI \u2122 kabel | HDMI\u2122 Stik | HDMI\u2122 Stik | 8K@60Hz | 48 Gbps | 2.00 m | Runde | 6.5 mm | Sort | Box &#8211; CVGB35000BK20"},"content":{"rendered":"<p>K\u00f8b billig Nedis &#8211; Ultra High Speed HDMI \u2122 kabel | HDMI\u2122 Stik | HDMI\u2122 Stik | 8K@60Hz | 48 Gbps | 2.00 m | Runde | 6.5 mm | Sort | Box &#8211; CVGB35000BK20!<br \/>\nDen seneste opdatering af HDMI-specifikationen underst\u00f8tter h\u00f8jere videoopl\u00f8sninger og opdateringshastigheder, inkl. 8 K @ 60 Hz og 4 K @ 120 Hz, og opl\u00f8sninger op til 10 K. Dynamiske HDR-formater underst\u00f8ttes ogs\u00e5, og b\u00e5ndbreddekapaciteten \u00f8ges op til 48 Gbps.Det nye Nedis Ultra High Speed HDMI\u2122-kabel underst\u00f8tter 48 Gbps b\u00e5ndbredde. Kablet sikrer, at funktioner, der er afh\u00e6ngig af en h\u00f8j b\u00e5ndbredde, leveres, herunder 8K-video med HDR. Den har et utroligt lav EMI (elektromagnetisk interferens), der mindsker interferensen fra n\u00e6rtst\u00e5ende tr\u00e5dl\u00f8se enheder. Kablet er bagudkompatibelt og kan bruges med den eksisterende, installerede base af HDMI-enheder.<\/p>\n<p>Sammenlign priser p\u00e5 Nedis &#8211; Ultra High Speed HDMI \u2122 kabel | HDMI\u2122 Stik | HDMI\u2122 Stik | 8K@60Hz | 48 Gbps | 2.00 m | Runde | 6.5 mm | Sort | Box &#8211; CVGB35000BK20 og k\u00f8b online til den billigste pris, samt p\u00e5 tilbud!\u00a0\u00a0Tjek den bedste pris, produkt beskrivelse, video, test, anmeldelser osv.<\/p>\n<p><strong>Brand: <\/strong>Nedis<br \/>\n<strong>EAN: <\/strong>5412810304202<br \/>\n<strong>Producentens varenr.:<\/strong> 5412810304202<\/p>\n<p><strong>P.S.<\/strong><br \/>\nTilmeld dig til &#8220;Opret Gratis Prisfald Alarm&#8221;, og bliv underrettet med det samme om prisfald p\u00e5 Nedis &#8211; Ultra High Speed HDMI \u2122 kabel | HDMI\u2122 Stik | HDMI\u2122 Stik | 8K@60Hz | 48 Gbps | 2.00 m | Runde | 6.5 mm | Sort | Box &#8211; CVGB35000BK20, og f\u00e5 den billigste pris!<\/p>\n<p>&nbsp;<\/p>\n<p>&nbsp;<\/p>\n","protected":false},"excerpt":{"rendered":"<p>K\u00f8b billig Nedis &#8211; Ultra High Speed HDMI \u2122 kabel | HDMI\u2122 Stik | HDMI\u2122 Stik | 8K@60Hz | 48 Gbps | 2.00 m | Runde | 6.5 mm | Sort | Box &#8211; CVGB35000BK20! Den seneste opdatering af HDMI-specifikationen underst\u00f8tter h\u00f8jere videoopl\u00f8sninger og opdateringshastigheder, inkl. 8 K @ 60 Hz og 4 K @ [&hellip;]<\/p>\n","protected":false},"featured_media":0,"template":"","meta":[],"store":[1272516],"product_brand":[1272517],"product_cat":[1275230],"product_tag":[1275178,1275231],"class_list":{"0":"post-449594","1":"product","2":"type-product","3":"status-publish","5":"store-butik24","6":"product_brand-nedis","7":"product_cat-video","8":"product_tag-nedis","9":"product_tag-video","10":"pa_maerke-nedis","12":"first","13":"instock","14":"product-type-external"},"_links":{"self":[{"href":"https:\/\/www.pricetornado.com\/da\/wp-json\/wp\/v2\/product\/449594","targetHints":{"allow":["GET"]}}],"collection":[{"href":"https:\/\/www.pricetornado.com\/da\/wp-json\/wp\/v2\/product"}],"about":[{"href":"https:\/\/www.pricetornado.com\/da\/wp-json\/wp\/v2\/types\/product"}],"wp:attachment":[{"href":"https:\/\/www.pricetornado.com\/da\/wp-json\/wp\/v2\/media?parent=449594"}],"wp:term":[{"taxonomy":"store","embeddable":true,"href":"https:\/\/www.pricetornado.com\/da\/wp-json\/wp\/v2\/store?post=449594"},{"taxonomy":"product_brand","embeddable":true,"href":"https:\/\/www.pricetornado.com\/da\/wp-json\/wp\/v2\/product_brand?post=449594"},{"taxonomy":"product_cat","embeddable":true,"href":"https:\/\/www.pricetornado.com\/da\/wp-json\/wp\/v2\/product_cat?post=449594"},{"taxonomy":"product_tag","embeddable":true,"href":"https:\/\/www.pricetornado.com\/da\/wp-json\/wp\/v2\/product_tag?post=449594"}],"curies":[{"name":"wp","href":"https:\/\/api.w.org\/{rel}","templated":true}]}}