{"id":449587,"date":"2025-02-22T00:31:37","date_gmt":"2025-02-21T23:31:37","guid":{"rendered":"https:\/\/www.pricetornado.com\/da\/produkt\/nedis-din-stik-lige-han-nikkelplateret-slaa-til-kabeldiameter-6-0-mm-pvc-sort-25-stk-plastikpose-cavc20903bk\/"},"modified":"2026-05-01T01:40:24","modified_gmt":"2026-04-30T23:40:24","slug":"nedis-din-stik-lige-han-nikkelplateret-slaa-til-kabeldiameter-6-0-mm-pvc-sort-25-stk-plastikpose-cavc20903bk","status":"publish","type":"product","link":"https:\/\/www.pricetornado.com\/da\/produkt\/nedis-din-stik-lige-han-nikkelplateret-slaa-til-kabeldiameter-6-0-mm-pvc-sort-25-stk-plastikpose-cavc20903bk\/","title":{"rendered":"Nedis &#8211; DIN-stik | Lige | Han | Nikkelplateret | Sl\u00e5 til | Kabeldiameter: 6.0 mm | PVC | Sort | 25 stk. | Plastikpose &#8211; CAVC20903BK"},"content":{"rendered":"<p>K\u00f8b billig Nedis &#8211; DIN-stik | Lige | Han | Nikkelplateret | Sl\u00e5 til | Kabeldiameter: 6.0 mm | PVC | Sort | 25 stk. | Plastikpose &#8211; CAVC20903BK!<\/p>\n<p>Sammenlign priser p\u00e5 Nedis &#8211; DIN-stik | Lige | Han | Nikkelplateret | Sl\u00e5 til | Kabeldiameter: 6.0 mm | PVC | Sort | 25 stk. | Plastikpose &#8211; CAVC20903BK og k\u00f8b online til den billigste pris, samt p\u00e5 tilbud!\u00a0\u00a0Tjek den bedste pris, produkt beskrivelse, video, test, anmeldelser osv.<\/p>\n<p><strong>Brand: <\/strong>Nedis<br \/>\n<strong>EAN: <\/strong>5412810300112<br \/>\n<strong>Producentens varenr.:<\/strong> 5412810300112<\/p>\n<p><strong>P.S.<\/strong><br \/>\nTilmeld dig til &#8220;Opret Gratis Prisfald Alarm&#8221;, og bliv underrettet med det samme om prisfald p\u00e5 Nedis &#8211; DIN-stik | Lige | Han | Nikkelplateret | Sl\u00e5 til | Kabeldiameter: 6.0 mm | PVC | Sort | 25 stk. | Plastikpose &#8211; CAVC20903BK, og f\u00e5 den billigste pris!<\/p>\n<p>&nbsp;<\/p>\n<p>&nbsp;<\/p>\n","protected":false},"excerpt":{"rendered":"<p>K\u00f8b billig Nedis &#8211; DIN-stik | Lige | Han | Nikkelplateret | Sl\u00e5 til | Kabeldiameter: 6.0 mm | PVC | Sort | 25 stk. | Plastikpose &#8211; CAVC20903BK! Sammenlign priser p\u00e5 Nedis &#8211; DIN-stik | Lige | Han | Nikkelplateret | Sl\u00e5 til | Kabeldiameter: 6.0 mm | PVC | Sort | 25 stk. [&hellip;]<\/p>\n","protected":false},"featured_media":999980000004495870,"template":"","meta":[],"store":[1272516],"product_brand":[1272517],"product_cat":[1272472],"product_tag":[1272746,1275178],"class_list":{"0":"post-449587","1":"product","2":"type-product","3":"status-publish","4":"has-post-thumbnail","6":"store-butik24","7":"product_brand-nedis","8":"product_cat-lyd","9":"product_tag-lyd","10":"product_tag-nedis","11":"pa_maerke-nedis","13":"first","14":"instock","15":"product-type-external"},"_links":{"self":[{"href":"https:\/\/www.pricetornado.com\/da\/wp-json\/wp\/v2\/product\/449587","targetHints":{"allow":["GET"]}}],"collection":[{"href":"https:\/\/www.pricetornado.com\/da\/wp-json\/wp\/v2\/product"}],"about":[{"href":"https:\/\/www.pricetornado.com\/da\/wp-json\/wp\/v2\/types\/product"}],"wp:featuredmedia":[{"embeddable":true,"href":"https:\/\/www.pricetornado.com\/da\/wp-json\/"}],"wp:attachment":[{"href":"https:\/\/www.pricetornado.com\/da\/wp-json\/wp\/v2\/media?parent=449587"}],"wp:term":[{"taxonomy":"store","embeddable":true,"href":"https:\/\/www.pricetornado.com\/da\/wp-json\/wp\/v2\/store?post=449587"},{"taxonomy":"product_brand","embeddable":true,"href":"https:\/\/www.pricetornado.com\/da\/wp-json\/wp\/v2\/product_brand?post=449587"},{"taxonomy":"product_cat","embeddable":true,"href":"https:\/\/www.pricetornado.com\/da\/wp-json\/wp\/v2\/product_cat?post=449587"},{"taxonomy":"product_tag","embeddable":true,"href":"https:\/\/www.pricetornado.com\/da\/wp-json\/wp\/v2\/product_tag?post=449587"}],"curies":[{"name":"wp","href":"https:\/\/api.w.org\/{rel}","templated":true}]}}