{"id":449585,"date":"2025-02-25T11:12:37","date_gmt":"2025-02-25T10:12:37","guid":{"rendered":"https:\/\/www.pricetornado.com\/da\/produkt\/nedis-pl259-stik-lige-hun-nikkelplateret-75-ohm-chassis-kabeldiameter-5-0-mm-metal-soelv-25-stk-plastikpose-csvc43910me\/"},"modified":"2026-04-30T01:30:17","modified_gmt":"2026-04-29T23:30:17","slug":"nedis-pl259-stik-lige-hun-nikkelplateret-75-ohm-chassis-kabeldiameter-5-0-mm-metal-soelv-25-stk-plastikpose-csvc43910me","status":"publish","type":"product","link":"https:\/\/www.pricetornado.com\/da\/produkt\/nedis-pl259-stik-lige-hun-nikkelplateret-75-ohm-chassis-kabeldiameter-5-0-mm-metal-soelv-25-stk-plastikpose-csvc43910me\/","title":{"rendered":"Nedis &#8211; PL259 stik | Lige | Hun | Nikkelplateret | 75 Ohm | Chassis | Kabeldiameter: 5.0 mm | Metal | S\u00f8lv | 25 stk. | Plastikpose &#8211; CSVC43910ME"},"content":{"rendered":"<p>K\u00f8b billig Nedis &#8211; PL259 stik | Lige | Hun | Nikkelplateret | 75 Ohm | Chassis | Kabeldiameter: 5.0 mm | Metal | S\u00f8lv | 25 stk. | Plastikpose &#8211; CSVC43910ME!<br \/>\nUHF-stik, skot.<\/p>\n<p>Sammenlign priser p\u00e5 Nedis &#8211; PL259 stik | Lige | Hun | Nikkelplateret | 75 Ohm | Chassis | Kabeldiameter: 5.0 mm | Metal | S\u00f8lv | 25 stk. | Plastikpose &#8211; CSVC43910ME og k\u00f8b online til den billigste pris, samt p\u00e5 tilbud!\u00a0\u00a0Tjek den bedste pris, produkt beskrivelse, video, test, anmeldelser osv.<\/p>\n<p><strong>Brand: <\/strong>Nedis<br \/>\n<strong>EAN: <\/strong>5412810300006<br \/>\n<strong>Producentens varenr.:<\/strong> 5412810300006<\/p>\n<p><strong>P.S.<\/strong><br \/>\nTilmeld dig til &#8220;Opret Gratis Prisfald Alarm&#8221;, og bliv underrettet med det samme om prisfald p\u00e5 Nedis &#8211; PL259 stik | Lige | Hun | Nikkelplateret | 75 Ohm | Chassis | Kabeldiameter: 5.0 mm | Metal | S\u00f8lv | 25 stk. | Plastikpose &#8211; CSVC43910ME, og f\u00e5 den billigste pris!<\/p>\n<p>&nbsp;<\/p>\n<p>&nbsp;<\/p>\n","protected":false},"excerpt":{"rendered":"<p>K\u00f8b billig Nedis &#8211; PL259 stik | Lige | Hun | Nikkelplateret | 75 Ohm | Chassis | Kabeldiameter: 5.0 mm | Metal | S\u00f8lv | 25 stk. | Plastikpose &#8211; CSVC43910ME! UHF-stik, skot. Sammenlign priser p\u00e5 Nedis &#8211; PL259 stik | Lige | Hun | Nikkelplateret | 75 Ohm | Chassis | Kabeldiameter: 5.0 [&hellip;]<\/p>\n","protected":false},"featured_media":999980000004495850,"template":"","meta":[],"store":[1272516],"product_brand":[1272517],"product_cat":[1275230],"product_tag":[1275178,1275231],"class_list":{"0":"post-449585","1":"product","2":"type-product","3":"status-publish","4":"has-post-thumbnail","6":"store-butik24","7":"product_brand-nedis","8":"product_cat-video","9":"product_tag-nedis","10":"product_tag-video","11":"pa_maerke-nedis","13":"first","14":"instock","15":"product-type-external"},"_links":{"self":[{"href":"https:\/\/www.pricetornado.com\/da\/wp-json\/wp\/v2\/product\/449585","targetHints":{"allow":["GET"]}}],"collection":[{"href":"https:\/\/www.pricetornado.com\/da\/wp-json\/wp\/v2\/product"}],"about":[{"href":"https:\/\/www.pricetornado.com\/da\/wp-json\/wp\/v2\/types\/product"}],"wp:featuredmedia":[{"embeddable":true,"href":"https:\/\/www.pricetornado.com\/da\/wp-json\/"}],"wp:attachment":[{"href":"https:\/\/www.pricetornado.com\/da\/wp-json\/wp\/v2\/media?parent=449585"}],"wp:term":[{"taxonomy":"store","embeddable":true,"href":"https:\/\/www.pricetornado.com\/da\/wp-json\/wp\/v2\/store?post=449585"},{"taxonomy":"product_brand","embeddable":true,"href":"https:\/\/www.pricetornado.com\/da\/wp-json\/wp\/v2\/product_brand?post=449585"},{"taxonomy":"product_cat","embeddable":true,"href":"https:\/\/www.pricetornado.com\/da\/wp-json\/wp\/v2\/product_cat?post=449585"},{"taxonomy":"product_tag","embeddable":true,"href":"https:\/\/www.pricetornado.com\/da\/wp-json\/wp\/v2\/product_tag?post=449585"}],"curies":[{"name":"wp","href":"https:\/\/api.w.org\/{rel}","templated":true}]}}