{"id":449582,"date":"2025-02-20T10:12:22","date_gmt":"2025-02-20T09:12:22","guid":{"rendered":"https:\/\/www.pricetornado.com\/da\/produkt\/nedis-f-connector-lige-han-nikkelplateret-75-ohm-slaa-til-kabeldiameter-7-5-mm-zinc-alloy-soelv-25-stk-plastikpose-csvc41908me\/"},"modified":"2026-05-11T03:10:05","modified_gmt":"2026-05-11T01:10:05","slug":"nedis-f-connector-lige-han-nikkelplateret-75-ohm-slaa-til-kabeldiameter-7-5-mm-zinc-alloy-soelv-25-stk-plastikpose-csvc41908me","status":"publish","type":"product","link":"https:\/\/www.pricetornado.com\/da\/produkt\/nedis-f-connector-lige-han-nikkelplateret-75-ohm-slaa-til-kabeldiameter-7-5-mm-zinc-alloy-soelv-25-stk-plastikpose-csvc41908me\/","title":{"rendered":"Nedis &#8211; F-Connector | Lige | Han | Nikkelplateret | 75 Ohm | Sl\u00e5 til | Kabeldiameter: 7.5 mm | Zinc Alloy | S\u00f8lv | 25 stk. | Plastikpose &#8211; CSVC41908ME"},"content":{"rendered":"<p>K\u00f8b billig Nedis &#8211; F-Connector | Lige | Han | Nikkelplateret | 75 Ohm | Sl\u00e5 til | Kabeldiameter: 7.5 mm | Zinc Alloy | S\u00f8lv | 25 stk. | Plastikpose &#8211; CSVC41908ME!<br \/>\nDenne F-connector er et lige hanstik til 75 Ohm-installationer. Stikket monteres p\u00e5 coax-kabel med en kabeldiameter p\u00e5 7,5 mm og har et praktisk twist-on-design, s\u00e5 det kan tilsluttes kablet uden brug af en speciel krympetang.Connectoren er fremstillet i zinklegering med nikkelbel\u00e6gning. Det giver en robust konstruktion og en overflade med \u00f8get modstandsdygtighed over for korrosion. Twist-on-mekanismen g\u00f8r installationen enkel og ligetil uden behov for specialv\u00e6rkt\u00f8j.Leveres i pakke med 25 stk. i polybag<\/p>\n<p>Sammenlign priser p\u00e5 Nedis &#8211; F-Connector | Lige | Han | Nikkelplateret | 75 Ohm | Sl\u00e5 til | Kabeldiameter: 7.5 mm | Zinc Alloy | S\u00f8lv | 25 stk. | Plastikpose &#8211; CSVC41908ME og k\u00f8b online til den billigste pris, samt p\u00e5 tilbud!\u00a0\u00a0Tjek den bedste pris, produkt beskrivelse, video, test, anmeldelser osv.<\/p>\n<p><strong>Brand: <\/strong>Nedis<br \/>\n<strong>EAN: <\/strong>5412810299935<br \/>\n<strong>Producentens varenr.:<\/strong> 5412810299935<\/p>\n<p><strong>P.S.<\/strong><br \/>\nTilmeld dig til &#8220;Opret Gratis Prisfald Alarm&#8221;, og bliv underrettet med det samme om prisfald p\u00e5 Nedis &#8211; F-Connector | Lige | Han | Nikkelplateret | 75 Ohm | Sl\u00e5 til | Kabeldiameter: 7.5 mm | Zinc Alloy | S\u00f8lv | 25 stk. | Plastikpose &#8211; CSVC41908ME, og f\u00e5 den billigste pris!<\/p>\n<p>&nbsp;<\/p>\n<p>&nbsp;<\/p>\n","protected":false},"excerpt":{"rendered":"<p>K\u00f8b billig Nedis &#8211; F-Connector | Lige | Han | Nikkelplateret | 75 Ohm | Sl\u00e5 til | Kabeldiameter: 7.5 mm | Zinc Alloy | S\u00f8lv | 25 stk. | Plastikpose &#8211; CSVC41908ME! Denne F-connector er et lige hanstik til 75 Ohm-installationer. Stikket monteres p\u00e5 coax-kabel med en kabeldiameter p\u00e5 7,5 mm og har et [&hellip;]<\/p>\n","protected":false},"featured_media":999980000004495820,"template":"","meta":[],"store":[1272516],"product_brand":[1272517],"product_cat":[1275230],"product_tag":[1275178,1275231],"class_list":{"0":"post-449582","1":"product","2":"type-product","3":"status-publish","4":"has-post-thumbnail","6":"store-butik24","7":"product_brand-nedis","8":"product_cat-video","9":"product_tag-nedis","10":"product_tag-video","11":"pa_maerke-nedis","13":"first","14":"instock","15":"product-type-external"},"_links":{"self":[{"href":"https:\/\/www.pricetornado.com\/da\/wp-json\/wp\/v2\/product\/449582","targetHints":{"allow":["GET"]}}],"collection":[{"href":"https:\/\/www.pricetornado.com\/da\/wp-json\/wp\/v2\/product"}],"about":[{"href":"https:\/\/www.pricetornado.com\/da\/wp-json\/wp\/v2\/types\/product"}],"wp:featuredmedia":[{"embeddable":true,"href":"https:\/\/www.pricetornado.com\/da\/wp-json\/"}],"wp:attachment":[{"href":"https:\/\/www.pricetornado.com\/da\/wp-json\/wp\/v2\/media?parent=449582"}],"wp:term":[{"taxonomy":"store","embeddable":true,"href":"https:\/\/www.pricetornado.com\/da\/wp-json\/wp\/v2\/store?post=449582"},{"taxonomy":"product_brand","embeddable":true,"href":"https:\/\/www.pricetornado.com\/da\/wp-json\/wp\/v2\/product_brand?post=449582"},{"taxonomy":"product_cat","embeddable":true,"href":"https:\/\/www.pricetornado.com\/da\/wp-json\/wp\/v2\/product_cat?post=449582"},{"taxonomy":"product_tag","embeddable":true,"href":"https:\/\/www.pricetornado.com\/da\/wp-json\/wp\/v2\/product_tag?post=449582"}],"curies":[{"name":"wp","href":"https:\/\/api.w.org\/{rel}","templated":true}]}}