{"id":449572,"date":"2025-02-26T02:34:44","date_gmt":"2025-02-26T01:34:44","guid":{"rendered":"https:\/\/www.pricetornado.com\/da\/produkt\/nedis-usb-c-adapter-usb-3-2-gen-1-usb-c-han-dvi-d-241-pins-hun-1080p-0-20-m-runde-nikkelplateret-pvc-sort-konvolut-ccgp64552bk02\/"},"modified":"2026-04-29T01:24:45","modified_gmt":"2026-04-28T23:24:45","slug":"nedis-usb-c-adapter-usb-3-2-gen-1-usb-c-han-dvi-d-241-pins-hun-1080p-0-20-m-runde-nikkelplateret-pvc-sort-konvolut-ccgp64552bk02","status":"publish","type":"product","link":"https:\/\/www.pricetornado.com\/da\/produkt\/nedis-usb-c-adapter-usb-3-2-gen-1-usb-c-han-dvi-d-241-pins-hun-1080p-0-20-m-runde-nikkelplateret-pvc-sort-konvolut-ccgp64552bk02\/","title":{"rendered":"Nedis &#8211; USB-C\u2122 Adapter | USB 3.2 Gen 1 | USB-C\u2122 Han | DVI-D 24+1-Pins Hun | 1080p | 0.20 m | Runde | Nikkelplateret | PVC | Sort | Konvolut &#8211; CCGP64552BK02"},"content":{"rendered":"<p>K\u00f8b billig Nedis &#8211; USB-C\u2122 Adapter | USB 3.2 Gen 1 | USB-C\u2122 Han | DVI-D 24+1-Pins Hun | 1080p | 0.20 m | Runde | Nikkelplateret | PVC | Sort | Konvolut &#8211; CCGP64552BK02!<br \/>\nOmdan en USB-C-port til en DVI-port med denne USB 3.2 Gen 1-adapter. Det g\u00f8r det muligt for dig at se film og billeder p\u00e5 en stor sk\u00e6rm.<\/p>\n<p>Sammenlign priser p\u00e5 Nedis &#8211; USB-C\u2122 Adapter | USB 3.2 Gen 1 | USB-C\u2122 Han | DVI-D 24+1-Pins Hun | 1080p | 0.20 m | Runde | Nikkelplateret | PVC | Sort | Konvolut &#8211; CCGP64552BK02 og k\u00f8b online til den billigste pris, samt p\u00e5 tilbud!\u00a0\u00a0Tjek den bedste pris, produkt beskrivelse, video, test, anmeldelser osv.<\/p>\n<p><strong>Brand: <\/strong>Nedis<br \/>\n<strong>EAN: <\/strong>5412810331215<br \/>\n<strong>Producentens varenr.:<\/strong> 5412810331215<\/p>\n<p><strong>P.S.<\/strong><br \/>\nTilmeld dig til &#8220;Opret Gratis Prisfald Alarm&#8221;, og bliv underrettet med det samme om prisfald p\u00e5 Nedis &#8211; USB-C\u2122 Adapter | USB 3.2 Gen 1 | USB-C\u2122 Han | DVI-D 24+1-Pins Hun | 1080p | 0.20 m | Runde | Nikkelplateret | PVC | Sort | Konvolut &#8211; CCGP64552BK02, og f\u00e5 den billigste pris!<\/p>\n<p>&nbsp;<\/p>\n<p>&nbsp;<\/p>\n","protected":false},"excerpt":{"rendered":"<p>K\u00f8b billig Nedis &#8211; USB-C\u2122 Adapter | USB 3.2 Gen 1 | USB-C\u2122 Han | DVI-D 24+1-Pins Hun | 1080p | 0.20 m | Runde | Nikkelplateret | PVC | Sort | Konvolut &#8211; CCGP64552BK02! Omdan en USB-C-port til en DVI-port med denne USB 3.2 Gen 1-adapter. Det g\u00f8r det muligt for dig at se [&hellip;]<\/p>\n","protected":false},"featured_media":0,"template":"","meta":[],"store":[1272516],"product_brand":[1272517],"product_cat":[1275232],"product_tag":[1275233,1275178],"class_list":{"0":"post-449572","1":"product","2":"type-product","3":"status-publish","5":"store-butik24","6":"product_brand-nedis","7":"product_cat-computer-og-netvaerk","8":"product_tag-computer-og-netvaerk","9":"product_tag-nedis","10":"pa_maerke-nedis","12":"first","13":"instock","14":"product-type-external"},"_links":{"self":[{"href":"https:\/\/www.pricetornado.com\/da\/wp-json\/wp\/v2\/product\/449572","targetHints":{"allow":["GET"]}}],"collection":[{"href":"https:\/\/www.pricetornado.com\/da\/wp-json\/wp\/v2\/product"}],"about":[{"href":"https:\/\/www.pricetornado.com\/da\/wp-json\/wp\/v2\/types\/product"}],"wp:attachment":[{"href":"https:\/\/www.pricetornado.com\/da\/wp-json\/wp\/v2\/media?parent=449572"}],"wp:term":[{"taxonomy":"store","embeddable":true,"href":"https:\/\/www.pricetornado.com\/da\/wp-json\/wp\/v2\/store?post=449572"},{"taxonomy":"product_brand","embeddable":true,"href":"https:\/\/www.pricetornado.com\/da\/wp-json\/wp\/v2\/product_brand?post=449572"},{"taxonomy":"product_cat","embeddable":true,"href":"https:\/\/www.pricetornado.com\/da\/wp-json\/wp\/v2\/product_cat?post=449572"},{"taxonomy":"product_tag","embeddable":true,"href":"https:\/\/www.pricetornado.com\/da\/wp-json\/wp\/v2\/product_tag?post=449572"}],"curies":[{"name":"wp","href":"https:\/\/api.w.org\/{rel}","templated":true}]}}